{"id":1274,"date":"2023-01-06T18:57:35","date_gmt":"2023-01-06T18:57:35","guid":{"rendered":"https:\/\/solie.eu\/wysylka\/"},"modified":"2025-03-25T10:56:52","modified_gmt":"2025-03-25T10:56:52","slug":"wysylka","status":"publish","type":"page","link":"https:\/\/solie.eu\/pl\/wysylka\/","title":{"rendered":"Wysy\u0142ka"},"content":{"rendered":"<div class=\"wpb-content-wrapper\"><p>[vc_row unlock_row_content=&#8221;yes&#8221; row_height_percent=&#8221;0&#8243; override_padding=&#8221;yes&#8221; h_padding=&#8221;3&#8243; top_padding=&#8221;3&#8243; bottom_padding=&#8221;3&#8243; overlay_alpha=&#8221;50&#8243; gutter_size=&#8221;3&#8243; column_width_percent=&#8221;100&#8243; shift_y=&#8221;0&#8243; z_index=&#8221;0&#8243; uncode_shortcode_id=&#8221;202755&#8243; shape_dividers=&#8221;&#8221;][vc_column width=&#8221;1\/1&#8243;][vc_custom_heading auto_text=&#8221;yes&#8221; text_color=&#8221;color-jevc&#8221; heading_semantic=&#8221;h3&#8243; text_font=&#8221;font-100068&#8243; text_size=&#8221;h3&#8243; text_weight=&#8221;400&#8243; text_italic=&#8221;yes&#8221; uncode_shortcode_id=&#8221;870284&#8243; text_color_type=&#8221;uncode-palette&#8221;]D\u0142ugi nag\u0142\u00f3wek zmienia odwiedzaj\u0105cych w u\u017cytkownik\u00f3w[\/vc_custom_heading][vc_column_text text_color=&#8221;color-jevc&#8221; uncode_shortcode_id=&#8221;116977&#8243; text_color_type=&#8221;uncode-palette&#8221;]<\/p>\n<p>Czas dostawy i op\u0142aty<\/p>\n<p>Nasza globalna standardowa wysy\u0142ka trwa oko\u0142o 7 dni przy u\u017cyciu zaufanych us\u0142ug kurierskich, takich jak DHL, UPS, FedEx i DPD.<\/p>\n<p>Ciesz si\u0119 bezp\u0142atn\u0105 wysy\u0142k\u0105 wszystkich zam\u00f3wie\u0144 na terenie Polski.<\/p>\n<p>W przypadku zam\u00f3wie\u0144 o \u0142\u0105cznej warto\u015bci 1000 EUR lub wi\u0119kszej oferujemy bezp\u0142atn\u0105 standardow\u0105 wysy\u0142k\u0119 na ca\u0142y \u015bwiat.<\/p>\n<p>Nale\u017cy pami\u0119ta\u0107, \u017ce nie dostarczamy przesy\u0142ek do skrytek pocztowych.<\/p>\n<p>Nale\u017cy pami\u0119ta\u0107, \u017ce koszt dostawy mo\u017ce si\u0119 r\u00f3\u017cni\u0107 w zale\u017cno\u015bci od wybranej waluty p\u0142atno\u015bci. Mo\u017cesz wy\u015bwietli\u0107 wszystkie dost\u0119pne opcje wysy\u0142ki dla swojego regionu podczas procesu p\u0142atno\u015bci.<\/p>\n<p>Po wys\u0142aniu zam\u00f3wienia otrzymasz wiadomo\u015b\u0107 e-mail z potwierdzeniem i numerem przesy\u0142ki, dzi\u0119ki czemu b\u0119dziesz m\u00f3g\u0142 monitorowa\u0107 drog\u0119 paczki na stronie internetowej przewo\u017anika. Je\u015bli masz dodatkowe pytania, nie wahaj si\u0119 skontaktowa\u0107 z naszym przewo\u017anikiem lub naszym dedykowanym zespo\u0142em obs\u0142ugi klienta; jeste\u015bmy tutaj, aby wspiera\u0107 Ci\u0119 na ka\u017cdym kroku.<\/p>\n<p>Zazwyczaj zam\u00f3wienia s\u0105 dostarczane w ci\u0105gu 2-4 dni roboczych od momentu otrzymania wiadomo\u015bci e-mail z potwierdzeniem wysy\u0142ki. Nale\u017cy jednak pami\u0119ta\u0107, \u017ce mog\u0105 wyst\u0105pi\u0107 op\u00f3\u017anienia zwi\u0105zane z autoryzacj\u0105 p\u0142atno\u015bci, dost\u0119pno\u015bci\u0105 produkt\u00f3w lub obs\u0142ug\u0105 celn\u0105. W szczytowych okresach sprzeda\u017cy zwi\u0119kszony wolumen zam\u00f3wie\u0144 mo\u017ce r\u00f3wnie\u017c prowadzi\u0107 do wyd\u0142u\u017cenia czasu dostawy. Zapewniamy, \u017ce dok\u0142adamy wszelkich stara\u0144, aby Twoje zam\u00f3wienie dotar\u0142o do Ciebie tak szybko, jak to mo\u017cliwe.<\/p>\n<p>Nale\u017cy pami\u0119ta\u0107, \u017ce po z\u0142o\u017ceniu zam\u00f3wienia nie mo\u017cna go zmodyfikowa\u0107.<\/p>\n<p>Podatki i c\u0142a<\/p>\n<p>Nale\u017cy pami\u0119ta\u0107, \u017ce c\u0142a nie s\u0105 wliczone w cen\u0119 w przypadku zam\u00f3wie\u0144 spoza UE. Mo\u017cesz przejrze\u0107 wszystkie dost\u0119pne opcje wysy\u0142ki dla swojego regionu podczas procesu p\u0142atno\u015bci.<\/p>\n<p>W przypadku zam\u00f3wie\u0144 przekraczaj\u0105cych 2500 USD i przeznaczonych do Stan\u00f3w Zjednoczonych wymagany jest formalny proces odprawy celnej. W takich przypadkach DHL lub UPS mog\u0105 skontaktowa\u0107 si\u0119 z u\u017cytkownikiem w celu uzyskania federalnego numeru identyfikacji podatkowej lub numeru ubezpieczenia spo\u0142ecznego, aby u\u0142atwi\u0107 dostaw\u0119 do lokalizacji u\u017cytkownika. Jest to niezb\u0119dny krok w celu zapewnienia zgodno\u015bci z przepisami celnymi.<\/p>\n<p><span style=\"font-family: -apple-system, BlinkMacSystemFont, 'Segoe UI', Roboto, Oxygen-Sans, Ubuntu, Cantarell, 'Helvetica Neue', sans-serif;\">[\/vc_column_text][\/vc_column][\/vc_row]<\/span><\/p>\n<\/div>","protected":false},"excerpt":{"rendered":"<p>[vc_row unlock_row_content=&#8221;yes&#8221; row_height_percent=&#8221;0&#8243; override_padding=&#8221;yes&#8221; h_padding=&#8221;3&#8243; top_padding=&#8221;3&#8243; bottom_padding=&#8221;3&#8243; overlay_alpha=&#8221;50&#8243; gutter_size=&#8221;3&#8243; column_width_percent=&#8221;100&#8243; shift_y=&#8221;0&#8243; z_index=&#8221;0&#8243; uncode_shortcode_id=&#8221;202755&#8243; shape_dividers=&#8221;&#8221;][vc_column width=&#8221;1\/1&#8243;][vc_custom_heading auto_text=&#8221;yes&#8221; text_color=&#8221;color-jevc&#8221; heading_semantic=&#8221;h3&#8243; text_font=&#8221;font-100068&#8243; text_size=&#8221;h3&#8243; [&hellip;]<\/p>\n","protected":false},"author":2,"featured_media":0,"parent":0,"menu_order":0,"comment_status":"closed","ping_status":"closed","template":"","meta":{"_acf_changed":false,"footnotes":""},"class_list":["post-1274","page","type-page","status-publish","hentry"],"acf":[],"yoast_head":"<!-- This site is optimized with the Yoast SEO plugin v23.5 - https:\/\/yoast.com\/wordpress\/plugins\/seo\/ -->\n<title>Wysy\u0142ka - Solie - Official<\/title>\n<meta name=\"robots\" content=\"index, follow, max-snippet:-1, max-image-preview:large, max-video-preview:-1\" \/>\n<link rel=\"canonical\" href=\"https:\/\/solie.eu\/pl\/wysylka\/\" \/>\n<meta property=\"og:locale\" content=\"pl_PL\" \/>\n<meta property=\"og:type\" content=\"article\" \/>\n<meta property=\"og:title\" content=\"Wysy\u0142ka - Solie - Official\" \/>\n<meta property=\"og:description\" content=\"[vc_row unlock_row_content=&#8221;yes&#8221; row_height_percent=&#8221;0&#8243; override_padding=&#8221;yes&#8221; h_padding=&#8221;3&#8243; top_padding=&#8221;3&#8243; bottom_padding=&#8221;3&#8243; overlay_alpha=&#8221;50&#8243; gutter_size=&#8221;3&#8243; column_width_percent=&#8221;100&#8243; shift_y=&#8221;0&#8243; z_index=&#8221;0&#8243; uncode_shortcode_id=&#8221;202755&#8243; shape_dividers=&#8221;&#8221;][vc_column width=&#8221;1\/1&#8243;][vc_custom_heading auto_text=&#8221;yes&#8221; text_color=&#8221;color-jevc&#8221; heading_semantic=&#8221;h3&#8243; text_font=&#8221;font-100068&#8243; text_size=&#8221;h3&#8243; [&hellip;]\" \/>\n<meta property=\"og:url\" content=\"https:\/\/solie.eu\/pl\/wysylka\/\" \/>\n<meta property=\"og:site_name\" content=\"Solie - Official\" \/>\n<meta property=\"article:publisher\" content=\"https:\/\/www.facebook.com\/people\/Solie\/100076118386037\/\" \/>\n<meta property=\"article:modified_time\" content=\"2025-03-25T10:56:52+00:00\" \/>\n<meta property=\"og:image\" content=\"https:\/\/solie.eu\/wp-content\/uploads\/2023\/10\/IMG_3520-scaled.jpg\" \/>\n\t<meta property=\"og:image:width\" content=\"2560\" \/>\n\t<meta property=\"og:image:height\" content=\"1707\" \/>\n\t<meta property=\"og:image:type\" content=\"image\/jpeg\" \/>\n<meta name=\"twitter:card\" content=\"summary_large_image\" \/>\n<meta name=\"twitter:label1\" content=\"Szacowany czas czytania\" \/>\n\t<meta name=\"twitter:data1\" content=\"2 minuty\" \/>\n<script type=\"application\/ld+json\" class=\"yoast-schema-graph\">{\"@context\":\"https:\/\/schema.org\",\"@graph\":[{\"@type\":\"WebPage\",\"@id\":\"https:\/\/solie.eu\/pl\/wysylka\/\",\"url\":\"https:\/\/solie.eu\/pl\/wysylka\/\",\"name\":\"Wysy\u0142ka - Solie - Official\",\"isPartOf\":{\"@id\":\"https:\/\/solie.eu\/pl\/#website\"},\"datePublished\":\"2023-01-06T18:57:35+00:00\",\"dateModified\":\"2025-03-25T10:56:52+00:00\",\"breadcrumb\":{\"@id\":\"https:\/\/solie.eu\/pl\/wysylka\/#breadcrumb\"},\"inLanguage\":\"pl-PL\",\"potentialAction\":[{\"@type\":\"ReadAction\",\"target\":[\"https:\/\/solie.eu\/pl\/wysylka\/\"]}]},{\"@type\":\"BreadcrumbList\",\"@id\":\"https:\/\/solie.eu\/pl\/wysylka\/#breadcrumb\",\"itemListElement\":[{\"@type\":\"ListItem\",\"position\":1,\"name\":\"Home\",\"item\":\"https:\/\/solie.eu\/pl\/\"},{\"@type\":\"ListItem\",\"position\":2,\"name\":\"Wysy\u0142ka\"}]},{\"@type\":\"WebSite\",\"@id\":\"https:\/\/solie.eu\/pl\/#website\",\"url\":\"https:\/\/solie.eu\/pl\/\",\"name\":\"Solie - Official\",\"description\":\"\",\"publisher\":{\"@id\":\"https:\/\/solie.eu\/pl\/#organization\"},\"potentialAction\":[{\"@type\":\"SearchAction\",\"target\":{\"@type\":\"EntryPoint\",\"urlTemplate\":\"https:\/\/solie.eu\/pl\/?s={search_term_string}\"},\"query-input\":{\"@type\":\"PropertyValueSpecification\",\"valueRequired\":true,\"valueName\":\"search_term_string\"}}],\"inLanguage\":\"pl-PL\"},{\"@type\":\"Organization\",\"@id\":\"https:\/\/solie.eu\/pl\/#organization\",\"name\":\"Solie - Official\",\"url\":\"https:\/\/solie.eu\/pl\/\",\"logo\":{\"@type\":\"ImageObject\",\"inLanguage\":\"pl-PL\",\"@id\":\"https:\/\/solie.eu\/pl\/#\/schema\/logo\/image\/\",\"url\":\"https:\/\/solie.eu\/wp-content\/uploads\/2023\/10\/IMG_3484-scaled.jpg\",\"contentUrl\":\"https:\/\/solie.eu\/wp-content\/uploads\/2023\/10\/IMG_3484-scaled.jpg\",\"width\":2560,\"height\":1707,\"caption\":\"Solie - Official\"},\"image\":{\"@id\":\"https:\/\/solie.eu\/pl\/#\/schema\/logo\/image\/\"},\"sameAs\":[\"https:\/\/www.facebook.com\/people\/Solie\/100076118386037\/\",\"https:\/\/www.instagram.com\/solie_official\/\"]}]}<\/script>\n<!-- \/ Yoast SEO plugin. -->","yoast_head_json":{"title":"Wysy\u0142ka - Solie - Official","robots":{"index":"index","follow":"follow","max-snippet":"max-snippet:-1","max-image-preview":"max-image-preview:large","max-video-preview":"max-video-preview:-1"},"canonical":"https:\/\/solie.eu\/pl\/wysylka\/","og_locale":"pl_PL","og_type":"article","og_title":"Wysy\u0142ka - Solie - Official","og_description":"[vc_row unlock_row_content=&#8221;yes&#8221; row_height_percent=&#8221;0&#8243; override_padding=&#8221;yes&#8221; h_padding=&#8221;3&#8243; top_padding=&#8221;3&#8243; bottom_padding=&#8221;3&#8243; overlay_alpha=&#8221;50&#8243; gutter_size=&#8221;3&#8243; column_width_percent=&#8221;100&#8243; shift_y=&#8221;0&#8243; z_index=&#8221;0&#8243; uncode_shortcode_id=&#8221;202755&#8243; shape_dividers=&#8221;&#8221;][vc_column width=&#8221;1\/1&#8243;][vc_custom_heading auto_text=&#8221;yes&#8221; text_color=&#8221;color-jevc&#8221; heading_semantic=&#8221;h3&#8243; text_font=&#8221;font-100068&#8243; text_size=&#8221;h3&#8243; [&hellip;]","og_url":"https:\/\/solie.eu\/pl\/wysylka\/","og_site_name":"Solie - Official","article_publisher":"https:\/\/www.facebook.com\/people\/Solie\/100076118386037\/","article_modified_time":"2025-03-25T10:56:52+00:00","og_image":[{"width":2560,"height":1707,"url":"https:\/\/solie.eu\/wp-content\/uploads\/2023\/10\/IMG_3520-scaled.jpg","type":"image\/jpeg"}],"twitter_card":"summary_large_image","twitter_misc":{"Szacowany czas czytania":"2 minuty"},"schema":{"@context":"https:\/\/schema.org","@graph":[{"@type":"WebPage","@id":"https:\/\/solie.eu\/pl\/wysylka\/","url":"https:\/\/solie.eu\/pl\/wysylka\/","name":"Wysy\u0142ka - Solie - Official","isPartOf":{"@id":"https:\/\/solie.eu\/pl\/#website"},"datePublished":"2023-01-06T18:57:35+00:00","dateModified":"2025-03-25T10:56:52+00:00","breadcrumb":{"@id":"https:\/\/solie.eu\/pl\/wysylka\/#breadcrumb"},"inLanguage":"pl-PL","potentialAction":[{"@type":"ReadAction","target":["https:\/\/solie.eu\/pl\/wysylka\/"]}]},{"@type":"BreadcrumbList","@id":"https:\/\/solie.eu\/pl\/wysylka\/#breadcrumb","itemListElement":[{"@type":"ListItem","position":1,"name":"Home","item":"https:\/\/solie.eu\/pl\/"},{"@type":"ListItem","position":2,"name":"Wysy\u0142ka"}]},{"@type":"WebSite","@id":"https:\/\/solie.eu\/pl\/#website","url":"https:\/\/solie.eu\/pl\/","name":"Solie - Official","description":"","publisher":{"@id":"https:\/\/solie.eu\/pl\/#organization"},"potentialAction":[{"@type":"SearchAction","target":{"@type":"EntryPoint","urlTemplate":"https:\/\/solie.eu\/pl\/?s={search_term_string}"},"query-input":{"@type":"PropertyValueSpecification","valueRequired":true,"valueName":"search_term_string"}}],"inLanguage":"pl-PL"},{"@type":"Organization","@id":"https:\/\/solie.eu\/pl\/#organization","name":"Solie - Official","url":"https:\/\/solie.eu\/pl\/","logo":{"@type":"ImageObject","inLanguage":"pl-PL","@id":"https:\/\/solie.eu\/pl\/#\/schema\/logo\/image\/","url":"https:\/\/solie.eu\/wp-content\/uploads\/2023\/10\/IMG_3484-scaled.jpg","contentUrl":"https:\/\/solie.eu\/wp-content\/uploads\/2023\/10\/IMG_3484-scaled.jpg","width":2560,"height":1707,"caption":"Solie - Official"},"image":{"@id":"https:\/\/solie.eu\/pl\/#\/schema\/logo\/image\/"},"sameAs":["https:\/\/www.facebook.com\/people\/Solie\/100076118386037\/","https:\/\/www.instagram.com\/solie_official\/"]}]}},"_links":{"self":[{"href":"https:\/\/solie.eu\/pl\/wp-json\/wp\/v2\/pages\/1274","targetHints":{"allow":["GET"]}}],"collection":[{"href":"https:\/\/solie.eu\/pl\/wp-json\/wp\/v2\/pages"}],"about":[{"href":"https:\/\/solie.eu\/pl\/wp-json\/wp\/v2\/types\/page"}],"author":[{"embeddable":true,"href":"https:\/\/solie.eu\/pl\/wp-json\/wp\/v2\/users\/2"}],"replies":[{"embeddable":true,"href":"https:\/\/solie.eu\/pl\/wp-json\/wp\/v2\/comments?post=1274"}],"version-history":[{"count":3,"href":"https:\/\/solie.eu\/pl\/wp-json\/wp\/v2\/pages\/1274\/revisions"}],"predecessor-version":[{"id":1279,"href":"https:\/\/solie.eu\/pl\/wp-json\/wp\/v2\/pages\/1274\/revisions\/1279"}],"wp:attachment":[{"href":"https:\/\/solie.eu\/pl\/wp-json\/wp\/v2\/media?parent=1274"}],"curies":[{"name":"wp","href":"https:\/\/api.w.org\/{rel}","templated":true}]}}