{"id":1275,"date":"2023-01-06T19:07:51","date_gmt":"2023-01-06T19:07:51","guid":{"rendered":"https:\/\/solie.eu\/kontakt\/"},"modified":"2024-09-09T09:38:42","modified_gmt":"2024-09-09T09:38:42","slug":"kontakt","status":"publish","type":"page","link":"https:\/\/solie.eu\/pl\/kontakt\/","title":{"rendered":"Kontakt"},"content":{"rendered":"<div class=\"wpb-content-wrapper\"><p>[vc_row unlock_row_content=&#8221;yes&#8221; row_height_percent=&#8221;100&#8243; override_padding=&#8221;yes&#8221; h_padding=&#8221;0&#8243; top_padding=&#8221;0&#8243; bottom_padding=&#8221;0&#8243; back_color=&#8221;color-425352&#8243; overlay_alpha=&#8221;50&#8243; equal_height=&#8221;yes&#8221; gutter_size=&#8221;3&#8243; column_width_percent=&#8221;100&#8243; shift_y=&#8221;0&#8243; z_index=&#8221;0&#8243; mobile_visibility=&#8221;yes&#8221; auto_height_device=&#8221;yes&#8221; uncode_shortcode_id=&#8221;188235&#8243; back_color_type=&#8221;uncode-palette&#8221;][vc_column column_width_percent=&#8221;100&#8243; gutter_size=&#8221;3&#8243; expand_height=&#8221;yes&#8221; style=&#8221;dark&#8221; overlay_alpha=&#8221;50&#8243; shift_x=&#8221;0&#8243; shift_y=&#8221;0&#8243; shift_y_down=&#8221;0&#8243; z_index=&#8221;0&#8243; medium_width=&#8221;0&#8243; mobile_width=&#8221;0&#8243; width=&#8221;1\/1&#8243; uncode_shortcode_id=&#8221;907713&#8243; mobile_height=&#8221;500&#8243;][vc_row_inner row_inner_height_percent=&#8221;0&#8243; overlay_alpha=&#8221;50&#8243; equal_height=&#8221;yes&#8221; gutter_size=&#8221;0&#8243; shift_y=&#8221;0&#8243; z_index=&#8221;0&#8243; limit_content=&#8221;&#8221; uncode_shortcode_id=&#8221;675571&#8243;][vc_column_inner column_width_percent=&#8221;65&#8243; position_vertical=&#8221;middle&#8221; gutter_size=&#8221;3&#8243; override_padding=&#8221;yes&#8221; column_padding=&#8221;1&#8243; overlay_alpha=&#8221;50&#8243; shift_x=&#8221;0&#8243; shift_y=&#8221;0&#8243; shift_y_down=&#8221;0&#8243; z_index=&#8221;0&#8243; medium_width=&#8221;0&#8243; mobile_width=&#8221;0&#8243; width=&#8221;1\/2&#8243; uncode_shortcode_id=&#8221;840682&#8243;][vc_custom_heading auto_text=&#8221;yes&#8221; text_color=&#8221;color-jevc&#8221; heading_semantic=&#8221;h3&#8243; text_font=&#8221;font-100068&#8243; text_size=&#8221;h3&#8243; text_weight=&#8221;400&#8243; text_italic=&#8221;yes&#8221; text_align=&#8221;text-left&#8221; uncode_shortcode_id=&#8221;190895&#8243; text_color_type=&#8221;uncode-palette&#8221;]Kr\u00f3tki nag\u0142\u00f3wek[\/vc_custom_heading][vc_column_text text_color=&#8221;color-jevc&#8221; uncode_shortcode_id=&#8221;899524&#8243; text_color_type=&#8221;uncode-palette&#8221;]OBS\u0141UGA KLIENTA<\/p>\n<p>W przypadku pyta\u0144 dotycz\u0105cych strony internetowej, zam\u00f3wienia, wysy\u0142ki lub zwrot\u00f3w:<\/p>\n<p>E-mail: contact@solie.eu<\/p>\n<p>Telefon kom\u00f3rkowy: + 48 517 294 607[\/vc_column_text][\/vc_column_inner][vc_column_inner column_width_use_pixel=&#8221;yes&#8221; gutter_size=&#8221;3&#8243; expand_height=&#8221;yes&#8221; back_color=&#8221;color-wayh&#8221; back_image=&#8221;238&#8243; back_repeat=&#8221;no-repeat&#8221; back_position=&#8221;center center&#8221; overlay_alpha=&#8221;50&#8243; shift_x=&#8221;0&#8243; shift_y=&#8221;0&#8243; shift_y_down=&#8221;0&#8243; z_index=&#8221;0&#8243; medium_width=&#8221;0&#8243; mobile_width=&#8221;0&#8243; width=&#8221;1\/2&#8243; mobile_height=&#8221;600&#8243; uncode_shortcode_id=&#8221;116044&#8243; back_color_type=&#8221;uncode-palette&#8221; back_size=&#8221;cover&#8221;][\/vc_column_inner][\/vc_row_inner][\/vc_column][\/vc_row][vc_row unlock_row_content=&#8221;yes&#8221; row_height_percent=&#8221;0&#8243; override_padding=&#8221;yes&#8221; h_padding=&#8221;2&#8243; top_padding=&#8221;5&#8243; bottom_padding=&#8221;5&#8243; overlay_alpha=&#8221;50&#8243; gutter_size=&#8221;4&#8243; column_width_use_pixel=&#8221;yes&#8221; shift_y=&#8221;0&#8243; z_index=&#8221;0&#8243; desktop_visibility=&#8221;yes&#8221; medium_visibility=&#8221;yes&#8221; el_class=&#8221;inverted-device-order&#8221; column_width_pixel=&#8221;1600&#8243; uncode_shortcode_id=&#8221;157076&#8243;][vc_column column_width_percent=&#8221;100&#8243; position_vertical=&#8221;middle&#8221; gutter_size=&#8221;3&#8243; overlay_alpha=&#8221;50&#8243; shift_x=&#8221;0&#8243; shift_y=&#8221;0&#8243; shift_y_down=&#8221;0&#8243; z_index=&#8221;0&#8243; medium_width=&#8221;0&#8243; mobile_width=&#8221;0&#8243; width=&#8221;5\/12&#8243;][vc_custom_heading auto_text=&#8221;yes&#8221; text_color=&#8221;color-jevc&#8221; heading_semantic=&#8221;h3&#8243; text_font=&#8221;font-100068&#8243; text_size=&#8221;h3&#8243; text_weight=&#8221;400&#8243; text_italic=&#8221;yes&#8221; uncode_shortcode_id=&#8221;200849&#8243; text_color_type=&#8221;uncode-palette&#8221;]O nas[\/vc_custom_heading][vc_column_text text_color=&#8221;color-jevc&#8221; uncode_shortcode_id=&#8221;124963&#8243; text_color_type=&#8221;uncode-palette&#8221;]OBS\u0141UGA KLIENTA<\/p>\n<p>W przypadku pyta\u0144 dotycz\u0105cych strony internetowej, zam\u00f3wienia, wysy\u0142ki lub zwrot\u00f3w:<\/p>\n<p>E-mail: contact@solie.eu<\/p>\n<p>Telefon kom\u00f3rkowy: + 48 517 294 607[\/vc_column_text][\/vc_column][vc_column width=&#8221;7\/12&#8243;][vc_single_image media=&#8221;1185&#8243; media_width_percent=&#8221;100&#8243; media_ratio=&#8221;one-one&#8221; alignment=&#8221;center&#8221; uncode_shortcode_id=&#8221;719042&#8243;][\/vc_column][\/vc_row]<\/p>\n<\/div>","protected":false},"excerpt":{"rendered":"<p>[vc_row unlock_row_content=&#8221;yes&#8221; row_height_percent=&#8221;100&#8243; override_padding=&#8221;yes&#8221; h_padding=&#8221;0&#8243; top_padding=&#8221;0&#8243; bottom_padding=&#8221;0&#8243; back_color=&#8221;color-425352&#8243; overlay_alpha=&#8221;50&#8243; equal_height=&#8221;yes&#8221; gutter_size=&#8221;3&#8243; column_width_percent=&#8221;100&#8243; shift_y=&#8221;0&#8243; z_index=&#8221;0&#8243; mobile_visibility=&#8221;yes&#8221; auto_height_device=&#8221;yes&#8221; uncode_shortcode_id=&#8221;188235&#8243; back_color_type=&#8221;uncode-palette&#8221;][vc_column column_width_percent=&#8221;100&#8243; gutter_size=&#8221;3&#8243; [&hellip;]<\/p>\n","protected":false},"author":2,"featured_media":0,"parent":0,"menu_order":0,"comment_status":"closed","ping_status":"closed","template":"","meta":{"_acf_changed":false,"footnotes":""},"class_list":["post-1275","page","type-page","status-publish","hentry"],"acf":[],"yoast_head":"<!-- This site is optimized with the Yoast SEO plugin v23.5 - https:\/\/yoast.com\/wordpress\/plugins\/seo\/ -->\n<title>Kontakt - Solie - Official<\/title>\n<meta name=\"robots\" content=\"index, follow, max-snippet:-1, max-image-preview:large, max-video-preview:-1\" \/>\n<link rel=\"canonical\" href=\"https:\/\/solie.eu\/pl\/kontakt\/\" \/>\n<meta property=\"og:locale\" content=\"pl_PL\" \/>\n<meta property=\"og:type\" content=\"article\" \/>\n<meta property=\"og:title\" content=\"Kontakt - Solie - Official\" \/>\n<meta property=\"og:description\" content=\"[vc_row unlock_row_content=&#8221;yes&#8221; row_height_percent=&#8221;100&#8243; override_padding=&#8221;yes&#8221; h_padding=&#8221;0&#8243; top_padding=&#8221;0&#8243; bottom_padding=&#8221;0&#8243; back_color=&#8221;color-425352&#8243; overlay_alpha=&#8221;50&#8243; equal_height=&#8221;yes&#8221; gutter_size=&#8221;3&#8243; column_width_percent=&#8221;100&#8243; shift_y=&#8221;0&#8243; z_index=&#8221;0&#8243; mobile_visibility=&#8221;yes&#8221; auto_height_device=&#8221;yes&#8221; uncode_shortcode_id=&#8221;188235&#8243; back_color_type=&#8221;uncode-palette&#8221;][vc_column column_width_percent=&#8221;100&#8243; gutter_size=&#8221;3&#8243; [&hellip;]\" \/>\n<meta property=\"og:url\" content=\"https:\/\/solie.eu\/pl\/kontakt\/\" \/>\n<meta property=\"og:site_name\" content=\"Solie - Official\" \/>\n<meta property=\"article:publisher\" content=\"https:\/\/www.facebook.com\/people\/Solie\/100076118386037\/\" \/>\n<meta property=\"article:modified_time\" content=\"2024-09-09T09:38:42+00:00\" \/>\n<meta property=\"og:image\" content=\"https:\/\/solie.eu\/wp-content\/uploads\/2023\/10\/IMG_3520-scaled.jpg\" \/>\n\t<meta property=\"og:image:width\" content=\"2560\" \/>\n\t<meta property=\"og:image:height\" content=\"1707\" \/>\n\t<meta property=\"og:image:type\" content=\"image\/jpeg\" \/>\n<meta name=\"twitter:card\" content=\"summary_large_image\" \/>\n<meta name=\"twitter:label1\" content=\"Szacowany czas czytania\" \/>\n\t<meta name=\"twitter:data1\" content=\"2 minuty\" \/>\n<script type=\"application\/ld+json\" class=\"yoast-schema-graph\">{\"@context\":\"https:\/\/schema.org\",\"@graph\":[{\"@type\":\"WebPage\",\"@id\":\"https:\/\/solie.eu\/pl\/kontakt\/\",\"url\":\"https:\/\/solie.eu\/pl\/kontakt\/\",\"name\":\"Kontakt - Solie - Official\",\"isPartOf\":{\"@id\":\"https:\/\/solie.eu\/pl\/#website\"},\"datePublished\":\"2023-01-06T19:07:51+00:00\",\"dateModified\":\"2024-09-09T09:38:42+00:00\",\"breadcrumb\":{\"@id\":\"https:\/\/solie.eu\/pl\/kontakt\/#breadcrumb\"},\"inLanguage\":\"pl-PL\",\"potentialAction\":[{\"@type\":\"ReadAction\",\"target\":[\"https:\/\/solie.eu\/pl\/kontakt\/\"]}]},{\"@type\":\"BreadcrumbList\",\"@id\":\"https:\/\/solie.eu\/pl\/kontakt\/#breadcrumb\",\"itemListElement\":[{\"@type\":\"ListItem\",\"position\":1,\"name\":\"Home\",\"item\":\"https:\/\/solie.eu\/pl\/\"},{\"@type\":\"ListItem\",\"position\":2,\"name\":\"Kontakt\"}]},{\"@type\":\"WebSite\",\"@id\":\"https:\/\/solie.eu\/pl\/#website\",\"url\":\"https:\/\/solie.eu\/pl\/\",\"name\":\"Solie - Official\",\"description\":\"\",\"publisher\":{\"@id\":\"https:\/\/solie.eu\/pl\/#organization\"},\"potentialAction\":[{\"@type\":\"SearchAction\",\"target\":{\"@type\":\"EntryPoint\",\"urlTemplate\":\"https:\/\/solie.eu\/pl\/?s={search_term_string}\"},\"query-input\":{\"@type\":\"PropertyValueSpecification\",\"valueRequired\":true,\"valueName\":\"search_term_string\"}}],\"inLanguage\":\"pl-PL\"},{\"@type\":\"Organization\",\"@id\":\"https:\/\/solie.eu\/pl\/#organization\",\"name\":\"Solie - Official\",\"url\":\"https:\/\/solie.eu\/pl\/\",\"logo\":{\"@type\":\"ImageObject\",\"inLanguage\":\"pl-PL\",\"@id\":\"https:\/\/solie.eu\/pl\/#\/schema\/logo\/image\/\",\"url\":\"https:\/\/solie.eu\/wp-content\/uploads\/2023\/10\/IMG_3484-scaled.jpg\",\"contentUrl\":\"https:\/\/solie.eu\/wp-content\/uploads\/2023\/10\/IMG_3484-scaled.jpg\",\"width\":2560,\"height\":1707,\"caption\":\"Solie - Official\"},\"image\":{\"@id\":\"https:\/\/solie.eu\/pl\/#\/schema\/logo\/image\/\"},\"sameAs\":[\"https:\/\/www.facebook.com\/people\/Solie\/100076118386037\/\",\"https:\/\/www.instagram.com\/solie_official\/\"]}]}<\/script>\n<!-- \/ Yoast SEO plugin. -->","yoast_head_json":{"title":"Kontakt - Solie - Official","robots":{"index":"index","follow":"follow","max-snippet":"max-snippet:-1","max-image-preview":"max-image-preview:large","max-video-preview":"max-video-preview:-1"},"canonical":"https:\/\/solie.eu\/pl\/kontakt\/","og_locale":"pl_PL","og_type":"article","og_title":"Kontakt - Solie - Official","og_description":"[vc_row unlock_row_content=&#8221;yes&#8221; row_height_percent=&#8221;100&#8243; override_padding=&#8221;yes&#8221; h_padding=&#8221;0&#8243; top_padding=&#8221;0&#8243; bottom_padding=&#8221;0&#8243; back_color=&#8221;color-425352&#8243; overlay_alpha=&#8221;50&#8243; equal_height=&#8221;yes&#8221; gutter_size=&#8221;3&#8243; column_width_percent=&#8221;100&#8243; shift_y=&#8221;0&#8243; z_index=&#8221;0&#8243; mobile_visibility=&#8221;yes&#8221; auto_height_device=&#8221;yes&#8221; uncode_shortcode_id=&#8221;188235&#8243; back_color_type=&#8221;uncode-palette&#8221;][vc_column column_width_percent=&#8221;100&#8243; gutter_size=&#8221;3&#8243; [&hellip;]","og_url":"https:\/\/solie.eu\/pl\/kontakt\/","og_site_name":"Solie - Official","article_publisher":"https:\/\/www.facebook.com\/people\/Solie\/100076118386037\/","article_modified_time":"2024-09-09T09:38:42+00:00","og_image":[{"width":2560,"height":1707,"url":"https:\/\/solie.eu\/wp-content\/uploads\/2023\/10\/IMG_3520-scaled.jpg","type":"image\/jpeg"}],"twitter_card":"summary_large_image","twitter_misc":{"Szacowany czas czytania":"2 minuty"},"schema":{"@context":"https:\/\/schema.org","@graph":[{"@type":"WebPage","@id":"https:\/\/solie.eu\/pl\/kontakt\/","url":"https:\/\/solie.eu\/pl\/kontakt\/","name":"Kontakt - Solie - Official","isPartOf":{"@id":"https:\/\/solie.eu\/pl\/#website"},"datePublished":"2023-01-06T19:07:51+00:00","dateModified":"2024-09-09T09:38:42+00:00","breadcrumb":{"@id":"https:\/\/solie.eu\/pl\/kontakt\/#breadcrumb"},"inLanguage":"pl-PL","potentialAction":[{"@type":"ReadAction","target":["https:\/\/solie.eu\/pl\/kontakt\/"]}]},{"@type":"BreadcrumbList","@id":"https:\/\/solie.eu\/pl\/kontakt\/#breadcrumb","itemListElement":[{"@type":"ListItem","position":1,"name":"Home","item":"https:\/\/solie.eu\/pl\/"},{"@type":"ListItem","position":2,"name":"Kontakt"}]},{"@type":"WebSite","@id":"https:\/\/solie.eu\/pl\/#website","url":"https:\/\/solie.eu\/pl\/","name":"Solie - Official","description":"","publisher":{"@id":"https:\/\/solie.eu\/pl\/#organization"},"potentialAction":[{"@type":"SearchAction","target":{"@type":"EntryPoint","urlTemplate":"https:\/\/solie.eu\/pl\/?s={search_term_string}"},"query-input":{"@type":"PropertyValueSpecification","valueRequired":true,"valueName":"search_term_string"}}],"inLanguage":"pl-PL"},{"@type":"Organization","@id":"https:\/\/solie.eu\/pl\/#organization","name":"Solie - Official","url":"https:\/\/solie.eu\/pl\/","logo":{"@type":"ImageObject","inLanguage":"pl-PL","@id":"https:\/\/solie.eu\/pl\/#\/schema\/logo\/image\/","url":"https:\/\/solie.eu\/wp-content\/uploads\/2023\/10\/IMG_3484-scaled.jpg","contentUrl":"https:\/\/solie.eu\/wp-content\/uploads\/2023\/10\/IMG_3484-scaled.jpg","width":2560,"height":1707,"caption":"Solie - Official"},"image":{"@id":"https:\/\/solie.eu\/pl\/#\/schema\/logo\/image\/"},"sameAs":["https:\/\/www.facebook.com\/people\/Solie\/100076118386037\/","https:\/\/www.instagram.com\/solie_official\/"]}]}},"_links":{"self":[{"href":"https:\/\/solie.eu\/pl\/wp-json\/wp\/v2\/pages\/1275","targetHints":{"allow":["GET"]}}],"collection":[{"href":"https:\/\/solie.eu\/pl\/wp-json\/wp\/v2\/pages"}],"about":[{"href":"https:\/\/solie.eu\/pl\/wp-json\/wp\/v2\/types\/page"}],"author":[{"embeddable":true,"href":"https:\/\/solie.eu\/pl\/wp-json\/wp\/v2\/users\/2"}],"replies":[{"embeddable":true,"href":"https:\/\/solie.eu\/pl\/wp-json\/wp\/v2\/comments?post=1275"}],"version-history":[{"count":4,"href":"https:\/\/solie.eu\/pl\/wp-json\/wp\/v2\/pages\/1275\/revisions"}],"predecessor-version":[{"id":2309,"href":"https:\/\/solie.eu\/pl\/wp-json\/wp\/v2\/pages\/1275\/revisions\/2309"}],"wp:attachment":[{"href":"https:\/\/solie.eu\/pl\/wp-json\/wp\/v2\/media?parent=1275"}],"curies":[{"name":"wp","href":"https:\/\/api.w.org\/{rel}","templated":true}]}}