{"id":1282,"date":"2023-01-06T19:16:21","date_gmt":"2023-01-06T19:16:21","guid":{"rendered":"https:\/\/solie.eu\/obsluga-klienta\/"},"modified":"2025-03-25T10:58:13","modified_gmt":"2025-03-25T10:58:13","slug":"obsluga-klienta","status":"publish","type":"page","link":"https:\/\/solie.eu\/pl\/obsluga-klienta\/","title":{"rendered":"Obs\u0142uga klienta"},"content":{"rendered":"<div class=\"wpb-content-wrapper\"><p>[vc_row unlock_row_content=&#8221;yes&#8221; row_height_percent=&#8221;0&#8243; override_padding=&#8221;yes&#8221; h_padding=&#8221;2&#8243; top_padding=&#8221;5&#8243; bottom_padding=&#8221;5&#8243; overlay_alpha=&#8221;50&#8243; gutter_size=&#8221;4&#8243; column_width_use_pixel=&#8221;yes&#8221; shift_y=&#8221;0&#8243; z_index=&#8221;0&#8243; el_class=&#8221;inverted-device-order&#8221; column_width_pixel=&#8221;1600&#8243;][vc_column width=&#8221;7\/12&#8243;][vc_single_image media=&#8221;637&#8243; media_width_percent=&#8221;100&#8243; media_ratio=&#8221;four-three&#8221; uncode_shortcode_id=&#8221;977008&#8243;][\/vc_column][vc_column column_width_percent=&#8221;100&#8243; position_vertical=&#8221;middle&#8221; gutter_size=&#8221;3&#8243; overlay_alpha=&#8221;50&#8243; shift_x=&#8221;0&#8243; shift_y=&#8221;0&#8243; shift_y_down=&#8221;0&#8243; z_index=&#8221;0&#8243; medium_width=&#8221;0&#8243; mobile_width=&#8221;0&#8243; width=&#8221;5\/12&#8243;][vc_custom_heading auto_text=&#8221;yes&#8221; text_color=&#8221;color-jevc&#8221; heading_semantic=&#8221;h3&#8243; text_font=&#8221;font-100068&#8243; text_size=&#8221;h3&#8243; text_weight=&#8221;400&#8243; text_italic=&#8221;yes&#8221; uncode_shortcode_id=&#8221;200849&#8243; text_color_type=&#8221;uncode-palette&#8221;]O nas[\/vc_custom_heading][vc_column_text text_color=&#8221;color-jevc&#8221; uncode_shortcode_id=&#8221;152917&#8243; text_color_type=&#8221;uncode-palette&#8221;]W Soli\u00e9 zadowolenie klienta jest naszym najwy\u017cszym priorytetem, a naszym celem jest zapewnienie wyj\u0105tkowej obs\u0142ugi klienta. Niezale\u017cnie od tego, czy masz pytania dotycz\u0105ce naszej strony internetowej, zam\u00f3wienia, wysy\u0142ki czy zwrot\u00f3w, nasz dedykowany zesp\u00f3\u0142 wsparcia jest tutaj, aby Ci pom\u00f3c.<\/p>\n<p><strong>Skontaktuj si\u0119 z nami:<\/strong><\/p>\n<p><strong>E-mail:<\/strong> W razie jakichkolwiek pyta\u0144 lub potrzeby uzyskania pomocy, prosimy o kontakt pod adresem <strong><br \/>\n<a href=\"mailto:contact@solie.eu\" target=\"_new\" rel=\"noopener\">contact@solie.eu<\/a><br \/>\n<\/strong>.<\/p>\n<p><strong>Telefon:<\/strong> Aby uzyska\u0107 natychmiastow\u0105 pomoc, mo\u017cna r\u00f3wnie\u017c skontaktowa\u0107 si\u0119 z nami telefonicznie pod numerem <strong>+48 517 294 607<\/strong>.<\/p>\n<p>Rozumiemy, \u017ce Twoje do\u015bwiadczenia z Soli\u00e9 wykraczaj\u0105 poza nasz\u0105 kolekcj\u0119 &#8211; obejmuj\u0105 one obs\u0142ug\u0119 i wsparcie, kt\u00f3re otrzymujesz. Nasz zesp\u00f3\u0142 dok\u0142ada wszelkich stara\u0144, aby podr\u00f3\u017c z nami by\u0142a p\u0142ynna i przyjemna. Je\u015bli masz jakie\u015b pytania, opinie lub pro\u015bby, skontaktuj si\u0119 z nami. Twoje zadowolenie jest naszym priorytetem i cieszymy si\u0119, \u017ce mo\u017cemy Ci pom\u00f3c w ka\u017cdy mo\u017cliwy spos\u00f3b.[\/vc_column_text][\/vc_column][\/vc_row]<\/p>\n<\/div>","protected":false},"excerpt":{"rendered":"<p>[vc_row unlock_row_content=&#8221;yes&#8221; row_height_percent=&#8221;0&#8243; override_padding=&#8221;yes&#8221; h_padding=&#8221;2&#8243; top_padding=&#8221;5&#8243; bottom_padding=&#8221;5&#8243; overlay_alpha=&#8221;50&#8243; gutter_size=&#8221;4&#8243; column_width_use_pixel=&#8221;yes&#8221; shift_y=&#8221;0&#8243; z_index=&#8221;0&#8243; el_class=&#8221;inverted-device-order&#8221; column_width_pixel=&#8221;1600&#8243;][vc_column width=&#8221;7\/12&#8243;][vc_single_image media=&#8221;637&#8243; media_width_percent=&#8221;100&#8243; media_ratio=&#8221;four-three&#8221; uncode_shortcode_id=&#8221;977008&#8243;][\/vc_column][vc_column column_width_percent=&#8221;100&#8243; [&hellip;]<\/p>\n","protected":false},"author":2,"featured_media":0,"parent":0,"menu_order":0,"comment_status":"closed","ping_status":"closed","template":"","meta":{"_acf_changed":false,"footnotes":""},"class_list":["post-1282","page","type-page","status-publish","hentry"],"acf":[],"yoast_head":"<!-- This site is optimized with the Yoast SEO plugin v23.5 - https:\/\/yoast.com\/wordpress\/plugins\/seo\/ -->\n<title>Obs\u0142uga klienta - Solie - Official<\/title>\n<meta name=\"robots\" content=\"index, follow, max-snippet:-1, max-image-preview:large, max-video-preview:-1\" \/>\n<link rel=\"canonical\" href=\"https:\/\/solie.eu\/pl\/obsluga-klienta\/\" \/>\n<meta property=\"og:locale\" content=\"pl_PL\" \/>\n<meta property=\"og:type\" content=\"article\" \/>\n<meta property=\"og:title\" content=\"Obs\u0142uga klienta - Solie - Official\" \/>\n<meta property=\"og:description\" content=\"[vc_row unlock_row_content=&#8221;yes&#8221; row_height_percent=&#8221;0&#8243; override_padding=&#8221;yes&#8221; h_padding=&#8221;2&#8243; top_padding=&#8221;5&#8243; bottom_padding=&#8221;5&#8243; overlay_alpha=&#8221;50&#8243; gutter_size=&#8221;4&#8243; column_width_use_pixel=&#8221;yes&#8221; shift_y=&#8221;0&#8243; z_index=&#8221;0&#8243; el_class=&#8221;inverted-device-order&#8221; column_width_pixel=&#8221;1600&#8243;][vc_column width=&#8221;7\/12&#8243;][vc_single_image media=&#8221;637&#8243; media_width_percent=&#8221;100&#8243; media_ratio=&#8221;four-three&#8221; uncode_shortcode_id=&#8221;977008&#8243;][\/vc_column][vc_column column_width_percent=&#8221;100&#8243; [&hellip;]\" \/>\n<meta property=\"og:url\" content=\"https:\/\/solie.eu\/pl\/obsluga-klienta\/\" \/>\n<meta property=\"og:site_name\" content=\"Solie - Official\" \/>\n<meta property=\"article:publisher\" content=\"https:\/\/www.facebook.com\/people\/Solie\/100076118386037\/\" \/>\n<meta property=\"article:modified_time\" content=\"2025-03-25T10:58:13+00:00\" \/>\n<meta property=\"og:image\" content=\"https:\/\/solie.eu\/wp-content\/uploads\/2023\/10\/IMG_3520-scaled.jpg\" \/>\n\t<meta property=\"og:image:width\" content=\"2560\" \/>\n\t<meta property=\"og:image:height\" content=\"1707\" \/>\n\t<meta property=\"og:image:type\" content=\"image\/jpeg\" \/>\n<meta name=\"twitter:card\" content=\"summary_large_image\" \/>\n<meta name=\"twitter:label1\" content=\"Szacowany czas czytania\" \/>\n\t<meta name=\"twitter:data1\" content=\"1 minuta\" \/>\n<script type=\"application\/ld+json\" class=\"yoast-schema-graph\">{\"@context\":\"https:\/\/schema.org\",\"@graph\":[{\"@type\":\"WebPage\",\"@id\":\"https:\/\/solie.eu\/pl\/obsluga-klienta\/\",\"url\":\"https:\/\/solie.eu\/pl\/obsluga-klienta\/\",\"name\":\"Obs\u0142uga klienta - Solie - Official\",\"isPartOf\":{\"@id\":\"https:\/\/solie.eu\/pl\/#website\"},\"datePublished\":\"2023-01-06T19:16:21+00:00\",\"dateModified\":\"2025-03-25T10:58:13+00:00\",\"breadcrumb\":{\"@id\":\"https:\/\/solie.eu\/pl\/obsluga-klienta\/#breadcrumb\"},\"inLanguage\":\"pl-PL\",\"potentialAction\":[{\"@type\":\"ReadAction\",\"target\":[\"https:\/\/solie.eu\/pl\/obsluga-klienta\/\"]}]},{\"@type\":\"BreadcrumbList\",\"@id\":\"https:\/\/solie.eu\/pl\/obsluga-klienta\/#breadcrumb\",\"itemListElement\":[{\"@type\":\"ListItem\",\"position\":1,\"name\":\"Home\",\"item\":\"https:\/\/solie.eu\/pl\/\"},{\"@type\":\"ListItem\",\"position\":2,\"name\":\"Obs\u0142uga klienta\"}]},{\"@type\":\"WebSite\",\"@id\":\"https:\/\/solie.eu\/pl\/#website\",\"url\":\"https:\/\/solie.eu\/pl\/\",\"name\":\"Solie - Official\",\"description\":\"\",\"publisher\":{\"@id\":\"https:\/\/solie.eu\/pl\/#organization\"},\"potentialAction\":[{\"@type\":\"SearchAction\",\"target\":{\"@type\":\"EntryPoint\",\"urlTemplate\":\"https:\/\/solie.eu\/pl\/?s={search_term_string}\"},\"query-input\":{\"@type\":\"PropertyValueSpecification\",\"valueRequired\":true,\"valueName\":\"search_term_string\"}}],\"inLanguage\":\"pl-PL\"},{\"@type\":\"Organization\",\"@id\":\"https:\/\/solie.eu\/pl\/#organization\",\"name\":\"Solie - Official\",\"url\":\"https:\/\/solie.eu\/pl\/\",\"logo\":{\"@type\":\"ImageObject\",\"inLanguage\":\"pl-PL\",\"@id\":\"https:\/\/solie.eu\/pl\/#\/schema\/logo\/image\/\",\"url\":\"https:\/\/solie.eu\/wp-content\/uploads\/2023\/10\/IMG_3484-scaled.jpg\",\"contentUrl\":\"https:\/\/solie.eu\/wp-content\/uploads\/2023\/10\/IMG_3484-scaled.jpg\",\"width\":2560,\"height\":1707,\"caption\":\"Solie - Official\"},\"image\":{\"@id\":\"https:\/\/solie.eu\/pl\/#\/schema\/logo\/image\/\"},\"sameAs\":[\"https:\/\/www.facebook.com\/people\/Solie\/100076118386037\/\",\"https:\/\/www.instagram.com\/solie_official\/\"]}]}<\/script>\n<!-- \/ Yoast SEO plugin. -->","yoast_head_json":{"title":"Obs\u0142uga klienta - Solie - Official","robots":{"index":"index","follow":"follow","max-snippet":"max-snippet:-1","max-image-preview":"max-image-preview:large","max-video-preview":"max-video-preview:-1"},"canonical":"https:\/\/solie.eu\/pl\/obsluga-klienta\/","og_locale":"pl_PL","og_type":"article","og_title":"Obs\u0142uga klienta - Solie - Official","og_description":"[vc_row unlock_row_content=&#8221;yes&#8221; row_height_percent=&#8221;0&#8243; override_padding=&#8221;yes&#8221; h_padding=&#8221;2&#8243; top_padding=&#8221;5&#8243; bottom_padding=&#8221;5&#8243; overlay_alpha=&#8221;50&#8243; gutter_size=&#8221;4&#8243; column_width_use_pixel=&#8221;yes&#8221; shift_y=&#8221;0&#8243; z_index=&#8221;0&#8243; el_class=&#8221;inverted-device-order&#8221; column_width_pixel=&#8221;1600&#8243;][vc_column width=&#8221;7\/12&#8243;][vc_single_image media=&#8221;637&#8243; media_width_percent=&#8221;100&#8243; media_ratio=&#8221;four-three&#8221; uncode_shortcode_id=&#8221;977008&#8243;][\/vc_column][vc_column column_width_percent=&#8221;100&#8243; [&hellip;]","og_url":"https:\/\/solie.eu\/pl\/obsluga-klienta\/","og_site_name":"Solie - Official","article_publisher":"https:\/\/www.facebook.com\/people\/Solie\/100076118386037\/","article_modified_time":"2025-03-25T10:58:13+00:00","og_image":[{"width":2560,"height":1707,"url":"https:\/\/solie.eu\/wp-content\/uploads\/2023\/10\/IMG_3520-scaled.jpg","type":"image\/jpeg"}],"twitter_card":"summary_large_image","twitter_misc":{"Szacowany czas czytania":"1 minuta"},"schema":{"@context":"https:\/\/schema.org","@graph":[{"@type":"WebPage","@id":"https:\/\/solie.eu\/pl\/obsluga-klienta\/","url":"https:\/\/solie.eu\/pl\/obsluga-klienta\/","name":"Obs\u0142uga klienta - Solie - Official","isPartOf":{"@id":"https:\/\/solie.eu\/pl\/#website"},"datePublished":"2023-01-06T19:16:21+00:00","dateModified":"2025-03-25T10:58:13+00:00","breadcrumb":{"@id":"https:\/\/solie.eu\/pl\/obsluga-klienta\/#breadcrumb"},"inLanguage":"pl-PL","potentialAction":[{"@type":"ReadAction","target":["https:\/\/solie.eu\/pl\/obsluga-klienta\/"]}]},{"@type":"BreadcrumbList","@id":"https:\/\/solie.eu\/pl\/obsluga-klienta\/#breadcrumb","itemListElement":[{"@type":"ListItem","position":1,"name":"Home","item":"https:\/\/solie.eu\/pl\/"},{"@type":"ListItem","position":2,"name":"Obs\u0142uga klienta"}]},{"@type":"WebSite","@id":"https:\/\/solie.eu\/pl\/#website","url":"https:\/\/solie.eu\/pl\/","name":"Solie - Official","description":"","publisher":{"@id":"https:\/\/solie.eu\/pl\/#organization"},"potentialAction":[{"@type":"SearchAction","target":{"@type":"EntryPoint","urlTemplate":"https:\/\/solie.eu\/pl\/?s={search_term_string}"},"query-input":{"@type":"PropertyValueSpecification","valueRequired":true,"valueName":"search_term_string"}}],"inLanguage":"pl-PL"},{"@type":"Organization","@id":"https:\/\/solie.eu\/pl\/#organization","name":"Solie - Official","url":"https:\/\/solie.eu\/pl\/","logo":{"@type":"ImageObject","inLanguage":"pl-PL","@id":"https:\/\/solie.eu\/pl\/#\/schema\/logo\/image\/","url":"https:\/\/solie.eu\/wp-content\/uploads\/2023\/10\/IMG_3484-scaled.jpg","contentUrl":"https:\/\/solie.eu\/wp-content\/uploads\/2023\/10\/IMG_3484-scaled.jpg","width":2560,"height":1707,"caption":"Solie - Official"},"image":{"@id":"https:\/\/solie.eu\/pl\/#\/schema\/logo\/image\/"},"sameAs":["https:\/\/www.facebook.com\/people\/Solie\/100076118386037\/","https:\/\/www.instagram.com\/solie_official\/"]}]}},"_links":{"self":[{"href":"https:\/\/solie.eu\/pl\/wp-json\/wp\/v2\/pages\/1282","targetHints":{"allow":["GET"]}}],"collection":[{"href":"https:\/\/solie.eu\/pl\/wp-json\/wp\/v2\/pages"}],"about":[{"href":"https:\/\/solie.eu\/pl\/wp-json\/wp\/v2\/types\/page"}],"author":[{"embeddable":true,"href":"https:\/\/solie.eu\/pl\/wp-json\/wp\/v2\/users\/2"}],"replies":[{"embeddable":true,"href":"https:\/\/solie.eu\/pl\/wp-json\/wp\/v2\/comments?post=1282"}],"version-history":[{"count":4,"href":"https:\/\/solie.eu\/pl\/wp-json\/wp\/v2\/pages\/1282\/revisions"}],"predecessor-version":[{"id":7061,"href":"https:\/\/solie.eu\/pl\/wp-json\/wp\/v2\/pages\/1282\/revisions\/7061"}],"wp:attachment":[{"href":"https:\/\/solie.eu\/pl\/wp-json\/wp\/v2\/media?parent=1282"}],"curies":[{"name":"wp","href":"https:\/\/api.w.org\/{rel}","templated":true}]}}