{"id":1298,"date":"2023-10-03T11:12:12","date_gmt":"2023-10-03T11:12:12","guid":{"rendered":"https:\/\/solie.eu\/product\/moorea-top\/"},"modified":"2024-08-14T07:48:39","modified_gmt":"2024-08-14T07:48:39","slug":"moorea-top","status":"publish","type":"product","link":"https:\/\/solie.eu\/pl\/produkt\/moorea-top\/","title":{"rendered":"Moorea Top"},"content":{"rendered":"<p>&#8211; Pranie chemiczne <\/p>\n<div id=\"gtx-trans\" style=\"position: absolute; left: 18px; top: 36.5px;\">\n<div class=\"gtx-trans-icon\"><\/div>\n<\/div>\n","protected":false},"excerpt":{"rendered":"<p>Przedstawiamy top &#8222;Moorea&#8221; &#8211; ten element prezentuje b\u0142yszcz\u0105cy z\u0142oty kolor, kt\u00f3ry emanuje blaskiem i wyrafinowaniem, dzi\u0119ki czemu jest idealny dla tych, kt\u00f3rzy uwielbiaj\u0105 b\u0142yszcze\u0107 w s\u0142o\u0144cu. No\u015b do spodni &#8222;Moorea&#8221;.<\/p>\n","protected":false},"featured_media":1029,"template":"","meta":{"_acf_changed":false},"product_cat":[71],"product_tag":[],"class_list":{"0":"post-1298","1":"product","2":"type-product","3":"status-publish","4":"has-post-thumbnail","6":"product_cat-stroje-kapielowe-pl","7":"pa_size-xs-pl-2","8":"pa_size-s-pl-2","9":"pa_size-l-pl","10":"pa_size-m-pl-3","12":"first","13":"instock","14":"sale","15":"featured","16":"taxable","17":"shipping-taxable","18":"purchasable","19":"product-type-variable"},"acf":[],"yoast_head":"<!-- This site is optimized with the Yoast SEO plugin v23.5 - https:\/\/yoast.com\/wordpress\/plugins\/seo\/ -->\n<title>Moorea Top - Solie - Official<\/title>\n<meta name=\"description\" content=\"Jednocz\u0119\u015bciowy str\u00f3j &quot;Goa&quot; prezentuje odwa\u017cne wyci\u0119cie w talii, kt\u00f3re stanowi mocn\u0105 deklaracj\u0119 stylu. Jest dla tych, kt\u00f3rzy ceni\u0105 swoj\u0105 indywidualno\u015b\u0107 i emanuj\u0105 pewno\u015bci\u0105 siebie.\" \/>\n<meta name=\"robots\" content=\"index, follow, max-snippet:-1, max-image-preview:large, max-video-preview:-1\" \/>\n<link rel=\"canonical\" href=\"https:\/\/solie.eu\/pl\/produkt\/moorea-top\/\" \/>\n<meta property=\"og:locale\" content=\"pl_PL\" \/>\n<meta property=\"og:type\" content=\"article\" \/>\n<meta property=\"og:title\" content=\"Moorea Top - Solie - Official\" \/>\n<meta property=\"og:description\" content=\"Jednocz\u0119\u015bciowy str\u00f3j &quot;Goa&quot; prezentuje odwa\u017cne wyci\u0119cie w talii, kt\u00f3re stanowi mocn\u0105 deklaracj\u0119 stylu. Jest dla tych, kt\u00f3rzy ceni\u0105 swoj\u0105 indywidualno\u015b\u0107 i emanuj\u0105 pewno\u015bci\u0105 siebie.\" \/>\n<meta property=\"og:url\" content=\"https:\/\/solie.eu\/pl\/produkt\/moorea-top\/\" \/>\n<meta property=\"og:site_name\" content=\"Solie - Official\" \/>\n<meta property=\"article:publisher\" content=\"https:\/\/www.facebook.com\/people\/Solie\/100076118386037\/\" \/>\n<meta property=\"article:modified_time\" content=\"2024-08-14T07:48:39+00:00\" \/>\n<meta property=\"og:image\" content=\"https:\/\/solie.eu\/wp-content\/uploads\/2023\/10\/IMG_3524-scaled.jpg\" \/>\n\t<meta property=\"og:image:width\" content=\"1706\" \/>\n\t<meta property=\"og:image:height\" content=\"2560\" \/>\n\t<meta property=\"og:image:type\" content=\"image\/jpeg\" \/>\n<meta name=\"twitter:card\" content=\"summary_large_image\" \/>\n<script type=\"application\/ld+json\" class=\"yoast-schema-graph\">{\"@context\":\"https:\/\/schema.org\",\"@graph\":[{\"@type\":\"WebPage\",\"@id\":\"https:\/\/solie.eu\/pl\/produkt\/moorea-top\/\",\"url\":\"https:\/\/solie.eu\/pl\/produkt\/moorea-top\/\",\"name\":\"Moorea Top - Solie - Official\",\"isPartOf\":{\"@id\":\"https:\/\/solie.eu\/pl\/#website\"},\"primaryImageOfPage\":{\"@id\":\"https:\/\/solie.eu\/pl\/produkt\/moorea-top\/#primaryimage\"},\"image\":{\"@id\":\"https:\/\/solie.eu\/pl\/produkt\/moorea-top\/#primaryimage\"},\"thumbnailUrl\":\"https:\/\/solie.eu\/wp-content\/uploads\/2023\/10\/IMG_3524-scaled.jpg\",\"datePublished\":\"2023-10-03T11:12:12+00:00\",\"dateModified\":\"2024-08-14T07:48:39+00:00\",\"description\":\"Jednocz\u0119\u015bciowy str\u00f3j \\\"Goa\\\" prezentuje odwa\u017cne wyci\u0119cie w talii, kt\u00f3re stanowi mocn\u0105 deklaracj\u0119 stylu. Jest dla tych, kt\u00f3rzy ceni\u0105 swoj\u0105 indywidualno\u015b\u0107 i emanuj\u0105 pewno\u015bci\u0105 siebie.\",\"breadcrumb\":{\"@id\":\"https:\/\/solie.eu\/pl\/produkt\/moorea-top\/#breadcrumb\"},\"inLanguage\":\"pl-PL\",\"potentialAction\":[{\"@type\":\"ReadAction\",\"target\":[\"https:\/\/solie.eu\/pl\/produkt\/moorea-top\/\"]}]},{\"@type\":\"ImageObject\",\"inLanguage\":\"pl-PL\",\"@id\":\"https:\/\/solie.eu\/pl\/produkt\/moorea-top\/#primaryimage\",\"url\":\"https:\/\/solie.eu\/wp-content\/uploads\/2023\/10\/IMG_3524-scaled.jpg\",\"contentUrl\":\"https:\/\/solie.eu\/wp-content\/uploads\/2023\/10\/IMG_3524-scaled.jpg\",\"width\":1706,\"height\":2560},{\"@type\":\"BreadcrumbList\",\"@id\":\"https:\/\/solie.eu\/pl\/produkt\/moorea-top\/#breadcrumb\",\"itemListElement\":[{\"@type\":\"ListItem\",\"position\":1,\"name\":\"Home\",\"item\":\"https:\/\/solie.eu\/pl\/\"},{\"@type\":\"ListItem\",\"position\":2,\"name\":\"Sklep\",\"item\":\"https:\/\/solie.eu\/pl\/sklep\/\"},{\"@type\":\"ListItem\",\"position\":3,\"name\":\"Moorea Top\"}]},{\"@type\":\"WebSite\",\"@id\":\"https:\/\/solie.eu\/pl\/#website\",\"url\":\"https:\/\/solie.eu\/pl\/\",\"name\":\"Solie - Official\",\"description\":\"\",\"publisher\":{\"@id\":\"https:\/\/solie.eu\/pl\/#organization\"},\"potentialAction\":[{\"@type\":\"SearchAction\",\"target\":{\"@type\":\"EntryPoint\",\"urlTemplate\":\"https:\/\/solie.eu\/pl\/?s={search_term_string}\"},\"query-input\":{\"@type\":\"PropertyValueSpecification\",\"valueRequired\":true,\"valueName\":\"search_term_string\"}}],\"inLanguage\":\"pl-PL\"},{\"@type\":\"Organization\",\"@id\":\"https:\/\/solie.eu\/pl\/#organization\",\"name\":\"Solie - Official\",\"url\":\"https:\/\/solie.eu\/pl\/\",\"logo\":{\"@type\":\"ImageObject\",\"inLanguage\":\"pl-PL\",\"@id\":\"https:\/\/solie.eu\/pl\/#\/schema\/logo\/image\/\",\"url\":\"https:\/\/solie.eu\/wp-content\/uploads\/2023\/10\/IMG_3484-scaled.jpg\",\"contentUrl\":\"https:\/\/solie.eu\/wp-content\/uploads\/2023\/10\/IMG_3484-scaled.jpg\",\"width\":2560,\"height\":1707,\"caption\":\"Solie - Official\"},\"image\":{\"@id\":\"https:\/\/solie.eu\/pl\/#\/schema\/logo\/image\/\"},\"sameAs\":[\"https:\/\/www.facebook.com\/people\/Solie\/100076118386037\/\",\"https:\/\/www.instagram.com\/solie_official\/\"]}]}<\/script>\n<!-- \/ Yoast SEO plugin. -->","yoast_head_json":{"title":"Moorea Top - Solie - Official","description":"Jednocz\u0119\u015bciowy str\u00f3j \"Goa\" prezentuje odwa\u017cne wyci\u0119cie w talii, kt\u00f3re stanowi mocn\u0105 deklaracj\u0119 stylu. Jest dla tych, kt\u00f3rzy ceni\u0105 swoj\u0105 indywidualno\u015b\u0107 i emanuj\u0105 pewno\u015bci\u0105 siebie.","robots":{"index":"index","follow":"follow","max-snippet":"max-snippet:-1","max-image-preview":"max-image-preview:large","max-video-preview":"max-video-preview:-1"},"canonical":"https:\/\/solie.eu\/pl\/produkt\/moorea-top\/","og_locale":"pl_PL","og_type":"article","og_title":"Moorea Top - Solie - Official","og_description":"Jednocz\u0119\u015bciowy str\u00f3j \"Goa\" prezentuje odwa\u017cne wyci\u0119cie w talii, kt\u00f3re stanowi mocn\u0105 deklaracj\u0119 stylu. Jest dla tych, kt\u00f3rzy ceni\u0105 swoj\u0105 indywidualno\u015b\u0107 i emanuj\u0105 pewno\u015bci\u0105 siebie.","og_url":"https:\/\/solie.eu\/pl\/produkt\/moorea-top\/","og_site_name":"Solie - Official","article_publisher":"https:\/\/www.facebook.com\/people\/Solie\/100076118386037\/","article_modified_time":"2024-08-14T07:48:39+00:00","og_image":[{"width":1706,"height":2560,"url":"https:\/\/solie.eu\/wp-content\/uploads\/2023\/10\/IMG_3524-scaled.jpg","type":"image\/jpeg"}],"twitter_card":"summary_large_image","schema":{"@context":"https:\/\/schema.org","@graph":[{"@type":"WebPage","@id":"https:\/\/solie.eu\/pl\/produkt\/moorea-top\/","url":"https:\/\/solie.eu\/pl\/produkt\/moorea-top\/","name":"Moorea Top - Solie - Official","isPartOf":{"@id":"https:\/\/solie.eu\/pl\/#website"},"primaryImageOfPage":{"@id":"https:\/\/solie.eu\/pl\/produkt\/moorea-top\/#primaryimage"},"image":{"@id":"https:\/\/solie.eu\/pl\/produkt\/moorea-top\/#primaryimage"},"thumbnailUrl":"https:\/\/solie.eu\/wp-content\/uploads\/2023\/10\/IMG_3524-scaled.jpg","datePublished":"2023-10-03T11:12:12+00:00","dateModified":"2024-08-14T07:48:39+00:00","description":"Jednocz\u0119\u015bciowy str\u00f3j \"Goa\" prezentuje odwa\u017cne wyci\u0119cie w talii, kt\u00f3re stanowi mocn\u0105 deklaracj\u0119 stylu. Jest dla tych, kt\u00f3rzy ceni\u0105 swoj\u0105 indywidualno\u015b\u0107 i emanuj\u0105 pewno\u015bci\u0105 siebie.","breadcrumb":{"@id":"https:\/\/solie.eu\/pl\/produkt\/moorea-top\/#breadcrumb"},"inLanguage":"pl-PL","potentialAction":[{"@type":"ReadAction","target":["https:\/\/solie.eu\/pl\/produkt\/moorea-top\/"]}]},{"@type":"ImageObject","inLanguage":"pl-PL","@id":"https:\/\/solie.eu\/pl\/produkt\/moorea-top\/#primaryimage","url":"https:\/\/solie.eu\/wp-content\/uploads\/2023\/10\/IMG_3524-scaled.jpg","contentUrl":"https:\/\/solie.eu\/wp-content\/uploads\/2023\/10\/IMG_3524-scaled.jpg","width":1706,"height":2560},{"@type":"BreadcrumbList","@id":"https:\/\/solie.eu\/pl\/produkt\/moorea-top\/#breadcrumb","itemListElement":[{"@type":"ListItem","position":1,"name":"Home","item":"https:\/\/solie.eu\/pl\/"},{"@type":"ListItem","position":2,"name":"Sklep","item":"https:\/\/solie.eu\/pl\/sklep\/"},{"@type":"ListItem","position":3,"name":"Moorea Top"}]},{"@type":"WebSite","@id":"https:\/\/solie.eu\/pl\/#website","url":"https:\/\/solie.eu\/pl\/","name":"Solie - Official","description":"","publisher":{"@id":"https:\/\/solie.eu\/pl\/#organization"},"potentialAction":[{"@type":"SearchAction","target":{"@type":"EntryPoint","urlTemplate":"https:\/\/solie.eu\/pl\/?s={search_term_string}"},"query-input":{"@type":"PropertyValueSpecification","valueRequired":true,"valueName":"search_term_string"}}],"inLanguage":"pl-PL"},{"@type":"Organization","@id":"https:\/\/solie.eu\/pl\/#organization","name":"Solie - Official","url":"https:\/\/solie.eu\/pl\/","logo":{"@type":"ImageObject","inLanguage":"pl-PL","@id":"https:\/\/solie.eu\/pl\/#\/schema\/logo\/image\/","url":"https:\/\/solie.eu\/wp-content\/uploads\/2023\/10\/IMG_3484-scaled.jpg","contentUrl":"https:\/\/solie.eu\/wp-content\/uploads\/2023\/10\/IMG_3484-scaled.jpg","width":2560,"height":1707,"caption":"Solie - Official"},"image":{"@id":"https:\/\/solie.eu\/pl\/#\/schema\/logo\/image\/"},"sameAs":["https:\/\/www.facebook.com\/people\/Solie\/100076118386037\/","https:\/\/www.instagram.com\/solie_official\/"]}]}},"_links":{"self":[{"href":"https:\/\/solie.eu\/pl\/wp-json\/wp\/v2\/product\/1298","targetHints":{"allow":["GET"]}}],"collection":[{"href":"https:\/\/solie.eu\/pl\/wp-json\/wp\/v2\/product"}],"about":[{"href":"https:\/\/solie.eu\/pl\/wp-json\/wp\/v2\/types\/product"}],"wp:featuredmedia":[{"embeddable":true,"href":"https:\/\/solie.eu\/pl\/wp-json\/wp\/v2\/media\/1029"}],"wp:attachment":[{"href":"https:\/\/solie.eu\/pl\/wp-json\/wp\/v2\/media?parent=1298"}],"wp:term":[{"taxonomy":"product_cat","embeddable":true,"href":"https:\/\/solie.eu\/pl\/wp-json\/wp\/v2\/product_cat?post=1298"},{"taxonomy":"product_tag","embeddable":true,"href":"https:\/\/solie.eu\/pl\/wp-json\/wp\/v2\/product_tag?post=1298"}],"curies":[{"name":"wp","href":"https:\/\/api.w.org\/{rel}","templated":true}]}}