{"id":1332,"date":"2023-10-07T17:53:47","date_gmt":"2023-10-07T17:53:47","guid":{"rendered":"https:\/\/solie.eu\/product\/sukienka-mirabilis\/"},"modified":"2024-08-07T12:24:29","modified_gmt":"2024-08-07T12:24:29","slug":"sukienka-mirabilis","status":"publish","type":"product","link":"https:\/\/solie.eu\/pl\/produkt\/sukienka-mirabilis\/","title":{"rendered":"Sukienka Mirabilis"},"content":{"rendered":"<p>&#8211; Pra\u0107 w temperaturze 30\u00b0C &#8211; Bambus &#8211; Wiskoza 100%  <\/p>\n<div id=\"gtx-trans\" style=\"position: absolute; left: 17px; top: 75px;\">\n<div class=\"gtx-trans-icon\"><\/div>\n<\/div>\n","protected":false},"excerpt":{"rendered":"<p>Kr\u00f3tka sukienka Mirabilis w kwiatowy print. <\/p>\n<div id=\"gtx-trans\" style=\"position: absolute; left: 39px; top: 35.5px;\">\n<div class=\"gtx-trans-icon\"><\/div>\n<\/div>\n","protected":false},"featured_media":1049,"template":"","meta":{"_acf_changed":false},"product_cat":[66],"product_tag":[],"class_list":{"0":"post-1332","1":"product","2":"type-product","3":"status-publish","4":"has-post-thumbnail","6":"product_cat-poprzedni-sezon","7":"pa_size-xs-pl-2","8":"pa_size-s-pl-2","9":"pa_size-l-pl","10":"pa_size-m-pl-3","12":"first","13":"instock","14":"sale","15":"featured","16":"taxable","17":"shipping-taxable","18":"purchasable","19":"product-type-variable"},"acf":[],"yoast_head":"<!-- This site is optimized with the Yoast SEO plugin v23.5 - https:\/\/yoast.com\/wordpress\/plugins\/seo\/ -->\n<title>Sukienka Mirabilis - Solie - Official<\/title>\n<meta name=\"description\" content=\"Elegancja zdefiniowana na nowo. Nasza jednocz\u0119\u015bciowa koszulka &quot;Gaya&quot; uosabia ponadczasowe wyrafinowanie i nowoczesny design, czyni\u0105c ci\u0119 uosobieniem pla\u017cowego szyku.\" \/>\n<meta name=\"robots\" content=\"index, follow, max-snippet:-1, max-image-preview:large, max-video-preview:-1\" \/>\n<link rel=\"canonical\" href=\"https:\/\/solie.eu\/pl\/produkt\/sukienka-mirabilis\/\" \/>\n<meta property=\"og:locale\" content=\"pl_PL\" \/>\n<meta property=\"og:type\" content=\"article\" \/>\n<meta property=\"og:title\" content=\"Sukienka Mirabilis - Solie - Official\" \/>\n<meta property=\"og:description\" content=\"Elegancja zdefiniowana na nowo. Nasza jednocz\u0119\u015bciowa koszulka &quot;Gaya&quot; uosabia ponadczasowe wyrafinowanie i nowoczesny design, czyni\u0105c ci\u0119 uosobieniem pla\u017cowego szyku.\" \/>\n<meta property=\"og:url\" content=\"https:\/\/solie.eu\/pl\/produkt\/sukienka-mirabilis\/\" \/>\n<meta property=\"og:site_name\" content=\"Solie - Official\" \/>\n<meta property=\"article:publisher\" content=\"https:\/\/www.facebook.com\/people\/Solie\/100076118386037\/\" \/>\n<meta property=\"article:modified_time\" content=\"2024-08-07T12:24:29+00:00\" \/>\n<meta property=\"og:image\" content=\"https:\/\/solie.eu\/wp-content\/uploads\/2023\/10\/eng_pl_Mirabilis-Dress-78_2.jpeg\" \/>\n\t<meta property=\"og:image:width\" content=\"1353\" \/>\n\t<meta property=\"og:image:height\" content=\"2000\" \/>\n\t<meta property=\"og:image:type\" content=\"image\/jpeg\" \/>\n<meta name=\"twitter:card\" content=\"summary_large_image\" \/>\n<script type=\"application\/ld+json\" class=\"yoast-schema-graph\">{\"@context\":\"https:\/\/schema.org\",\"@graph\":[{\"@type\":\"WebPage\",\"@id\":\"https:\/\/solie.eu\/pl\/produkt\/sukienka-mirabilis\/\",\"url\":\"https:\/\/solie.eu\/pl\/produkt\/sukienka-mirabilis\/\",\"name\":\"Sukienka Mirabilis - Solie - Official\",\"isPartOf\":{\"@id\":\"https:\/\/solie.eu\/pl\/#website\"},\"primaryImageOfPage\":{\"@id\":\"https:\/\/solie.eu\/pl\/produkt\/sukienka-mirabilis\/#primaryimage\"},\"image\":{\"@id\":\"https:\/\/solie.eu\/pl\/produkt\/sukienka-mirabilis\/#primaryimage\"},\"thumbnailUrl\":\"https:\/\/solie.eu\/wp-content\/uploads\/2023\/10\/eng_pl_Mirabilis-Dress-78_2.jpeg\",\"datePublished\":\"2023-10-07T17:53:47+00:00\",\"dateModified\":\"2024-08-07T12:24:29+00:00\",\"description\":\"Elegancja zdefiniowana na nowo. Nasza jednocz\u0119\u015bciowa koszulka \\\"Gaya\\\" uosabia ponadczasowe wyrafinowanie i nowoczesny design, czyni\u0105c ci\u0119 uosobieniem pla\u017cowego szyku.\",\"breadcrumb\":{\"@id\":\"https:\/\/solie.eu\/pl\/produkt\/sukienka-mirabilis\/#breadcrumb\"},\"inLanguage\":\"pl-PL\",\"potentialAction\":[{\"@type\":\"ReadAction\",\"target\":[\"https:\/\/solie.eu\/pl\/produkt\/sukienka-mirabilis\/\"]}]},{\"@type\":\"ImageObject\",\"inLanguage\":\"pl-PL\",\"@id\":\"https:\/\/solie.eu\/pl\/produkt\/sukienka-mirabilis\/#primaryimage\",\"url\":\"https:\/\/solie.eu\/wp-content\/uploads\/2023\/10\/eng_pl_Mirabilis-Dress-78_2.jpeg\",\"contentUrl\":\"https:\/\/solie.eu\/wp-content\/uploads\/2023\/10\/eng_pl_Mirabilis-Dress-78_2.jpeg\",\"width\":1353,\"height\":2000},{\"@type\":\"BreadcrumbList\",\"@id\":\"https:\/\/solie.eu\/pl\/produkt\/sukienka-mirabilis\/#breadcrumb\",\"itemListElement\":[{\"@type\":\"ListItem\",\"position\":1,\"name\":\"Home\",\"item\":\"https:\/\/solie.eu\/pl\/\"},{\"@type\":\"ListItem\",\"position\":2,\"name\":\"Sklep\",\"item\":\"https:\/\/solie.eu\/pl\/sklep\/\"},{\"@type\":\"ListItem\",\"position\":3,\"name\":\"Sukienka Mirabilis\"}]},{\"@type\":\"WebSite\",\"@id\":\"https:\/\/solie.eu\/pl\/#website\",\"url\":\"https:\/\/solie.eu\/pl\/\",\"name\":\"Solie - Official\",\"description\":\"\",\"publisher\":{\"@id\":\"https:\/\/solie.eu\/pl\/#organization\"},\"potentialAction\":[{\"@type\":\"SearchAction\",\"target\":{\"@type\":\"EntryPoint\",\"urlTemplate\":\"https:\/\/solie.eu\/pl\/?s={search_term_string}\"},\"query-input\":{\"@type\":\"PropertyValueSpecification\",\"valueRequired\":true,\"valueName\":\"search_term_string\"}}],\"inLanguage\":\"pl-PL\"},{\"@type\":\"Organization\",\"@id\":\"https:\/\/solie.eu\/pl\/#organization\",\"name\":\"Solie - Official\",\"url\":\"https:\/\/solie.eu\/pl\/\",\"logo\":{\"@type\":\"ImageObject\",\"inLanguage\":\"pl-PL\",\"@id\":\"https:\/\/solie.eu\/pl\/#\/schema\/logo\/image\/\",\"url\":\"https:\/\/solie.eu\/wp-content\/uploads\/2023\/10\/IMG_3484-scaled.jpg\",\"contentUrl\":\"https:\/\/solie.eu\/wp-content\/uploads\/2023\/10\/IMG_3484-scaled.jpg\",\"width\":2560,\"height\":1707,\"caption\":\"Solie - Official\"},\"image\":{\"@id\":\"https:\/\/solie.eu\/pl\/#\/schema\/logo\/image\/\"},\"sameAs\":[\"https:\/\/www.facebook.com\/people\/Solie\/100076118386037\/\",\"https:\/\/www.instagram.com\/solie_official\/\"]}]}<\/script>\n<!-- \/ Yoast SEO plugin. -->","yoast_head_json":{"title":"Sukienka Mirabilis - Solie - Official","description":"Elegancja zdefiniowana na nowo. Nasza jednocz\u0119\u015bciowa koszulka \"Gaya\" uosabia ponadczasowe wyrafinowanie i nowoczesny design, czyni\u0105c ci\u0119 uosobieniem pla\u017cowego szyku.","robots":{"index":"index","follow":"follow","max-snippet":"max-snippet:-1","max-image-preview":"max-image-preview:large","max-video-preview":"max-video-preview:-1"},"canonical":"https:\/\/solie.eu\/pl\/produkt\/sukienka-mirabilis\/","og_locale":"pl_PL","og_type":"article","og_title":"Sukienka Mirabilis - Solie - Official","og_description":"Elegancja zdefiniowana na nowo. Nasza jednocz\u0119\u015bciowa koszulka \"Gaya\" uosabia ponadczasowe wyrafinowanie i nowoczesny design, czyni\u0105c ci\u0119 uosobieniem pla\u017cowego szyku.","og_url":"https:\/\/solie.eu\/pl\/produkt\/sukienka-mirabilis\/","og_site_name":"Solie - Official","article_publisher":"https:\/\/www.facebook.com\/people\/Solie\/100076118386037\/","article_modified_time":"2024-08-07T12:24:29+00:00","og_image":[{"width":1353,"height":2000,"url":"https:\/\/solie.eu\/wp-content\/uploads\/2023\/10\/eng_pl_Mirabilis-Dress-78_2.jpeg","type":"image\/jpeg"}],"twitter_card":"summary_large_image","schema":{"@context":"https:\/\/schema.org","@graph":[{"@type":"WebPage","@id":"https:\/\/solie.eu\/pl\/produkt\/sukienka-mirabilis\/","url":"https:\/\/solie.eu\/pl\/produkt\/sukienka-mirabilis\/","name":"Sukienka Mirabilis - Solie - Official","isPartOf":{"@id":"https:\/\/solie.eu\/pl\/#website"},"primaryImageOfPage":{"@id":"https:\/\/solie.eu\/pl\/produkt\/sukienka-mirabilis\/#primaryimage"},"image":{"@id":"https:\/\/solie.eu\/pl\/produkt\/sukienka-mirabilis\/#primaryimage"},"thumbnailUrl":"https:\/\/solie.eu\/wp-content\/uploads\/2023\/10\/eng_pl_Mirabilis-Dress-78_2.jpeg","datePublished":"2023-10-07T17:53:47+00:00","dateModified":"2024-08-07T12:24:29+00:00","description":"Elegancja zdefiniowana na nowo. Nasza jednocz\u0119\u015bciowa koszulka \"Gaya\" uosabia ponadczasowe wyrafinowanie i nowoczesny design, czyni\u0105c ci\u0119 uosobieniem pla\u017cowego szyku.","breadcrumb":{"@id":"https:\/\/solie.eu\/pl\/produkt\/sukienka-mirabilis\/#breadcrumb"},"inLanguage":"pl-PL","potentialAction":[{"@type":"ReadAction","target":["https:\/\/solie.eu\/pl\/produkt\/sukienka-mirabilis\/"]}]},{"@type":"ImageObject","inLanguage":"pl-PL","@id":"https:\/\/solie.eu\/pl\/produkt\/sukienka-mirabilis\/#primaryimage","url":"https:\/\/solie.eu\/wp-content\/uploads\/2023\/10\/eng_pl_Mirabilis-Dress-78_2.jpeg","contentUrl":"https:\/\/solie.eu\/wp-content\/uploads\/2023\/10\/eng_pl_Mirabilis-Dress-78_2.jpeg","width":1353,"height":2000},{"@type":"BreadcrumbList","@id":"https:\/\/solie.eu\/pl\/produkt\/sukienka-mirabilis\/#breadcrumb","itemListElement":[{"@type":"ListItem","position":1,"name":"Home","item":"https:\/\/solie.eu\/pl\/"},{"@type":"ListItem","position":2,"name":"Sklep","item":"https:\/\/solie.eu\/pl\/sklep\/"},{"@type":"ListItem","position":3,"name":"Sukienka Mirabilis"}]},{"@type":"WebSite","@id":"https:\/\/solie.eu\/pl\/#website","url":"https:\/\/solie.eu\/pl\/","name":"Solie - Official","description":"","publisher":{"@id":"https:\/\/solie.eu\/pl\/#organization"},"potentialAction":[{"@type":"SearchAction","target":{"@type":"EntryPoint","urlTemplate":"https:\/\/solie.eu\/pl\/?s={search_term_string}"},"query-input":{"@type":"PropertyValueSpecification","valueRequired":true,"valueName":"search_term_string"}}],"inLanguage":"pl-PL"},{"@type":"Organization","@id":"https:\/\/solie.eu\/pl\/#organization","name":"Solie - Official","url":"https:\/\/solie.eu\/pl\/","logo":{"@type":"ImageObject","inLanguage":"pl-PL","@id":"https:\/\/solie.eu\/pl\/#\/schema\/logo\/image\/","url":"https:\/\/solie.eu\/wp-content\/uploads\/2023\/10\/IMG_3484-scaled.jpg","contentUrl":"https:\/\/solie.eu\/wp-content\/uploads\/2023\/10\/IMG_3484-scaled.jpg","width":2560,"height":1707,"caption":"Solie - Official"},"image":{"@id":"https:\/\/solie.eu\/pl\/#\/schema\/logo\/image\/"},"sameAs":["https:\/\/www.facebook.com\/people\/Solie\/100076118386037\/","https:\/\/www.instagram.com\/solie_official\/"]}]}},"_links":{"self":[{"href":"https:\/\/solie.eu\/pl\/wp-json\/wp\/v2\/product\/1332","targetHints":{"allow":["GET"]}}],"collection":[{"href":"https:\/\/solie.eu\/pl\/wp-json\/wp\/v2\/product"}],"about":[{"href":"https:\/\/solie.eu\/pl\/wp-json\/wp\/v2\/types\/product"}],"wp:featuredmedia":[{"embeddable":true,"href":"https:\/\/solie.eu\/pl\/wp-json\/wp\/v2\/media\/1049"}],"wp:attachment":[{"href":"https:\/\/solie.eu\/pl\/wp-json\/wp\/v2\/media?parent=1332"}],"wp:term":[{"taxonomy":"product_cat","embeddable":true,"href":"https:\/\/solie.eu\/pl\/wp-json\/wp\/v2\/product_cat?post=1332"},{"taxonomy":"product_tag","embeddable":true,"href":"https:\/\/solie.eu\/pl\/wp-json\/wp\/v2\/product_tag?post=1332"}],"curies":[{"name":"wp","href":"https:\/\/api.w.org\/{rel}","templated":true}]}}