{"id":1336,"date":"2023-10-06T19:35:30","date_gmt":"2023-10-06T19:35:30","guid":{"rendered":"https:\/\/solie.eu\/product\/sukienka-nigella\/"},"modified":"2024-07-24T09:17:04","modified_gmt":"2024-07-24T09:17:04","slug":"sukienka-nigella","status":"publish","type":"product","link":"https:\/\/solie.eu\/pl\/produkt\/sukienka-nigella\/","title":{"rendered":"Sukienka Nigella"},"content":{"rendered":"<p>&#8211; Pranie w temperaturze 30\u00b0C &#8211; Tencel 70%, len 30%  <\/p>\n<div id=\"gtx-trans\" style=\"position: absolute; left: 16px; top: -9px;\">\n<div class=\"gtx-trans-icon\"><\/div>\n<\/div>\n","protected":false},"excerpt":{"rendered":"<p>D\u0142uga sukienka Nigella w kolorze czarnym. <\/p>\n<div id=\"gtx-trans\" style=\"position: absolute; left: 140px; top: 35.5px;\">\n<div class=\"gtx-trans-icon\"><\/div>\n<\/div>\n","protected":false},"featured_media":1042,"template":"","meta":{"_acf_changed":false},"product_cat":[66],"product_tag":[],"class_list":{"0":"post-1336","1":"product","2":"type-product","3":"status-publish","4":"has-post-thumbnail","6":"product_cat-poprzedni-sezon","7":"pa_size-xs-s-pl","8":"pa_size-m-l-pl","9":"pa_size-s-m-pl","11":"first","12":"outofstock","13":"sale","14":"featured","15":"taxable","16":"shipping-taxable","17":"purchasable","18":"product-type-variable"},"acf":[],"yoast_head":"<!-- This site is optimized with the Yoast SEO plugin v23.5 - https:\/\/yoast.com\/wordpress\/plugins\/seo\/ -->\n<title>Sukienka Nigella - Solie - Official<\/title>\n<meta name=\"description\" content=\"Elegancja zdefiniowana na nowo. Nasza jednocz\u0119\u015bciowa koszulka &quot;Gaya&quot; uosabia ponadczasowe wyrafinowanie i nowoczesny design, czyni\u0105c ci\u0119 uosobieniem pla\u017cowego szyku.\" \/>\n<meta name=\"robots\" content=\"index, follow, max-snippet:-1, max-image-preview:large, max-video-preview:-1\" \/>\n<link rel=\"canonical\" href=\"https:\/\/solie.eu\/pl\/produkt\/sukienka-nigella\/\" \/>\n<meta property=\"og:locale\" content=\"pl_PL\" \/>\n<meta property=\"og:type\" content=\"article\" \/>\n<meta property=\"og:title\" content=\"Sukienka Nigella - Solie - Official\" \/>\n<meta property=\"og:description\" content=\"Elegancja zdefiniowana na nowo. Nasza jednocz\u0119\u015bciowa koszulka &quot;Gaya&quot; uosabia ponadczasowe wyrafinowanie i nowoczesny design, czyni\u0105c ci\u0119 uosobieniem pla\u017cowego szyku.\" \/>\n<meta property=\"og:url\" content=\"https:\/\/solie.eu\/pl\/produkt\/sukienka-nigella\/\" \/>\n<meta property=\"og:site_name\" content=\"Solie - Official\" \/>\n<meta property=\"article:publisher\" content=\"https:\/\/www.facebook.com\/people\/Solie\/100076118386037\/\" \/>\n<meta property=\"article:modified_time\" content=\"2024-07-24T09:17:04+00:00\" \/>\n<meta property=\"og:image\" content=\"https:\/\/solie.eu\/wp-content\/uploads\/2023\/10\/eng_pl_Nigella-Dress-70_2.jpeg\" \/>\n\t<meta property=\"og:image:width\" content=\"1261\" \/>\n\t<meta property=\"og:image:height\" content=\"2000\" \/>\n\t<meta property=\"og:image:type\" content=\"image\/jpeg\" \/>\n<meta name=\"twitter:card\" content=\"summary_large_image\" \/>\n<script type=\"application\/ld+json\" class=\"yoast-schema-graph\">{\"@context\":\"https:\/\/schema.org\",\"@graph\":[{\"@type\":\"WebPage\",\"@id\":\"https:\/\/solie.eu\/pl\/produkt\/sukienka-nigella\/\",\"url\":\"https:\/\/solie.eu\/pl\/produkt\/sukienka-nigella\/\",\"name\":\"Sukienka Nigella - Solie - Official\",\"isPartOf\":{\"@id\":\"https:\/\/solie.eu\/pl\/#website\"},\"primaryImageOfPage\":{\"@id\":\"https:\/\/solie.eu\/pl\/produkt\/sukienka-nigella\/#primaryimage\"},\"image\":{\"@id\":\"https:\/\/solie.eu\/pl\/produkt\/sukienka-nigella\/#primaryimage\"},\"thumbnailUrl\":\"https:\/\/solie.eu\/wp-content\/uploads\/2023\/10\/eng_pl_Nigella-Dress-70_2.jpeg\",\"datePublished\":\"2023-10-06T19:35:30+00:00\",\"dateModified\":\"2024-07-24T09:17:04+00:00\",\"description\":\"Elegancja zdefiniowana na nowo. Nasza jednocz\u0119\u015bciowa koszulka \\\"Gaya\\\" uosabia ponadczasowe wyrafinowanie i nowoczesny design, czyni\u0105c ci\u0119 uosobieniem pla\u017cowego szyku.\",\"breadcrumb\":{\"@id\":\"https:\/\/solie.eu\/pl\/produkt\/sukienka-nigella\/#breadcrumb\"},\"inLanguage\":\"pl-PL\",\"potentialAction\":[{\"@type\":\"ReadAction\",\"target\":[\"https:\/\/solie.eu\/pl\/produkt\/sukienka-nigella\/\"]}]},{\"@type\":\"ImageObject\",\"inLanguage\":\"pl-PL\",\"@id\":\"https:\/\/solie.eu\/pl\/produkt\/sukienka-nigella\/#primaryimage\",\"url\":\"https:\/\/solie.eu\/wp-content\/uploads\/2023\/10\/eng_pl_Nigella-Dress-70_2.jpeg\",\"contentUrl\":\"https:\/\/solie.eu\/wp-content\/uploads\/2023\/10\/eng_pl_Nigella-Dress-70_2.jpeg\",\"width\":1261,\"height\":2000},{\"@type\":\"BreadcrumbList\",\"@id\":\"https:\/\/solie.eu\/pl\/produkt\/sukienka-nigella\/#breadcrumb\",\"itemListElement\":[{\"@type\":\"ListItem\",\"position\":1,\"name\":\"Home\",\"item\":\"https:\/\/solie.eu\/pl\/\"},{\"@type\":\"ListItem\",\"position\":2,\"name\":\"Sklep\",\"item\":\"https:\/\/solie.eu\/pl\/sklep\/\"},{\"@type\":\"ListItem\",\"position\":3,\"name\":\"Sukienka Nigella\"}]},{\"@type\":\"WebSite\",\"@id\":\"https:\/\/solie.eu\/pl\/#website\",\"url\":\"https:\/\/solie.eu\/pl\/\",\"name\":\"Solie - Official\",\"description\":\"\",\"publisher\":{\"@id\":\"https:\/\/solie.eu\/pl\/#organization\"},\"potentialAction\":[{\"@type\":\"SearchAction\",\"target\":{\"@type\":\"EntryPoint\",\"urlTemplate\":\"https:\/\/solie.eu\/pl\/?s={search_term_string}\"},\"query-input\":{\"@type\":\"PropertyValueSpecification\",\"valueRequired\":true,\"valueName\":\"search_term_string\"}}],\"inLanguage\":\"pl-PL\"},{\"@type\":\"Organization\",\"@id\":\"https:\/\/solie.eu\/pl\/#organization\",\"name\":\"Solie - Official\",\"url\":\"https:\/\/solie.eu\/pl\/\",\"logo\":{\"@type\":\"ImageObject\",\"inLanguage\":\"pl-PL\",\"@id\":\"https:\/\/solie.eu\/pl\/#\/schema\/logo\/image\/\",\"url\":\"https:\/\/solie.eu\/wp-content\/uploads\/2023\/10\/IMG_3484-scaled.jpg\",\"contentUrl\":\"https:\/\/solie.eu\/wp-content\/uploads\/2023\/10\/IMG_3484-scaled.jpg\",\"width\":2560,\"height\":1707,\"caption\":\"Solie - Official\"},\"image\":{\"@id\":\"https:\/\/solie.eu\/pl\/#\/schema\/logo\/image\/\"},\"sameAs\":[\"https:\/\/www.facebook.com\/people\/Solie\/100076118386037\/\",\"https:\/\/www.instagram.com\/solie_official\/\"]}]}<\/script>\n<!-- \/ Yoast SEO plugin. -->","yoast_head_json":{"title":"Sukienka Nigella - Solie - Official","description":"Elegancja zdefiniowana na nowo. Nasza jednocz\u0119\u015bciowa koszulka \"Gaya\" uosabia ponadczasowe wyrafinowanie i nowoczesny design, czyni\u0105c ci\u0119 uosobieniem pla\u017cowego szyku.","robots":{"index":"index","follow":"follow","max-snippet":"max-snippet:-1","max-image-preview":"max-image-preview:large","max-video-preview":"max-video-preview:-1"},"canonical":"https:\/\/solie.eu\/pl\/produkt\/sukienka-nigella\/","og_locale":"pl_PL","og_type":"article","og_title":"Sukienka Nigella - Solie - Official","og_description":"Elegancja zdefiniowana na nowo. Nasza jednocz\u0119\u015bciowa koszulka \"Gaya\" uosabia ponadczasowe wyrafinowanie i nowoczesny design, czyni\u0105c ci\u0119 uosobieniem pla\u017cowego szyku.","og_url":"https:\/\/solie.eu\/pl\/produkt\/sukienka-nigella\/","og_site_name":"Solie - Official","article_publisher":"https:\/\/www.facebook.com\/people\/Solie\/100076118386037\/","article_modified_time":"2024-07-24T09:17:04+00:00","og_image":[{"width":1261,"height":2000,"url":"https:\/\/solie.eu\/wp-content\/uploads\/2023\/10\/eng_pl_Nigella-Dress-70_2.jpeg","type":"image\/jpeg"}],"twitter_card":"summary_large_image","schema":{"@context":"https:\/\/schema.org","@graph":[{"@type":"WebPage","@id":"https:\/\/solie.eu\/pl\/produkt\/sukienka-nigella\/","url":"https:\/\/solie.eu\/pl\/produkt\/sukienka-nigella\/","name":"Sukienka Nigella - Solie - Official","isPartOf":{"@id":"https:\/\/solie.eu\/pl\/#website"},"primaryImageOfPage":{"@id":"https:\/\/solie.eu\/pl\/produkt\/sukienka-nigella\/#primaryimage"},"image":{"@id":"https:\/\/solie.eu\/pl\/produkt\/sukienka-nigella\/#primaryimage"},"thumbnailUrl":"https:\/\/solie.eu\/wp-content\/uploads\/2023\/10\/eng_pl_Nigella-Dress-70_2.jpeg","datePublished":"2023-10-06T19:35:30+00:00","dateModified":"2024-07-24T09:17:04+00:00","description":"Elegancja zdefiniowana na nowo. Nasza jednocz\u0119\u015bciowa koszulka \"Gaya\" uosabia ponadczasowe wyrafinowanie i nowoczesny design, czyni\u0105c ci\u0119 uosobieniem pla\u017cowego szyku.","breadcrumb":{"@id":"https:\/\/solie.eu\/pl\/produkt\/sukienka-nigella\/#breadcrumb"},"inLanguage":"pl-PL","potentialAction":[{"@type":"ReadAction","target":["https:\/\/solie.eu\/pl\/produkt\/sukienka-nigella\/"]}]},{"@type":"ImageObject","inLanguage":"pl-PL","@id":"https:\/\/solie.eu\/pl\/produkt\/sukienka-nigella\/#primaryimage","url":"https:\/\/solie.eu\/wp-content\/uploads\/2023\/10\/eng_pl_Nigella-Dress-70_2.jpeg","contentUrl":"https:\/\/solie.eu\/wp-content\/uploads\/2023\/10\/eng_pl_Nigella-Dress-70_2.jpeg","width":1261,"height":2000},{"@type":"BreadcrumbList","@id":"https:\/\/solie.eu\/pl\/produkt\/sukienka-nigella\/#breadcrumb","itemListElement":[{"@type":"ListItem","position":1,"name":"Home","item":"https:\/\/solie.eu\/pl\/"},{"@type":"ListItem","position":2,"name":"Sklep","item":"https:\/\/solie.eu\/pl\/sklep\/"},{"@type":"ListItem","position":3,"name":"Sukienka Nigella"}]},{"@type":"WebSite","@id":"https:\/\/solie.eu\/pl\/#website","url":"https:\/\/solie.eu\/pl\/","name":"Solie - Official","description":"","publisher":{"@id":"https:\/\/solie.eu\/pl\/#organization"},"potentialAction":[{"@type":"SearchAction","target":{"@type":"EntryPoint","urlTemplate":"https:\/\/solie.eu\/pl\/?s={search_term_string}"},"query-input":{"@type":"PropertyValueSpecification","valueRequired":true,"valueName":"search_term_string"}}],"inLanguage":"pl-PL"},{"@type":"Organization","@id":"https:\/\/solie.eu\/pl\/#organization","name":"Solie - Official","url":"https:\/\/solie.eu\/pl\/","logo":{"@type":"ImageObject","inLanguage":"pl-PL","@id":"https:\/\/solie.eu\/pl\/#\/schema\/logo\/image\/","url":"https:\/\/solie.eu\/wp-content\/uploads\/2023\/10\/IMG_3484-scaled.jpg","contentUrl":"https:\/\/solie.eu\/wp-content\/uploads\/2023\/10\/IMG_3484-scaled.jpg","width":2560,"height":1707,"caption":"Solie - Official"},"image":{"@id":"https:\/\/solie.eu\/pl\/#\/schema\/logo\/image\/"},"sameAs":["https:\/\/www.facebook.com\/people\/Solie\/100076118386037\/","https:\/\/www.instagram.com\/solie_official\/"]}]}},"_links":{"self":[{"href":"https:\/\/solie.eu\/pl\/wp-json\/wp\/v2\/product\/1336","targetHints":{"allow":["GET"]}}],"collection":[{"href":"https:\/\/solie.eu\/pl\/wp-json\/wp\/v2\/product"}],"about":[{"href":"https:\/\/solie.eu\/pl\/wp-json\/wp\/v2\/types\/product"}],"wp:featuredmedia":[{"embeddable":true,"href":"https:\/\/solie.eu\/pl\/wp-json\/wp\/v2\/media\/1042"}],"wp:attachment":[{"href":"https:\/\/solie.eu\/pl\/wp-json\/wp\/v2\/media?parent=1336"}],"wp:term":[{"taxonomy":"product_cat","embeddable":true,"href":"https:\/\/solie.eu\/pl\/wp-json\/wp\/v2\/product_cat?post=1336"},{"taxonomy":"product_tag","embeddable":true,"href":"https:\/\/solie.eu\/pl\/wp-json\/wp\/v2\/product_tag?post=1336"}],"curies":[{"name":"wp","href":"https:\/\/api.w.org\/{rel}","templated":true}]}}