{"id":1342,"date":"2023-10-08T12:47:29","date_gmt":"2023-10-08T12:47:29","guid":{"rendered":"https:\/\/solie.eu\/product\/tunika-cassia-mykonos\/"},"modified":"2025-03-17T17:10:57","modified_gmt":"2025-03-17T17:10:57","slug":"tunika-cassia-mykonos","status":"publish","type":"product","link":"https:\/\/solie.eu\/pl\/produkt\/tunika-cassia-mykonos\/","title":{"rendered":"Tunika Cassia Mykonos"},"content":{"rendered":"<p>&#8211; Pranie r\u0119czne | Pranie w 30\u00b0C &#8211; Szyfon &#8211; Poliester 100%<\/p>\n","protected":false},"excerpt":{"rendered":"<p>Tunika Cassia wykonana jest z przewiewnego i cienkiego materia\u0142u. Posiada d\u0142ug\u0105 niebiesk\u0105 wst\u0105\u017ck\u0119 do przewi\u0105zania w talii. To prawdziwy must have na letnie wakacje.<\/p>\n","protected":false},"featured_media":1090,"template":"","meta":{"_acf_changed":false},"product_cat":[66],"product_tag":[],"class_list":{"0":"post-1342","1":"product","2":"type-product","3":"status-publish","4":"has-post-thumbnail","6":"product_cat-poprzedni-sezon","7":"pa_size-jeden-rozmiar","9":"first","10":"outofstock","11":"sale","12":"featured","13":"sold-individually","14":"taxable","15":"shipping-taxable","16":"purchasable","17":"product-type-variable"},"acf":[],"yoast_head":"<!-- This site is optimized with the Yoast SEO plugin v23.5 - https:\/\/yoast.com\/wordpress\/plugins\/seo\/ -->\n<title>Tunika Cassia Mykonos - Solie - Official<\/title>\n<meta name=\"description\" content=\"Tunika Cleome wykonana jest z lekkiego szyfonu wyci\u0119tego z jednego kawa\u0142ka materia\u0142u. Nadruk Cote D&#039;azur kojarzy si\u0119 z wakacjami na francuskiej riwierze.\" \/>\n<meta name=\"robots\" content=\"index, follow, max-snippet:-1, max-image-preview:large, max-video-preview:-1\" \/>\n<link rel=\"canonical\" href=\"https:\/\/solie.eu\/pl\/produkt\/tunika-cassia-mykonos\/\" \/>\n<meta property=\"og:locale\" content=\"pl_PL\" \/>\n<meta property=\"og:type\" content=\"article\" \/>\n<meta property=\"og:title\" content=\"Tunika Cassia Mykonos - Solie - Official\" \/>\n<meta property=\"og:description\" content=\"Tunika Cleome wykonana jest z lekkiego szyfonu wyci\u0119tego z jednego kawa\u0142ka materia\u0142u. Nadruk Cote D&#039;azur kojarzy si\u0119 z wakacjami na francuskiej riwierze.\" \/>\n<meta property=\"og:url\" content=\"https:\/\/solie.eu\/pl\/produkt\/tunika-cassia-mykonos\/\" \/>\n<meta property=\"og:site_name\" content=\"Solie - Official\" \/>\n<meta property=\"article:publisher\" content=\"https:\/\/www.facebook.com\/people\/Solie\/100076118386037\/\" \/>\n<meta property=\"article:modified_time\" content=\"2025-03-17T17:10:57+00:00\" \/>\n<meta property=\"og:image\" content=\"https:\/\/solie.eu\/wp-content\/uploads\/2023\/10\/eng_pl_Beach-Cover-Up-Cassia-Mykonos-18_10-768x1024.png\" \/>\n\t<meta property=\"og:image:width\" content=\"768\" \/>\n\t<meta property=\"og:image:height\" content=\"1024\" \/>\n\t<meta property=\"og:image:type\" content=\"image\/png\" \/>\n<meta name=\"twitter:card\" content=\"summary_large_image\" \/>\n<script type=\"application\/ld+json\" class=\"yoast-schema-graph\">{\"@context\":\"https:\/\/schema.org\",\"@graph\":[{\"@type\":\"WebPage\",\"@id\":\"https:\/\/solie.eu\/pl\/produkt\/tunika-cassia-mykonos\/\",\"url\":\"https:\/\/solie.eu\/pl\/produkt\/tunika-cassia-mykonos\/\",\"name\":\"Tunika Cassia Mykonos - Solie - Official\",\"isPartOf\":{\"@id\":\"https:\/\/solie.eu\/pl\/#website\"},\"primaryImageOfPage\":{\"@id\":\"https:\/\/solie.eu\/pl\/produkt\/tunika-cassia-mykonos\/#primaryimage\"},\"image\":{\"@id\":\"https:\/\/solie.eu\/pl\/produkt\/tunika-cassia-mykonos\/#primaryimage\"},\"thumbnailUrl\":\"https:\/\/solie.eu\/wp-content\/uploads\/2023\/10\/eng_pl_Beach-Cover-Up-Cassia-Mykonos-18_10.png\",\"datePublished\":\"2023-10-08T12:47:29+00:00\",\"dateModified\":\"2025-03-17T17:10:57+00:00\",\"description\":\"Tunika Cleome wykonana jest z lekkiego szyfonu wyci\u0119tego z jednego kawa\u0142ka materia\u0142u. Nadruk Cote D'azur kojarzy si\u0119 z wakacjami na francuskiej riwierze.\",\"breadcrumb\":{\"@id\":\"https:\/\/solie.eu\/pl\/produkt\/tunika-cassia-mykonos\/#breadcrumb\"},\"inLanguage\":\"pl-PL\",\"potentialAction\":[{\"@type\":\"ReadAction\",\"target\":[\"https:\/\/solie.eu\/pl\/produkt\/tunika-cassia-mykonos\/\"]}]},{\"@type\":\"ImageObject\",\"inLanguage\":\"pl-PL\",\"@id\":\"https:\/\/solie.eu\/pl\/produkt\/tunika-cassia-mykonos\/#primaryimage\",\"url\":\"https:\/\/solie.eu\/wp-content\/uploads\/2023\/10\/eng_pl_Beach-Cover-Up-Cassia-Mykonos-18_10.png\",\"contentUrl\":\"https:\/\/solie.eu\/wp-content\/uploads\/2023\/10\/eng_pl_Beach-Cover-Up-Cassia-Mykonos-18_10.png\",\"width\":1500,\"height\":2000},{\"@type\":\"BreadcrumbList\",\"@id\":\"https:\/\/solie.eu\/pl\/produkt\/tunika-cassia-mykonos\/#breadcrumb\",\"itemListElement\":[{\"@type\":\"ListItem\",\"position\":1,\"name\":\"Home\",\"item\":\"https:\/\/solie.eu\/pl\/\"},{\"@type\":\"ListItem\",\"position\":2,\"name\":\"Sklep\",\"item\":\"https:\/\/solie.eu\/pl\/sklep\/\"},{\"@type\":\"ListItem\",\"position\":3,\"name\":\"Tunika Cassia Mykonos\"}]},{\"@type\":\"WebSite\",\"@id\":\"https:\/\/solie.eu\/pl\/#website\",\"url\":\"https:\/\/solie.eu\/pl\/\",\"name\":\"Solie - Official\",\"description\":\"\",\"publisher\":{\"@id\":\"https:\/\/solie.eu\/pl\/#organization\"},\"potentialAction\":[{\"@type\":\"SearchAction\",\"target\":{\"@type\":\"EntryPoint\",\"urlTemplate\":\"https:\/\/solie.eu\/pl\/?s={search_term_string}\"},\"query-input\":{\"@type\":\"PropertyValueSpecification\",\"valueRequired\":true,\"valueName\":\"search_term_string\"}}],\"inLanguage\":\"pl-PL\"},{\"@type\":\"Organization\",\"@id\":\"https:\/\/solie.eu\/pl\/#organization\",\"name\":\"Solie - Official\",\"url\":\"https:\/\/solie.eu\/pl\/\",\"logo\":{\"@type\":\"ImageObject\",\"inLanguage\":\"pl-PL\",\"@id\":\"https:\/\/solie.eu\/pl\/#\/schema\/logo\/image\/\",\"url\":\"https:\/\/solie.eu\/wp-content\/uploads\/2023\/10\/IMG_3484-scaled.jpg\",\"contentUrl\":\"https:\/\/solie.eu\/wp-content\/uploads\/2023\/10\/IMG_3484-scaled.jpg\",\"width\":2560,\"height\":1707,\"caption\":\"Solie - Official\"},\"image\":{\"@id\":\"https:\/\/solie.eu\/pl\/#\/schema\/logo\/image\/\"},\"sameAs\":[\"https:\/\/www.facebook.com\/people\/Solie\/100076118386037\/\",\"https:\/\/www.instagram.com\/solie_official\/\"]}]}<\/script>\n<!-- \/ Yoast SEO plugin. -->","yoast_head_json":{"title":"Tunika Cassia Mykonos - Solie - Official","description":"Tunika Cleome wykonana jest z lekkiego szyfonu wyci\u0119tego z jednego kawa\u0142ka materia\u0142u. Nadruk Cote D'azur kojarzy si\u0119 z wakacjami na francuskiej riwierze.","robots":{"index":"index","follow":"follow","max-snippet":"max-snippet:-1","max-image-preview":"max-image-preview:large","max-video-preview":"max-video-preview:-1"},"canonical":"https:\/\/solie.eu\/pl\/produkt\/tunika-cassia-mykonos\/","og_locale":"pl_PL","og_type":"article","og_title":"Tunika Cassia Mykonos - Solie - Official","og_description":"Tunika Cleome wykonana jest z lekkiego szyfonu wyci\u0119tego z jednego kawa\u0142ka materia\u0142u. Nadruk Cote D'azur kojarzy si\u0119 z wakacjami na francuskiej riwierze.","og_url":"https:\/\/solie.eu\/pl\/produkt\/tunika-cassia-mykonos\/","og_site_name":"Solie - Official","article_publisher":"https:\/\/www.facebook.com\/people\/Solie\/100076118386037\/","article_modified_time":"2025-03-17T17:10:57+00:00","og_image":[{"width":768,"height":1024,"url":"https:\/\/solie.eu\/wp-content\/uploads\/2023\/10\/eng_pl_Beach-Cover-Up-Cassia-Mykonos-18_10-768x1024.png","type":"image\/png"}],"twitter_card":"summary_large_image","schema":{"@context":"https:\/\/schema.org","@graph":[{"@type":"WebPage","@id":"https:\/\/solie.eu\/pl\/produkt\/tunika-cassia-mykonos\/","url":"https:\/\/solie.eu\/pl\/produkt\/tunika-cassia-mykonos\/","name":"Tunika Cassia Mykonos - Solie - Official","isPartOf":{"@id":"https:\/\/solie.eu\/pl\/#website"},"primaryImageOfPage":{"@id":"https:\/\/solie.eu\/pl\/produkt\/tunika-cassia-mykonos\/#primaryimage"},"image":{"@id":"https:\/\/solie.eu\/pl\/produkt\/tunika-cassia-mykonos\/#primaryimage"},"thumbnailUrl":"https:\/\/solie.eu\/wp-content\/uploads\/2023\/10\/eng_pl_Beach-Cover-Up-Cassia-Mykonos-18_10.png","datePublished":"2023-10-08T12:47:29+00:00","dateModified":"2025-03-17T17:10:57+00:00","description":"Tunika Cleome wykonana jest z lekkiego szyfonu wyci\u0119tego z jednego kawa\u0142ka materia\u0142u. Nadruk Cote D'azur kojarzy si\u0119 z wakacjami na francuskiej riwierze.","breadcrumb":{"@id":"https:\/\/solie.eu\/pl\/produkt\/tunika-cassia-mykonos\/#breadcrumb"},"inLanguage":"pl-PL","potentialAction":[{"@type":"ReadAction","target":["https:\/\/solie.eu\/pl\/produkt\/tunika-cassia-mykonos\/"]}]},{"@type":"ImageObject","inLanguage":"pl-PL","@id":"https:\/\/solie.eu\/pl\/produkt\/tunika-cassia-mykonos\/#primaryimage","url":"https:\/\/solie.eu\/wp-content\/uploads\/2023\/10\/eng_pl_Beach-Cover-Up-Cassia-Mykonos-18_10.png","contentUrl":"https:\/\/solie.eu\/wp-content\/uploads\/2023\/10\/eng_pl_Beach-Cover-Up-Cassia-Mykonos-18_10.png","width":1500,"height":2000},{"@type":"BreadcrumbList","@id":"https:\/\/solie.eu\/pl\/produkt\/tunika-cassia-mykonos\/#breadcrumb","itemListElement":[{"@type":"ListItem","position":1,"name":"Home","item":"https:\/\/solie.eu\/pl\/"},{"@type":"ListItem","position":2,"name":"Sklep","item":"https:\/\/solie.eu\/pl\/sklep\/"},{"@type":"ListItem","position":3,"name":"Tunika Cassia Mykonos"}]},{"@type":"WebSite","@id":"https:\/\/solie.eu\/pl\/#website","url":"https:\/\/solie.eu\/pl\/","name":"Solie - Official","description":"","publisher":{"@id":"https:\/\/solie.eu\/pl\/#organization"},"potentialAction":[{"@type":"SearchAction","target":{"@type":"EntryPoint","urlTemplate":"https:\/\/solie.eu\/pl\/?s={search_term_string}"},"query-input":{"@type":"PropertyValueSpecification","valueRequired":true,"valueName":"search_term_string"}}],"inLanguage":"pl-PL"},{"@type":"Organization","@id":"https:\/\/solie.eu\/pl\/#organization","name":"Solie - Official","url":"https:\/\/solie.eu\/pl\/","logo":{"@type":"ImageObject","inLanguage":"pl-PL","@id":"https:\/\/solie.eu\/pl\/#\/schema\/logo\/image\/","url":"https:\/\/solie.eu\/wp-content\/uploads\/2023\/10\/IMG_3484-scaled.jpg","contentUrl":"https:\/\/solie.eu\/wp-content\/uploads\/2023\/10\/IMG_3484-scaled.jpg","width":2560,"height":1707,"caption":"Solie - Official"},"image":{"@id":"https:\/\/solie.eu\/pl\/#\/schema\/logo\/image\/"},"sameAs":["https:\/\/www.facebook.com\/people\/Solie\/100076118386037\/","https:\/\/www.instagram.com\/solie_official\/"]}]}},"_links":{"self":[{"href":"https:\/\/solie.eu\/pl\/wp-json\/wp\/v2\/product\/1342","targetHints":{"allow":["GET"]}}],"collection":[{"href":"https:\/\/solie.eu\/pl\/wp-json\/wp\/v2\/product"}],"about":[{"href":"https:\/\/solie.eu\/pl\/wp-json\/wp\/v2\/types\/product"}],"wp:featuredmedia":[{"embeddable":true,"href":"https:\/\/solie.eu\/pl\/wp-json\/wp\/v2\/media\/1090"}],"wp:attachment":[{"href":"https:\/\/solie.eu\/pl\/wp-json\/wp\/v2\/media?parent=1342"}],"wp:term":[{"taxonomy":"product_cat","embeddable":true,"href":"https:\/\/solie.eu\/pl\/wp-json\/wp\/v2\/product_cat?post=1342"},{"taxonomy":"product_tag","embeddable":true,"href":"https:\/\/solie.eu\/pl\/wp-json\/wp\/v2\/product_tag?post=1342"}],"curies":[{"name":"wp","href":"https:\/\/api.w.org\/{rel}","templated":true}]}}