{"id":1416,"date":"2023-10-08T14:00:33","date_gmt":"2023-10-08T14:00:33","guid":{"rendered":"https:\/\/solie.eu\/product\/zestaw-tropikalny-stellaria\/"},"modified":"2024-08-14T14:09:42","modified_gmt":"2024-08-14T14:09:42","slug":"zestaw-tropikalny-stellaria","status":"publish","type":"product","link":"https:\/\/solie.eu\/pl\/produkt\/zestaw-tropikalny-stellaria\/","title":{"rendered":"Zestaw tropikalny Stellaria"},"content":{"rendered":"<p>&#8211; Pra\u0107 w temperaturze 40\u00b0C &#8211; Po\u015bciel 100%<\/p>\n","protected":false},"excerpt":{"rendered":"<p>Zestaw odzie\u017cy Stellaria sk\u0142ada si\u0119 z dw\u00f3ch cz\u0119\u015bci: kr\u00f3tkiego topu z r\u0119kawami \u00be i lu\u017anych, bufiastych r\u0119kaw\u00f3w. R\u0119kaw zako\u0144czony jest gumk\u0105, kt\u00f3ra pomaga utrzyma\u0107 materia\u0142 w wygodnym miejscu. \u017b\u00f3\u0142ty top Stellaria w d\u017cungl\u0119 jest zapinany z ty\u0142u. W zestawie znajduj\u0105 si\u0119 r\u00f3wnie\u017c szorty z lu\u017anymi, szerszymi nogawkami. Zapinane s\u0105 z ty\u0142u na zamek b\u0142yskawiczny i maj\u0105 szeroki pasek. Spodenki s\u0105 wyposa\u017cone w praktyczne kieszenie. * Ubrania wykonane z mi\u0119kkiego naturalnego lnu z mocnym nadrukiem mog\u0105 mie\u0107 widoczne charakterystyczne mini-w\u0119z\u0142y. Mocny wydruk nie mo\u017ce przez nie przej\u015b\u0107. Nie jest to wada materia\u0142u czy ubrania, ale jego charakterystyczna cecha.<\/p>\n","protected":false},"featured_media":1144,"template":"","meta":{"_acf_changed":false},"product_cat":[66],"product_tag":[],"class_list":{"0":"post-1416","1":"product","2":"type-product","3":"status-publish","4":"has-post-thumbnail","6":"product_cat-poprzedni-sezon","7":"pa_size-xs-pl-2","8":"pa_size-s-pl-2","9":"pa_size-l-pl","10":"pa_size-m-pl-3","12":"first","13":"outofstock","14":"sale","15":"featured","16":"taxable","17":"shipping-taxable","18":"purchasable","19":"product-type-variable"},"acf":[],"yoast_head":"<!-- This site is optimized with the Yoast SEO plugin v23.5 - https:\/\/yoast.com\/wordpress\/plugins\/seo\/ -->\n<title>Zestaw tropikalny Stellaria - Solie - Official<\/title>\n<meta name=\"description\" content=\"Zestaw odzie\u017cy Stellaria sk\u0142ada si\u0119 z dw\u00f3ch cz\u0119\u015bci: kr\u00f3tkiego topu z r\u0119kawami \u00be i lu\u017anych, bufiastych r\u0119kaw\u00f3w. R\u0119kaw zako\u0144czony jest gumk\u0105, kt\u00f3ra pomaga utrzyma\u0107 materia\u0142 w wygodnym miejscu. \u017b\u00f3\u0142ty top Stellaria w d\u017cungl\u0119 jest zapinany z ty\u0142u. W zestawie znajduj\u0105 si\u0119 r\u00f3wnie\u017c szorty z lu\u017anymi, szerszymi nogawkami.\" \/>\n<meta name=\"robots\" content=\"index, follow, max-snippet:-1, max-image-preview:large, max-video-preview:-1\" \/>\n<link rel=\"canonical\" href=\"https:\/\/solie.eu\/pl\/produkt\/zestaw-tropikalny-stellaria\/\" \/>\n<meta property=\"og:locale\" content=\"pl_PL\" \/>\n<meta property=\"og:type\" content=\"article\" \/>\n<meta property=\"og:title\" content=\"Zestaw tropikalny Stellaria - Solie - Official\" \/>\n<meta property=\"og:description\" content=\"Zestaw odzie\u017cy Stellaria sk\u0142ada si\u0119 z dw\u00f3ch cz\u0119\u015bci: kr\u00f3tkiego topu z r\u0119kawami \u00be i lu\u017anych, bufiastych r\u0119kaw\u00f3w. R\u0119kaw zako\u0144czony jest gumk\u0105, kt\u00f3ra pomaga utrzyma\u0107 materia\u0142 w wygodnym miejscu. \u017b\u00f3\u0142ty top Stellaria w d\u017cungl\u0119 jest zapinany z ty\u0142u. W zestawie znajduj\u0105 si\u0119 r\u00f3wnie\u017c szorty z lu\u017anymi, szerszymi nogawkami.\" \/>\n<meta property=\"og:url\" content=\"https:\/\/solie.eu\/pl\/produkt\/zestaw-tropikalny-stellaria\/\" \/>\n<meta property=\"og:site_name\" content=\"Solie - Official\" \/>\n<meta property=\"article:publisher\" content=\"https:\/\/www.facebook.com\/people\/Solie\/100076118386037\/\" \/>\n<meta property=\"article:modified_time\" content=\"2024-08-14T14:09:42+00:00\" \/>\n<meta property=\"og:image\" content=\"https:\/\/solie.eu\/wp-content\/uploads\/2023\/10\/eng_pl_Set-Stellaria-Shorts-Top-Tropical-44_2.png\" \/>\n\t<meta property=\"og:image:width\" content=\"1500\" \/>\n\t<meta property=\"og:image:height\" content=\"2000\" \/>\n\t<meta property=\"og:image:type\" content=\"image\/png\" \/>\n<meta name=\"twitter:card\" content=\"summary_large_image\" \/>\n<script type=\"application\/ld+json\" class=\"yoast-schema-graph\">{\"@context\":\"https:\/\/schema.org\",\"@graph\":[{\"@type\":\"WebPage\",\"@id\":\"https:\/\/solie.eu\/pl\/produkt\/zestaw-tropikalny-stellaria\/\",\"url\":\"https:\/\/solie.eu\/pl\/produkt\/zestaw-tropikalny-stellaria\/\",\"name\":\"Zestaw tropikalny Stellaria - Solie - Official\",\"isPartOf\":{\"@id\":\"https:\/\/solie.eu\/pl\/#website\"},\"primaryImageOfPage\":{\"@id\":\"https:\/\/solie.eu\/pl\/produkt\/zestaw-tropikalny-stellaria\/#primaryimage\"},\"image\":{\"@id\":\"https:\/\/solie.eu\/pl\/produkt\/zestaw-tropikalny-stellaria\/#primaryimage\"},\"thumbnailUrl\":\"https:\/\/solie.eu\/wp-content\/uploads\/2023\/10\/eng_pl_Set-Stellaria-Shorts-Top-Tropical-44_2.png\",\"datePublished\":\"2023-10-08T14:00:33+00:00\",\"dateModified\":\"2024-08-14T14:09:42+00:00\",\"description\":\"Zestaw odzie\u017cy Stellaria sk\u0142ada si\u0119 z dw\u00f3ch cz\u0119\u015bci: kr\u00f3tkiego topu z r\u0119kawami \u00be i lu\u017anych, bufiastych r\u0119kaw\u00f3w. R\u0119kaw zako\u0144czony jest gumk\u0105, kt\u00f3ra pomaga utrzyma\u0107 materia\u0142 w wygodnym miejscu. \u017b\u00f3\u0142ty top Stellaria w d\u017cungl\u0119 jest zapinany z ty\u0142u. W zestawie znajduj\u0105 si\u0119 r\u00f3wnie\u017c szorty z lu\u017anymi, szerszymi nogawkami.\",\"breadcrumb\":{\"@id\":\"https:\/\/solie.eu\/pl\/produkt\/zestaw-tropikalny-stellaria\/#breadcrumb\"},\"inLanguage\":\"pl-PL\",\"potentialAction\":[{\"@type\":\"ReadAction\",\"target\":[\"https:\/\/solie.eu\/pl\/produkt\/zestaw-tropikalny-stellaria\/\"]}]},{\"@type\":\"ImageObject\",\"inLanguage\":\"pl-PL\",\"@id\":\"https:\/\/solie.eu\/pl\/produkt\/zestaw-tropikalny-stellaria\/#primaryimage\",\"url\":\"https:\/\/solie.eu\/wp-content\/uploads\/2023\/10\/eng_pl_Set-Stellaria-Shorts-Top-Tropical-44_2.png\",\"contentUrl\":\"https:\/\/solie.eu\/wp-content\/uploads\/2023\/10\/eng_pl_Set-Stellaria-Shorts-Top-Tropical-44_2.png\",\"width\":1500,\"height\":2000},{\"@type\":\"BreadcrumbList\",\"@id\":\"https:\/\/solie.eu\/pl\/produkt\/zestaw-tropikalny-stellaria\/#breadcrumb\",\"itemListElement\":[{\"@type\":\"ListItem\",\"position\":1,\"name\":\"Home\",\"item\":\"https:\/\/solie.eu\/pl\/\"},{\"@type\":\"ListItem\",\"position\":2,\"name\":\"Sklep\",\"item\":\"https:\/\/solie.eu\/pl\/sklep\/\"},{\"@type\":\"ListItem\",\"position\":3,\"name\":\"Zestaw tropikalny Stellaria\"}]},{\"@type\":\"WebSite\",\"@id\":\"https:\/\/solie.eu\/pl\/#website\",\"url\":\"https:\/\/solie.eu\/pl\/\",\"name\":\"Solie - Official\",\"description\":\"\",\"publisher\":{\"@id\":\"https:\/\/solie.eu\/pl\/#organization\"},\"potentialAction\":[{\"@type\":\"SearchAction\",\"target\":{\"@type\":\"EntryPoint\",\"urlTemplate\":\"https:\/\/solie.eu\/pl\/?s={search_term_string}\"},\"query-input\":{\"@type\":\"PropertyValueSpecification\",\"valueRequired\":true,\"valueName\":\"search_term_string\"}}],\"inLanguage\":\"pl-PL\"},{\"@type\":\"Organization\",\"@id\":\"https:\/\/solie.eu\/pl\/#organization\",\"name\":\"Solie - Official\",\"url\":\"https:\/\/solie.eu\/pl\/\",\"logo\":{\"@type\":\"ImageObject\",\"inLanguage\":\"pl-PL\",\"@id\":\"https:\/\/solie.eu\/pl\/#\/schema\/logo\/image\/\",\"url\":\"https:\/\/solie.eu\/wp-content\/uploads\/2023\/10\/IMG_3484-scaled.jpg\",\"contentUrl\":\"https:\/\/solie.eu\/wp-content\/uploads\/2023\/10\/IMG_3484-scaled.jpg\",\"width\":2560,\"height\":1707,\"caption\":\"Solie - Official\"},\"image\":{\"@id\":\"https:\/\/solie.eu\/pl\/#\/schema\/logo\/image\/\"},\"sameAs\":[\"https:\/\/www.facebook.com\/people\/Solie\/100076118386037\/\",\"https:\/\/www.instagram.com\/solie_official\/\"]}]}<\/script>\n<!-- \/ Yoast SEO plugin. -->","yoast_head_json":{"title":"Zestaw tropikalny Stellaria - Solie - Official","description":"Zestaw odzie\u017cy Stellaria sk\u0142ada si\u0119 z dw\u00f3ch cz\u0119\u015bci: kr\u00f3tkiego topu z r\u0119kawami \u00be i lu\u017anych, bufiastych r\u0119kaw\u00f3w. R\u0119kaw zako\u0144czony jest gumk\u0105, kt\u00f3ra pomaga utrzyma\u0107 materia\u0142 w wygodnym miejscu. \u017b\u00f3\u0142ty top Stellaria w d\u017cungl\u0119 jest zapinany z ty\u0142u. W zestawie znajduj\u0105 si\u0119 r\u00f3wnie\u017c szorty z lu\u017anymi, szerszymi nogawkami.","robots":{"index":"index","follow":"follow","max-snippet":"max-snippet:-1","max-image-preview":"max-image-preview:large","max-video-preview":"max-video-preview:-1"},"canonical":"https:\/\/solie.eu\/pl\/produkt\/zestaw-tropikalny-stellaria\/","og_locale":"pl_PL","og_type":"article","og_title":"Zestaw tropikalny Stellaria - Solie - Official","og_description":"Zestaw odzie\u017cy Stellaria sk\u0142ada si\u0119 z dw\u00f3ch cz\u0119\u015bci: kr\u00f3tkiego topu z r\u0119kawami \u00be i lu\u017anych, bufiastych r\u0119kaw\u00f3w. R\u0119kaw zako\u0144czony jest gumk\u0105, kt\u00f3ra pomaga utrzyma\u0107 materia\u0142 w wygodnym miejscu. \u017b\u00f3\u0142ty top Stellaria w d\u017cungl\u0119 jest zapinany z ty\u0142u. W zestawie znajduj\u0105 si\u0119 r\u00f3wnie\u017c szorty z lu\u017anymi, szerszymi nogawkami.","og_url":"https:\/\/solie.eu\/pl\/produkt\/zestaw-tropikalny-stellaria\/","og_site_name":"Solie - Official","article_publisher":"https:\/\/www.facebook.com\/people\/Solie\/100076118386037\/","article_modified_time":"2024-08-14T14:09:42+00:00","og_image":[{"width":1500,"height":2000,"url":"https:\/\/solie.eu\/wp-content\/uploads\/2023\/10\/eng_pl_Set-Stellaria-Shorts-Top-Tropical-44_2.png","type":"image\/png"}],"twitter_card":"summary_large_image","schema":{"@context":"https:\/\/schema.org","@graph":[{"@type":"WebPage","@id":"https:\/\/solie.eu\/pl\/produkt\/zestaw-tropikalny-stellaria\/","url":"https:\/\/solie.eu\/pl\/produkt\/zestaw-tropikalny-stellaria\/","name":"Zestaw tropikalny Stellaria - Solie - Official","isPartOf":{"@id":"https:\/\/solie.eu\/pl\/#website"},"primaryImageOfPage":{"@id":"https:\/\/solie.eu\/pl\/produkt\/zestaw-tropikalny-stellaria\/#primaryimage"},"image":{"@id":"https:\/\/solie.eu\/pl\/produkt\/zestaw-tropikalny-stellaria\/#primaryimage"},"thumbnailUrl":"https:\/\/solie.eu\/wp-content\/uploads\/2023\/10\/eng_pl_Set-Stellaria-Shorts-Top-Tropical-44_2.png","datePublished":"2023-10-08T14:00:33+00:00","dateModified":"2024-08-14T14:09:42+00:00","description":"Zestaw odzie\u017cy Stellaria sk\u0142ada si\u0119 z dw\u00f3ch cz\u0119\u015bci: kr\u00f3tkiego topu z r\u0119kawami \u00be i lu\u017anych, bufiastych r\u0119kaw\u00f3w. R\u0119kaw zako\u0144czony jest gumk\u0105, kt\u00f3ra pomaga utrzyma\u0107 materia\u0142 w wygodnym miejscu. \u017b\u00f3\u0142ty top Stellaria w d\u017cungl\u0119 jest zapinany z ty\u0142u. W zestawie znajduj\u0105 si\u0119 r\u00f3wnie\u017c szorty z lu\u017anymi, szerszymi nogawkami.","breadcrumb":{"@id":"https:\/\/solie.eu\/pl\/produkt\/zestaw-tropikalny-stellaria\/#breadcrumb"},"inLanguage":"pl-PL","potentialAction":[{"@type":"ReadAction","target":["https:\/\/solie.eu\/pl\/produkt\/zestaw-tropikalny-stellaria\/"]}]},{"@type":"ImageObject","inLanguage":"pl-PL","@id":"https:\/\/solie.eu\/pl\/produkt\/zestaw-tropikalny-stellaria\/#primaryimage","url":"https:\/\/solie.eu\/wp-content\/uploads\/2023\/10\/eng_pl_Set-Stellaria-Shorts-Top-Tropical-44_2.png","contentUrl":"https:\/\/solie.eu\/wp-content\/uploads\/2023\/10\/eng_pl_Set-Stellaria-Shorts-Top-Tropical-44_2.png","width":1500,"height":2000},{"@type":"BreadcrumbList","@id":"https:\/\/solie.eu\/pl\/produkt\/zestaw-tropikalny-stellaria\/#breadcrumb","itemListElement":[{"@type":"ListItem","position":1,"name":"Home","item":"https:\/\/solie.eu\/pl\/"},{"@type":"ListItem","position":2,"name":"Sklep","item":"https:\/\/solie.eu\/pl\/sklep\/"},{"@type":"ListItem","position":3,"name":"Zestaw tropikalny Stellaria"}]},{"@type":"WebSite","@id":"https:\/\/solie.eu\/pl\/#website","url":"https:\/\/solie.eu\/pl\/","name":"Solie - Official","description":"","publisher":{"@id":"https:\/\/solie.eu\/pl\/#organization"},"potentialAction":[{"@type":"SearchAction","target":{"@type":"EntryPoint","urlTemplate":"https:\/\/solie.eu\/pl\/?s={search_term_string}"},"query-input":{"@type":"PropertyValueSpecification","valueRequired":true,"valueName":"search_term_string"}}],"inLanguage":"pl-PL"},{"@type":"Organization","@id":"https:\/\/solie.eu\/pl\/#organization","name":"Solie - Official","url":"https:\/\/solie.eu\/pl\/","logo":{"@type":"ImageObject","inLanguage":"pl-PL","@id":"https:\/\/solie.eu\/pl\/#\/schema\/logo\/image\/","url":"https:\/\/solie.eu\/wp-content\/uploads\/2023\/10\/IMG_3484-scaled.jpg","contentUrl":"https:\/\/solie.eu\/wp-content\/uploads\/2023\/10\/IMG_3484-scaled.jpg","width":2560,"height":1707,"caption":"Solie - Official"},"image":{"@id":"https:\/\/solie.eu\/pl\/#\/schema\/logo\/image\/"},"sameAs":["https:\/\/www.facebook.com\/people\/Solie\/100076118386037\/","https:\/\/www.instagram.com\/solie_official\/"]}]}},"_links":{"self":[{"href":"https:\/\/solie.eu\/pl\/wp-json\/wp\/v2\/product\/1416","targetHints":{"allow":["GET"]}}],"collection":[{"href":"https:\/\/solie.eu\/pl\/wp-json\/wp\/v2\/product"}],"about":[{"href":"https:\/\/solie.eu\/pl\/wp-json\/wp\/v2\/types\/product"}],"wp:featuredmedia":[{"embeddable":true,"href":"https:\/\/solie.eu\/pl\/wp-json\/wp\/v2\/media\/1144"}],"wp:attachment":[{"href":"https:\/\/solie.eu\/pl\/wp-json\/wp\/v2\/media?parent=1416"}],"wp:term":[{"taxonomy":"product_cat","embeddable":true,"href":"https:\/\/solie.eu\/pl\/wp-json\/wp\/v2\/product_cat?post=1416"},{"taxonomy":"product_tag","embeddable":true,"href":"https:\/\/solie.eu\/pl\/wp-json\/wp\/v2\/product_tag?post=1416"}],"curies":[{"name":"wp","href":"https:\/\/api.w.org\/{rel}","templated":true}]}}