{"id":1422,"date":"2023-10-08T14:46:19","date_gmt":"2023-10-08T14:46:19","guid":{"rendered":"https:\/\/solie.eu\/product\/scrunchie-black\/"},"modified":"2024-07-24T11:22:08","modified_gmt":"2024-07-24T11:22:08","slug":"scrunchie-black","status":"publish","type":"product","link":"https:\/\/solie.eu\/pl\/produkt\/scrunchie-black\/","title":{"rendered":"Scrunchie Black"},"content":{"rendered":"<p>&#8211; Pranie w 40\u00b0C &#8211; Tencel 70%, len 30%<\/p>\n","protected":false},"excerpt":{"rendered":"<p>Scrunchie, kt\u00f3ry zosta\u0142 stworzony, aby pasowa\u0107 do naszego zestawu Silene w kolorze czarnym. Wykonany z tkaniny mieszanej: Tencel 70% i len 30% . B\u0119dzie idealny do ka\u017cdego letniego stroju.<\/p>\n","protected":false},"featured_media":1164,"template":"","meta":{"_acf_changed":false},"product_cat":[66],"product_tag":[],"class_list":{"0":"post-1422","1":"product","2":"type-product","3":"status-publish","4":"has-post-thumbnail","6":"product_cat-poprzedni-sezon","7":"pa_size-jeden-rozmiar","9":"first","10":"instock","11":"featured","12":"taxable","13":"shipping-taxable","14":"purchasable","15":"product-type-variable"},"acf":[],"yoast_head":"<!-- This site is optimized with the Yoast SEO plugin v23.5 - https:\/\/yoast.com\/wordpress\/plugins\/seo\/ -->\n<title>Scrunchie Black - Solie - Official<\/title>\n<meta name=\"description\" content=\"Scrunchie, kt\u00f3ry zosta\u0142 stworzony, aby pasowa\u0107 do naszego zestawu Silene w kolorze czarnym. Wykonany z tkaniny mieszanej: Tencel 70% i len 30% . B\u0119dzie idealny do ka\u017cdego letniego stroju.\" \/>\n<meta name=\"robots\" content=\"index, follow, max-snippet:-1, max-image-preview:large, max-video-preview:-1\" \/>\n<link rel=\"canonical\" href=\"https:\/\/solie.eu\/pl\/produkt\/scrunchie-black\/\" \/>\n<meta property=\"og:locale\" content=\"pl_PL\" \/>\n<meta property=\"og:type\" content=\"article\" \/>\n<meta property=\"og:title\" content=\"Scrunchie Black - Solie - Official\" \/>\n<meta property=\"og:description\" content=\"Scrunchie, kt\u00f3ry zosta\u0142 stworzony, aby pasowa\u0107 do naszego zestawu Silene w kolorze czarnym. Wykonany z tkaniny mieszanej: Tencel 70% i len 30% . B\u0119dzie idealny do ka\u017cdego letniego stroju.\" \/>\n<meta property=\"og:url\" content=\"https:\/\/solie.eu\/pl\/produkt\/scrunchie-black\/\" \/>\n<meta property=\"og:site_name\" content=\"Solie - Official\" \/>\n<meta property=\"article:publisher\" content=\"https:\/\/www.facebook.com\/people\/Solie\/100076118386037\/\" \/>\n<meta property=\"article:modified_time\" content=\"2024-07-24T11:22:08+00:00\" \/>\n<meta property=\"og:image\" content=\"https:\/\/solie.eu\/wp-content\/uploads\/2023\/10\/eng_pl_Scrunchie-Black-40_1.jpeg\" \/>\n\t<meta property=\"og:image:width\" content=\"960\" \/>\n\t<meta property=\"og:image:height\" content=\"1440\" \/>\n\t<meta property=\"og:image:type\" content=\"image\/jpeg\" \/>\n<meta name=\"twitter:card\" content=\"summary_large_image\" \/>\n<script type=\"application\/ld+json\" class=\"yoast-schema-graph\">{\"@context\":\"https:\/\/schema.org\",\"@graph\":[{\"@type\":\"WebPage\",\"@id\":\"https:\/\/solie.eu\/pl\/produkt\/scrunchie-black\/\",\"url\":\"https:\/\/solie.eu\/pl\/produkt\/scrunchie-black\/\",\"name\":\"Scrunchie Black - Solie - Official\",\"isPartOf\":{\"@id\":\"https:\/\/solie.eu\/pl\/#website\"},\"primaryImageOfPage\":{\"@id\":\"https:\/\/solie.eu\/pl\/produkt\/scrunchie-black\/#primaryimage\"},\"image\":{\"@id\":\"https:\/\/solie.eu\/pl\/produkt\/scrunchie-black\/#primaryimage\"},\"thumbnailUrl\":\"https:\/\/solie.eu\/wp-content\/uploads\/2023\/10\/eng_pl_Scrunchie-Black-40_1.jpeg\",\"datePublished\":\"2023-10-08T14:46:19+00:00\",\"dateModified\":\"2024-07-24T11:22:08+00:00\",\"description\":\"Scrunchie, kt\u00f3ry zosta\u0142 stworzony, aby pasowa\u0107 do naszego zestawu Silene w kolorze czarnym. Wykonany z tkaniny mieszanej: Tencel 70% i len 30% . B\u0119dzie idealny do ka\u017cdego letniego stroju.\",\"breadcrumb\":{\"@id\":\"https:\/\/solie.eu\/pl\/produkt\/scrunchie-black\/#breadcrumb\"},\"inLanguage\":\"pl-PL\",\"potentialAction\":[{\"@type\":\"ReadAction\",\"target\":[\"https:\/\/solie.eu\/pl\/produkt\/scrunchie-black\/\"]}]},{\"@type\":\"ImageObject\",\"inLanguage\":\"pl-PL\",\"@id\":\"https:\/\/solie.eu\/pl\/produkt\/scrunchie-black\/#primaryimage\",\"url\":\"https:\/\/solie.eu\/wp-content\/uploads\/2023\/10\/eng_pl_Scrunchie-Black-40_1.jpeg\",\"contentUrl\":\"https:\/\/solie.eu\/wp-content\/uploads\/2023\/10\/eng_pl_Scrunchie-Black-40_1.jpeg\",\"width\":960,\"height\":1440},{\"@type\":\"BreadcrumbList\",\"@id\":\"https:\/\/solie.eu\/pl\/produkt\/scrunchie-black\/#breadcrumb\",\"itemListElement\":[{\"@type\":\"ListItem\",\"position\":1,\"name\":\"Home\",\"item\":\"https:\/\/solie.eu\/pl\/\"},{\"@type\":\"ListItem\",\"position\":2,\"name\":\"Sklep\",\"item\":\"https:\/\/solie.eu\/pl\/sklep\/\"},{\"@type\":\"ListItem\",\"position\":3,\"name\":\"Scrunchie Black\"}]},{\"@type\":\"WebSite\",\"@id\":\"https:\/\/solie.eu\/pl\/#website\",\"url\":\"https:\/\/solie.eu\/pl\/\",\"name\":\"Solie - Official\",\"description\":\"\",\"publisher\":{\"@id\":\"https:\/\/solie.eu\/pl\/#organization\"},\"potentialAction\":[{\"@type\":\"SearchAction\",\"target\":{\"@type\":\"EntryPoint\",\"urlTemplate\":\"https:\/\/solie.eu\/pl\/?s={search_term_string}\"},\"query-input\":{\"@type\":\"PropertyValueSpecification\",\"valueRequired\":true,\"valueName\":\"search_term_string\"}}],\"inLanguage\":\"pl-PL\"},{\"@type\":\"Organization\",\"@id\":\"https:\/\/solie.eu\/pl\/#organization\",\"name\":\"Solie - Official\",\"url\":\"https:\/\/solie.eu\/pl\/\",\"logo\":{\"@type\":\"ImageObject\",\"inLanguage\":\"pl-PL\",\"@id\":\"https:\/\/solie.eu\/pl\/#\/schema\/logo\/image\/\",\"url\":\"https:\/\/solie.eu\/wp-content\/uploads\/2023\/10\/IMG_3484-scaled.jpg\",\"contentUrl\":\"https:\/\/solie.eu\/wp-content\/uploads\/2023\/10\/IMG_3484-scaled.jpg\",\"width\":2560,\"height\":1707,\"caption\":\"Solie - Official\"},\"image\":{\"@id\":\"https:\/\/solie.eu\/pl\/#\/schema\/logo\/image\/\"},\"sameAs\":[\"https:\/\/www.facebook.com\/people\/Solie\/100076118386037\/\",\"https:\/\/www.instagram.com\/solie_official\/\"]}]}<\/script>\n<!-- \/ Yoast SEO plugin. -->","yoast_head_json":{"title":"Scrunchie Black - Solie - Official","description":"Scrunchie, kt\u00f3ry zosta\u0142 stworzony, aby pasowa\u0107 do naszego zestawu Silene w kolorze czarnym. Wykonany z tkaniny mieszanej: Tencel 70% i len 30% . B\u0119dzie idealny do ka\u017cdego letniego stroju.","robots":{"index":"index","follow":"follow","max-snippet":"max-snippet:-1","max-image-preview":"max-image-preview:large","max-video-preview":"max-video-preview:-1"},"canonical":"https:\/\/solie.eu\/pl\/produkt\/scrunchie-black\/","og_locale":"pl_PL","og_type":"article","og_title":"Scrunchie Black - Solie - Official","og_description":"Scrunchie, kt\u00f3ry zosta\u0142 stworzony, aby pasowa\u0107 do naszego zestawu Silene w kolorze czarnym. Wykonany z tkaniny mieszanej: Tencel 70% i len 30% . B\u0119dzie idealny do ka\u017cdego letniego stroju.","og_url":"https:\/\/solie.eu\/pl\/produkt\/scrunchie-black\/","og_site_name":"Solie - Official","article_publisher":"https:\/\/www.facebook.com\/people\/Solie\/100076118386037\/","article_modified_time":"2024-07-24T11:22:08+00:00","og_image":[{"width":960,"height":1440,"url":"https:\/\/solie.eu\/wp-content\/uploads\/2023\/10\/eng_pl_Scrunchie-Black-40_1.jpeg","type":"image\/jpeg"}],"twitter_card":"summary_large_image","schema":{"@context":"https:\/\/schema.org","@graph":[{"@type":"WebPage","@id":"https:\/\/solie.eu\/pl\/produkt\/scrunchie-black\/","url":"https:\/\/solie.eu\/pl\/produkt\/scrunchie-black\/","name":"Scrunchie Black - Solie - Official","isPartOf":{"@id":"https:\/\/solie.eu\/pl\/#website"},"primaryImageOfPage":{"@id":"https:\/\/solie.eu\/pl\/produkt\/scrunchie-black\/#primaryimage"},"image":{"@id":"https:\/\/solie.eu\/pl\/produkt\/scrunchie-black\/#primaryimage"},"thumbnailUrl":"https:\/\/solie.eu\/wp-content\/uploads\/2023\/10\/eng_pl_Scrunchie-Black-40_1.jpeg","datePublished":"2023-10-08T14:46:19+00:00","dateModified":"2024-07-24T11:22:08+00:00","description":"Scrunchie, kt\u00f3ry zosta\u0142 stworzony, aby pasowa\u0107 do naszego zestawu Silene w kolorze czarnym. Wykonany z tkaniny mieszanej: Tencel 70% i len 30% . B\u0119dzie idealny do ka\u017cdego letniego stroju.","breadcrumb":{"@id":"https:\/\/solie.eu\/pl\/produkt\/scrunchie-black\/#breadcrumb"},"inLanguage":"pl-PL","potentialAction":[{"@type":"ReadAction","target":["https:\/\/solie.eu\/pl\/produkt\/scrunchie-black\/"]}]},{"@type":"ImageObject","inLanguage":"pl-PL","@id":"https:\/\/solie.eu\/pl\/produkt\/scrunchie-black\/#primaryimage","url":"https:\/\/solie.eu\/wp-content\/uploads\/2023\/10\/eng_pl_Scrunchie-Black-40_1.jpeg","contentUrl":"https:\/\/solie.eu\/wp-content\/uploads\/2023\/10\/eng_pl_Scrunchie-Black-40_1.jpeg","width":960,"height":1440},{"@type":"BreadcrumbList","@id":"https:\/\/solie.eu\/pl\/produkt\/scrunchie-black\/#breadcrumb","itemListElement":[{"@type":"ListItem","position":1,"name":"Home","item":"https:\/\/solie.eu\/pl\/"},{"@type":"ListItem","position":2,"name":"Sklep","item":"https:\/\/solie.eu\/pl\/sklep\/"},{"@type":"ListItem","position":3,"name":"Scrunchie Black"}]},{"@type":"WebSite","@id":"https:\/\/solie.eu\/pl\/#website","url":"https:\/\/solie.eu\/pl\/","name":"Solie - Official","description":"","publisher":{"@id":"https:\/\/solie.eu\/pl\/#organization"},"potentialAction":[{"@type":"SearchAction","target":{"@type":"EntryPoint","urlTemplate":"https:\/\/solie.eu\/pl\/?s={search_term_string}"},"query-input":{"@type":"PropertyValueSpecification","valueRequired":true,"valueName":"search_term_string"}}],"inLanguage":"pl-PL"},{"@type":"Organization","@id":"https:\/\/solie.eu\/pl\/#organization","name":"Solie - Official","url":"https:\/\/solie.eu\/pl\/","logo":{"@type":"ImageObject","inLanguage":"pl-PL","@id":"https:\/\/solie.eu\/pl\/#\/schema\/logo\/image\/","url":"https:\/\/solie.eu\/wp-content\/uploads\/2023\/10\/IMG_3484-scaled.jpg","contentUrl":"https:\/\/solie.eu\/wp-content\/uploads\/2023\/10\/IMG_3484-scaled.jpg","width":2560,"height":1707,"caption":"Solie - Official"},"image":{"@id":"https:\/\/solie.eu\/pl\/#\/schema\/logo\/image\/"},"sameAs":["https:\/\/www.facebook.com\/people\/Solie\/100076118386037\/","https:\/\/www.instagram.com\/solie_official\/"]}]}},"_links":{"self":[{"href":"https:\/\/solie.eu\/pl\/wp-json\/wp\/v2\/product\/1422","targetHints":{"allow":["GET"]}}],"collection":[{"href":"https:\/\/solie.eu\/pl\/wp-json\/wp\/v2\/product"}],"about":[{"href":"https:\/\/solie.eu\/pl\/wp-json\/wp\/v2\/types\/product"}],"wp:featuredmedia":[{"embeddable":true,"href":"https:\/\/solie.eu\/pl\/wp-json\/wp\/v2\/media\/1164"}],"wp:attachment":[{"href":"https:\/\/solie.eu\/pl\/wp-json\/wp\/v2\/media?parent=1422"}],"wp:term":[{"taxonomy":"product_cat","embeddable":true,"href":"https:\/\/solie.eu\/pl\/wp-json\/wp\/v2\/product_cat?post=1422"},{"taxonomy":"product_tag","embeddable":true,"href":"https:\/\/solie.eu\/pl\/wp-json\/wp\/v2\/product_tag?post=1422"}],"curies":[{"name":"wp","href":"https:\/\/api.w.org\/{rel}","templated":true}]}}