{"id":1465,"date":"2023-10-08T13:22:49","date_gmt":"2023-10-08T13:22:49","guid":{"rendered":"https:\/\/solie.eu\/product\/kimono-nuphar-tulum\/"},"modified":"2024-07-24T09:17:18","modified_gmt":"2024-07-24T09:17:18","slug":"kimono-nuphar-tulum","status":"publish","type":"product","link":"https:\/\/solie.eu\/pl\/produkt\/kimono-nuphar-tulum\/","title":{"rendered":"Kimono Nuphar Tulum"},"content":{"rendered":"<p>&#8211; Pra\u0107 w temperaturze 40\u00b0C &#8211; Po\u015bciel 100%  <\/p>\n<div id=\"gtx-trans\" style=\"position: absolute; left: 20px; top: 75px;\">\n<div class=\"gtx-trans-icon\"><\/div>\n<\/div>\n","protected":false},"excerpt":{"rendered":"<p>To kimono o d\u0142ugo\u015bci maxi jest wykonane w 100% z lnu i ma szerokie asymetryczne r\u0119kawy. Mo\u017cesz owin\u0105\u0107 go wok\u00f3\u0142 bikini, aby uzyska\u0107 prawdziwy wygl\u0105d Solie. * Prz\u0119dza lniana wykonana z grubszych w\u0142\u00f3kien charakteryzuje si\u0119 tym, \u017ce pozostawiaj\u0105 one mini zgrubienia na powsta\u0142ej tkaninie. A wz\u00f3r umieszczony na nim w ten spos\u00f3b mo\u017ce by\u0107 nieco inny w tych miejscach. Nie jest to wada materia\u0142u, ale jego cecha. W Solie zdecydowali\u015bmy si\u0119 drukowa\u0107 mocne wzory na lnie ze wzgl\u0119du na jego letnie w\u0142a\u015bciwo\u015bci: wch\u0142anianie wilgoci, regulacj\u0119 temperatury, ochron\u0119 przed promieniami s\u0142onecznymi i trwa\u0142o\u015b\u0107, niezale\u017cnie od mikro ko\u0144c\u00f3wek w\u0142\u00f3kien lnianych, kt\u00f3re s\u0105 widoczne na tkaninie od czasu do czasu.<\/p>\n","protected":false},"featured_media":1108,"template":"","meta":{"_acf_changed":false},"product_cat":[66],"product_tag":[],"class_list":{"0":"post-1465","1":"product","2":"type-product","3":"status-publish","4":"has-post-thumbnail","6":"product_cat-poprzedni-sezon","7":"pa_size-xs-pl-2","8":"pa_size-s-pl-2","9":"pa_size-l-pl","10":"pa_size-m-pl-3","12":"first","13":"instock","14":"sale","15":"featured","16":"sold-individually","17":"taxable","18":"shipping-taxable","19":"purchasable","20":"product-type-variable"},"acf":[],"yoast_head":"<!-- This site is optimized with the Yoast SEO plugin v23.5 - https:\/\/yoast.com\/wordpress\/plugins\/seo\/ -->\n<title>Kimono Nuphar Tulum - Solie - Official<\/title>\n<meta name=\"description\" content=\"To kimono o d\u0142ugo\u015bci maxi jest wykonane w 100% z lnu i ma szerokie asymetryczne r\u0119kawy. Mo\u017cesz owin\u0105\u0107 go wok\u00f3\u0142 bikini, aby uzyska\u0107 prawdziwy wygl\u0105d Solie.\" \/>\n<meta name=\"robots\" content=\"index, follow, max-snippet:-1, max-image-preview:large, max-video-preview:-1\" \/>\n<link rel=\"canonical\" href=\"https:\/\/solie.eu\/pl\/produkt\/kimono-nuphar-tulum\/\" \/>\n<meta property=\"og:locale\" content=\"pl_PL\" \/>\n<meta property=\"og:type\" content=\"article\" \/>\n<meta property=\"og:title\" content=\"Kimono Nuphar Tulum - Solie - Official\" \/>\n<meta property=\"og:description\" content=\"To kimono o d\u0142ugo\u015bci maxi jest wykonane w 100% z lnu i ma szerokie asymetryczne r\u0119kawy. Mo\u017cesz owin\u0105\u0107 go wok\u00f3\u0142 bikini, aby uzyska\u0107 prawdziwy wygl\u0105d Solie.\" \/>\n<meta property=\"og:url\" content=\"https:\/\/solie.eu\/pl\/produkt\/kimono-nuphar-tulum\/\" \/>\n<meta property=\"og:site_name\" content=\"Solie - Official\" \/>\n<meta property=\"article:publisher\" content=\"https:\/\/www.facebook.com\/people\/Solie\/100076118386037\/\" \/>\n<meta property=\"article:modified_time\" content=\"2024-07-24T09:17:18+00:00\" \/>\n<meta property=\"og:image\" content=\"https:\/\/solie.eu\/wp-content\/uploads\/2023\/10\/eng_pl_Long-Linen-Beach-Kimono-Nuphar-Tulum-30_2.png\" \/>\n\t<meta property=\"og:image:width\" content=\"1500\" \/>\n\t<meta property=\"og:image:height\" content=\"2000\" \/>\n\t<meta property=\"og:image:type\" content=\"image\/png\" \/>\n<meta name=\"twitter:card\" content=\"summary_large_image\" \/>\n<script type=\"application\/ld+json\" class=\"yoast-schema-graph\">{\"@context\":\"https:\/\/schema.org\",\"@graph\":[{\"@type\":\"WebPage\",\"@id\":\"https:\/\/solie.eu\/pl\/produkt\/kimono-nuphar-tulum\/\",\"url\":\"https:\/\/solie.eu\/pl\/produkt\/kimono-nuphar-tulum\/\",\"name\":\"Kimono Nuphar Tulum - Solie - Official\",\"isPartOf\":{\"@id\":\"https:\/\/solie.eu\/pl\/#website\"},\"primaryImageOfPage\":{\"@id\":\"https:\/\/solie.eu\/pl\/produkt\/kimono-nuphar-tulum\/#primaryimage\"},\"image\":{\"@id\":\"https:\/\/solie.eu\/pl\/produkt\/kimono-nuphar-tulum\/#primaryimage\"},\"thumbnailUrl\":\"https:\/\/solie.eu\/wp-content\/uploads\/2023\/10\/eng_pl_Long-Linen-Beach-Kimono-Nuphar-Tulum-30_2.png\",\"datePublished\":\"2023-10-08T13:22:49+00:00\",\"dateModified\":\"2024-07-24T09:17:18+00:00\",\"description\":\"To kimono o d\u0142ugo\u015bci maxi jest wykonane w 100% z lnu i ma szerokie asymetryczne r\u0119kawy. Mo\u017cesz owin\u0105\u0107 go wok\u00f3\u0142 bikini, aby uzyska\u0107 prawdziwy wygl\u0105d Solie.\",\"breadcrumb\":{\"@id\":\"https:\/\/solie.eu\/pl\/produkt\/kimono-nuphar-tulum\/#breadcrumb\"},\"inLanguage\":\"pl-PL\",\"potentialAction\":[{\"@type\":\"ReadAction\",\"target\":[\"https:\/\/solie.eu\/pl\/produkt\/kimono-nuphar-tulum\/\"]}]},{\"@type\":\"ImageObject\",\"inLanguage\":\"pl-PL\",\"@id\":\"https:\/\/solie.eu\/pl\/produkt\/kimono-nuphar-tulum\/#primaryimage\",\"url\":\"https:\/\/solie.eu\/wp-content\/uploads\/2023\/10\/eng_pl_Long-Linen-Beach-Kimono-Nuphar-Tulum-30_2.png\",\"contentUrl\":\"https:\/\/solie.eu\/wp-content\/uploads\/2023\/10\/eng_pl_Long-Linen-Beach-Kimono-Nuphar-Tulum-30_2.png\",\"width\":1500,\"height\":2000},{\"@type\":\"BreadcrumbList\",\"@id\":\"https:\/\/solie.eu\/pl\/produkt\/kimono-nuphar-tulum\/#breadcrumb\",\"itemListElement\":[{\"@type\":\"ListItem\",\"position\":1,\"name\":\"Home\",\"item\":\"https:\/\/solie.eu\/pl\/\"},{\"@type\":\"ListItem\",\"position\":2,\"name\":\"Sklep\",\"item\":\"https:\/\/solie.eu\/pl\/sklep\/\"},{\"@type\":\"ListItem\",\"position\":3,\"name\":\"Kimono Nuphar Tulum\"}]},{\"@type\":\"WebSite\",\"@id\":\"https:\/\/solie.eu\/pl\/#website\",\"url\":\"https:\/\/solie.eu\/pl\/\",\"name\":\"Solie - Official\",\"description\":\"\",\"publisher\":{\"@id\":\"https:\/\/solie.eu\/pl\/#organization\"},\"potentialAction\":[{\"@type\":\"SearchAction\",\"target\":{\"@type\":\"EntryPoint\",\"urlTemplate\":\"https:\/\/solie.eu\/pl\/?s={search_term_string}\"},\"query-input\":{\"@type\":\"PropertyValueSpecification\",\"valueRequired\":true,\"valueName\":\"search_term_string\"}}],\"inLanguage\":\"pl-PL\"},{\"@type\":\"Organization\",\"@id\":\"https:\/\/solie.eu\/pl\/#organization\",\"name\":\"Solie - Official\",\"url\":\"https:\/\/solie.eu\/pl\/\",\"logo\":{\"@type\":\"ImageObject\",\"inLanguage\":\"pl-PL\",\"@id\":\"https:\/\/solie.eu\/pl\/#\/schema\/logo\/image\/\",\"url\":\"https:\/\/solie.eu\/wp-content\/uploads\/2023\/10\/IMG_3484-scaled.jpg\",\"contentUrl\":\"https:\/\/solie.eu\/wp-content\/uploads\/2023\/10\/IMG_3484-scaled.jpg\",\"width\":2560,\"height\":1707,\"caption\":\"Solie - Official\"},\"image\":{\"@id\":\"https:\/\/solie.eu\/pl\/#\/schema\/logo\/image\/\"},\"sameAs\":[\"https:\/\/www.facebook.com\/people\/Solie\/100076118386037\/\",\"https:\/\/www.instagram.com\/solie_official\/\"]}]}<\/script>\n<!-- \/ Yoast SEO plugin. -->","yoast_head_json":{"title":"Kimono Nuphar Tulum - Solie - Official","description":"To kimono o d\u0142ugo\u015bci maxi jest wykonane w 100% z lnu i ma szerokie asymetryczne r\u0119kawy. Mo\u017cesz owin\u0105\u0107 go wok\u00f3\u0142 bikini, aby uzyska\u0107 prawdziwy wygl\u0105d Solie.","robots":{"index":"index","follow":"follow","max-snippet":"max-snippet:-1","max-image-preview":"max-image-preview:large","max-video-preview":"max-video-preview:-1"},"canonical":"https:\/\/solie.eu\/pl\/produkt\/kimono-nuphar-tulum\/","og_locale":"pl_PL","og_type":"article","og_title":"Kimono Nuphar Tulum - Solie - Official","og_description":"To kimono o d\u0142ugo\u015bci maxi jest wykonane w 100% z lnu i ma szerokie asymetryczne r\u0119kawy. Mo\u017cesz owin\u0105\u0107 go wok\u00f3\u0142 bikini, aby uzyska\u0107 prawdziwy wygl\u0105d Solie.","og_url":"https:\/\/solie.eu\/pl\/produkt\/kimono-nuphar-tulum\/","og_site_name":"Solie - Official","article_publisher":"https:\/\/www.facebook.com\/people\/Solie\/100076118386037\/","article_modified_time":"2024-07-24T09:17:18+00:00","og_image":[{"width":1500,"height":2000,"url":"https:\/\/solie.eu\/wp-content\/uploads\/2023\/10\/eng_pl_Long-Linen-Beach-Kimono-Nuphar-Tulum-30_2.png","type":"image\/png"}],"twitter_card":"summary_large_image","schema":{"@context":"https:\/\/schema.org","@graph":[{"@type":"WebPage","@id":"https:\/\/solie.eu\/pl\/produkt\/kimono-nuphar-tulum\/","url":"https:\/\/solie.eu\/pl\/produkt\/kimono-nuphar-tulum\/","name":"Kimono Nuphar Tulum - Solie - Official","isPartOf":{"@id":"https:\/\/solie.eu\/pl\/#website"},"primaryImageOfPage":{"@id":"https:\/\/solie.eu\/pl\/produkt\/kimono-nuphar-tulum\/#primaryimage"},"image":{"@id":"https:\/\/solie.eu\/pl\/produkt\/kimono-nuphar-tulum\/#primaryimage"},"thumbnailUrl":"https:\/\/solie.eu\/wp-content\/uploads\/2023\/10\/eng_pl_Long-Linen-Beach-Kimono-Nuphar-Tulum-30_2.png","datePublished":"2023-10-08T13:22:49+00:00","dateModified":"2024-07-24T09:17:18+00:00","description":"To kimono o d\u0142ugo\u015bci maxi jest wykonane w 100% z lnu i ma szerokie asymetryczne r\u0119kawy. Mo\u017cesz owin\u0105\u0107 go wok\u00f3\u0142 bikini, aby uzyska\u0107 prawdziwy wygl\u0105d Solie.","breadcrumb":{"@id":"https:\/\/solie.eu\/pl\/produkt\/kimono-nuphar-tulum\/#breadcrumb"},"inLanguage":"pl-PL","potentialAction":[{"@type":"ReadAction","target":["https:\/\/solie.eu\/pl\/produkt\/kimono-nuphar-tulum\/"]}]},{"@type":"ImageObject","inLanguage":"pl-PL","@id":"https:\/\/solie.eu\/pl\/produkt\/kimono-nuphar-tulum\/#primaryimage","url":"https:\/\/solie.eu\/wp-content\/uploads\/2023\/10\/eng_pl_Long-Linen-Beach-Kimono-Nuphar-Tulum-30_2.png","contentUrl":"https:\/\/solie.eu\/wp-content\/uploads\/2023\/10\/eng_pl_Long-Linen-Beach-Kimono-Nuphar-Tulum-30_2.png","width":1500,"height":2000},{"@type":"BreadcrumbList","@id":"https:\/\/solie.eu\/pl\/produkt\/kimono-nuphar-tulum\/#breadcrumb","itemListElement":[{"@type":"ListItem","position":1,"name":"Home","item":"https:\/\/solie.eu\/pl\/"},{"@type":"ListItem","position":2,"name":"Sklep","item":"https:\/\/solie.eu\/pl\/sklep\/"},{"@type":"ListItem","position":3,"name":"Kimono Nuphar Tulum"}]},{"@type":"WebSite","@id":"https:\/\/solie.eu\/pl\/#website","url":"https:\/\/solie.eu\/pl\/","name":"Solie - Official","description":"","publisher":{"@id":"https:\/\/solie.eu\/pl\/#organization"},"potentialAction":[{"@type":"SearchAction","target":{"@type":"EntryPoint","urlTemplate":"https:\/\/solie.eu\/pl\/?s={search_term_string}"},"query-input":{"@type":"PropertyValueSpecification","valueRequired":true,"valueName":"search_term_string"}}],"inLanguage":"pl-PL"},{"@type":"Organization","@id":"https:\/\/solie.eu\/pl\/#organization","name":"Solie - Official","url":"https:\/\/solie.eu\/pl\/","logo":{"@type":"ImageObject","inLanguage":"pl-PL","@id":"https:\/\/solie.eu\/pl\/#\/schema\/logo\/image\/","url":"https:\/\/solie.eu\/wp-content\/uploads\/2023\/10\/IMG_3484-scaled.jpg","contentUrl":"https:\/\/solie.eu\/wp-content\/uploads\/2023\/10\/IMG_3484-scaled.jpg","width":2560,"height":1707,"caption":"Solie - Official"},"image":{"@id":"https:\/\/solie.eu\/pl\/#\/schema\/logo\/image\/"},"sameAs":["https:\/\/www.facebook.com\/people\/Solie\/100076118386037\/","https:\/\/www.instagram.com\/solie_official\/"]}]}},"_links":{"self":[{"href":"https:\/\/solie.eu\/pl\/wp-json\/wp\/v2\/product\/1465","targetHints":{"allow":["GET"]}}],"collection":[{"href":"https:\/\/solie.eu\/pl\/wp-json\/wp\/v2\/product"}],"about":[{"href":"https:\/\/solie.eu\/pl\/wp-json\/wp\/v2\/types\/product"}],"wp:featuredmedia":[{"embeddable":true,"href":"https:\/\/solie.eu\/pl\/wp-json\/wp\/v2\/media\/1108"}],"wp:attachment":[{"href":"https:\/\/solie.eu\/pl\/wp-json\/wp\/v2\/media?parent=1465"}],"wp:term":[{"taxonomy":"product_cat","embeddable":true,"href":"https:\/\/solie.eu\/pl\/wp-json\/wp\/v2\/product_cat?post=1465"},{"taxonomy":"product_tag","embeddable":true,"href":"https:\/\/solie.eu\/pl\/wp-json\/wp\/v2\/product_tag?post=1465"}],"curies":[{"name":"wp","href":"https:\/\/api.w.org\/{rel}","templated":true}]}}