{"id":1519,"date":"2023-10-08T13:14:18","date_gmt":"2023-10-08T13:14:18","guid":{"rendered":"https:\/\/solie.eu\/product\/arabis-jungle-kimono\/"},"modified":"2024-07-24T09:17:20","modified_gmt":"2024-07-24T09:17:20","slug":"arabis-jungle-kimono","status":"publish","type":"product","link":"https:\/\/solie.eu\/pl\/produkt\/arabis-jungle-kimono\/","title":{"rendered":"Arabis Jungle Kimono"},"content":{"rendered":"<p>&#8211; Pra\u0107 w temperaturze 40\u00b0C &#8211; Po\u015bciel 100%  <\/p>\n<div id=\"gtx-trans\" style=\"position: absolute; left: 20px; top: 75px;\">\n<div class=\"gtx-trans-icon\"><\/div>\n<\/div>\n","protected":false},"excerpt":{"rendered":"<p>Arabis to kimono pla\u017cowe wi\u0105zane szarf\u0105 w tropikalnym kolorze, b\u0119dzie idealne do ka\u017cdego rodzaju stroju k\u0105pielowego. Wysokiej jako\u015bci, nieprzezroczysta bielizna pozwala w pe\u0142ni zakry\u0107 cia\u0142o. Jedyn\u0105 ozdob\u0105 s\u0105 tutaj kolorowe przeszycia tak charakterystyczne dla ca\u0142ej marki Soli\u00e9! R\u0119kawy \u00be s\u0105 asymetryczne. Nasze kimono jest idealne na letnie wakacje. &nbsp; * Ubrania wykonane z mi\u0119kkiego naturalnego lnu z mocnym nadrukiem mog\u0105 mie\u0107 widoczne charakterystyczne mini-w\u0119z\u0142y. Mocny wydruk nie mo\u017ce przez nie przej\u015b\u0107. Nie jest to wada materia\u0142u czy ubrania, ale jego charakterystyczna cecha.<\/p>\n","protected":false},"featured_media":1102,"template":"","meta":{"_acf_changed":false},"product_cat":[66],"product_tag":[],"class_list":{"0":"post-1519","1":"product","2":"type-product","3":"status-publish","4":"has-post-thumbnail","6":"product_cat-poprzedni-sezon","7":"pa_size-xs-pl-2","8":"pa_size-s-pl-2","9":"pa_size-l-pl","10":"pa_size-m-pl-3","12":"first","13":"instock","14":"sale","15":"featured","16":"sold-individually","17":"taxable","18":"shipping-taxable","19":"purchasable","20":"product-type-variable"},"acf":[],"yoast_head":"<!-- This site is optimized with the Yoast SEO plugin v23.5 - https:\/\/yoast.com\/wordpress\/plugins\/seo\/ -->\n<title>Arabis Jungle Kimono - Solie - Official<\/title>\n<meta name=\"description\" content=\"Arabis to kimono pla\u017cowe wi\u0105zane na szerok\u0105 szarf\u0119, b\u0119dzie idealne do ka\u017cdego rodzaju stroju k\u0105pielowego. Wysokiej jako\u015bci, nieprzezroczysta bielizna pozwala w pe\u0142ni zakry\u0107 cia\u0142o.\" \/>\n<meta name=\"robots\" content=\"index, follow, max-snippet:-1, max-image-preview:large, max-video-preview:-1\" \/>\n<link rel=\"canonical\" href=\"https:\/\/solie.eu\/pl\/produkt\/arabis-jungle-kimono\/\" \/>\n<meta property=\"og:locale\" content=\"pl_PL\" \/>\n<meta property=\"og:type\" content=\"article\" \/>\n<meta property=\"og:title\" content=\"Arabis Jungle Kimono - Solie - Official\" \/>\n<meta property=\"og:description\" content=\"Arabis to kimono pla\u017cowe wi\u0105zane na szerok\u0105 szarf\u0119, b\u0119dzie idealne do ka\u017cdego rodzaju stroju k\u0105pielowego. Wysokiej jako\u015bci, nieprzezroczysta bielizna pozwala w pe\u0142ni zakry\u0107 cia\u0142o.\" \/>\n<meta property=\"og:url\" content=\"https:\/\/solie.eu\/pl\/produkt\/arabis-jungle-kimono\/\" \/>\n<meta property=\"og:site_name\" content=\"Solie - Official\" \/>\n<meta property=\"article:publisher\" content=\"https:\/\/www.facebook.com\/people\/Solie\/100076118386037\/\" \/>\n<meta property=\"article:modified_time\" content=\"2024-07-24T09:17:20+00:00\" \/>\n<meta property=\"og:image\" content=\"https:\/\/solie.eu\/wp-content\/uploads\/2023\/10\/eng_pl_Short-Beach-Kimono-Arabis-Jungle-32_8.png\" \/>\n\t<meta property=\"og:image:width\" content=\"1500\" \/>\n\t<meta property=\"og:image:height\" content=\"2000\" \/>\n\t<meta property=\"og:image:type\" content=\"image\/png\" \/>\n<meta name=\"twitter:card\" content=\"summary_large_image\" \/>\n<script type=\"application\/ld+json\" class=\"yoast-schema-graph\">{\"@context\":\"https:\/\/schema.org\",\"@graph\":[{\"@type\":\"WebPage\",\"@id\":\"https:\/\/solie.eu\/pl\/produkt\/arabis-jungle-kimono\/\",\"url\":\"https:\/\/solie.eu\/pl\/produkt\/arabis-jungle-kimono\/\",\"name\":\"Arabis Jungle Kimono - Solie - Official\",\"isPartOf\":{\"@id\":\"https:\/\/solie.eu\/pl\/#website\"},\"primaryImageOfPage\":{\"@id\":\"https:\/\/solie.eu\/pl\/produkt\/arabis-jungle-kimono\/#primaryimage\"},\"image\":{\"@id\":\"https:\/\/solie.eu\/pl\/produkt\/arabis-jungle-kimono\/#primaryimage\"},\"thumbnailUrl\":\"https:\/\/solie.eu\/wp-content\/uploads\/2023\/10\/eng_pl_Short-Beach-Kimono-Arabis-Jungle-32_8.png\",\"datePublished\":\"2023-10-08T13:14:18+00:00\",\"dateModified\":\"2024-07-24T09:17:20+00:00\",\"description\":\"Arabis to kimono pla\u017cowe wi\u0105zane na szerok\u0105 szarf\u0119, b\u0119dzie idealne do ka\u017cdego rodzaju stroju k\u0105pielowego. Wysokiej jako\u015bci, nieprzezroczysta bielizna pozwala w pe\u0142ni zakry\u0107 cia\u0142o.\",\"breadcrumb\":{\"@id\":\"https:\/\/solie.eu\/pl\/produkt\/arabis-jungle-kimono\/#breadcrumb\"},\"inLanguage\":\"pl-PL\",\"potentialAction\":[{\"@type\":\"ReadAction\",\"target\":[\"https:\/\/solie.eu\/pl\/produkt\/arabis-jungle-kimono\/\"]}]},{\"@type\":\"ImageObject\",\"inLanguage\":\"pl-PL\",\"@id\":\"https:\/\/solie.eu\/pl\/produkt\/arabis-jungle-kimono\/#primaryimage\",\"url\":\"https:\/\/solie.eu\/wp-content\/uploads\/2023\/10\/eng_pl_Short-Beach-Kimono-Arabis-Jungle-32_8.png\",\"contentUrl\":\"https:\/\/solie.eu\/wp-content\/uploads\/2023\/10\/eng_pl_Short-Beach-Kimono-Arabis-Jungle-32_8.png\",\"width\":1500,\"height\":2000},{\"@type\":\"BreadcrumbList\",\"@id\":\"https:\/\/solie.eu\/pl\/produkt\/arabis-jungle-kimono\/#breadcrumb\",\"itemListElement\":[{\"@type\":\"ListItem\",\"position\":1,\"name\":\"Home\",\"item\":\"https:\/\/solie.eu\/pl\/\"},{\"@type\":\"ListItem\",\"position\":2,\"name\":\"Sklep\",\"item\":\"https:\/\/solie.eu\/pl\/sklep\/\"},{\"@type\":\"ListItem\",\"position\":3,\"name\":\"Arabis Jungle Kimono\"}]},{\"@type\":\"WebSite\",\"@id\":\"https:\/\/solie.eu\/pl\/#website\",\"url\":\"https:\/\/solie.eu\/pl\/\",\"name\":\"Solie - Official\",\"description\":\"\",\"publisher\":{\"@id\":\"https:\/\/solie.eu\/pl\/#organization\"},\"potentialAction\":[{\"@type\":\"SearchAction\",\"target\":{\"@type\":\"EntryPoint\",\"urlTemplate\":\"https:\/\/solie.eu\/pl\/?s={search_term_string}\"},\"query-input\":{\"@type\":\"PropertyValueSpecification\",\"valueRequired\":true,\"valueName\":\"search_term_string\"}}],\"inLanguage\":\"pl-PL\"},{\"@type\":\"Organization\",\"@id\":\"https:\/\/solie.eu\/pl\/#organization\",\"name\":\"Solie - Official\",\"url\":\"https:\/\/solie.eu\/pl\/\",\"logo\":{\"@type\":\"ImageObject\",\"inLanguage\":\"pl-PL\",\"@id\":\"https:\/\/solie.eu\/pl\/#\/schema\/logo\/image\/\",\"url\":\"https:\/\/solie.eu\/wp-content\/uploads\/2023\/10\/IMG_3484-scaled.jpg\",\"contentUrl\":\"https:\/\/solie.eu\/wp-content\/uploads\/2023\/10\/IMG_3484-scaled.jpg\",\"width\":2560,\"height\":1707,\"caption\":\"Solie - Official\"},\"image\":{\"@id\":\"https:\/\/solie.eu\/pl\/#\/schema\/logo\/image\/\"},\"sameAs\":[\"https:\/\/www.facebook.com\/people\/Solie\/100076118386037\/\",\"https:\/\/www.instagram.com\/solie_official\/\"]}]}<\/script>\n<!-- \/ Yoast SEO plugin. -->","yoast_head_json":{"title":"Arabis Jungle Kimono - Solie - Official","description":"Arabis to kimono pla\u017cowe wi\u0105zane na szerok\u0105 szarf\u0119, b\u0119dzie idealne do ka\u017cdego rodzaju stroju k\u0105pielowego. Wysokiej jako\u015bci, nieprzezroczysta bielizna pozwala w pe\u0142ni zakry\u0107 cia\u0142o.","robots":{"index":"index","follow":"follow","max-snippet":"max-snippet:-1","max-image-preview":"max-image-preview:large","max-video-preview":"max-video-preview:-1"},"canonical":"https:\/\/solie.eu\/pl\/produkt\/arabis-jungle-kimono\/","og_locale":"pl_PL","og_type":"article","og_title":"Arabis Jungle Kimono - Solie - Official","og_description":"Arabis to kimono pla\u017cowe wi\u0105zane na szerok\u0105 szarf\u0119, b\u0119dzie idealne do ka\u017cdego rodzaju stroju k\u0105pielowego. Wysokiej jako\u015bci, nieprzezroczysta bielizna pozwala w pe\u0142ni zakry\u0107 cia\u0142o.","og_url":"https:\/\/solie.eu\/pl\/produkt\/arabis-jungle-kimono\/","og_site_name":"Solie - Official","article_publisher":"https:\/\/www.facebook.com\/people\/Solie\/100076118386037\/","article_modified_time":"2024-07-24T09:17:20+00:00","og_image":[{"width":1500,"height":2000,"url":"https:\/\/solie.eu\/wp-content\/uploads\/2023\/10\/eng_pl_Short-Beach-Kimono-Arabis-Jungle-32_8.png","type":"image\/png"}],"twitter_card":"summary_large_image","schema":{"@context":"https:\/\/schema.org","@graph":[{"@type":"WebPage","@id":"https:\/\/solie.eu\/pl\/produkt\/arabis-jungle-kimono\/","url":"https:\/\/solie.eu\/pl\/produkt\/arabis-jungle-kimono\/","name":"Arabis Jungle Kimono - Solie - Official","isPartOf":{"@id":"https:\/\/solie.eu\/pl\/#website"},"primaryImageOfPage":{"@id":"https:\/\/solie.eu\/pl\/produkt\/arabis-jungle-kimono\/#primaryimage"},"image":{"@id":"https:\/\/solie.eu\/pl\/produkt\/arabis-jungle-kimono\/#primaryimage"},"thumbnailUrl":"https:\/\/solie.eu\/wp-content\/uploads\/2023\/10\/eng_pl_Short-Beach-Kimono-Arabis-Jungle-32_8.png","datePublished":"2023-10-08T13:14:18+00:00","dateModified":"2024-07-24T09:17:20+00:00","description":"Arabis to kimono pla\u017cowe wi\u0105zane na szerok\u0105 szarf\u0119, b\u0119dzie idealne do ka\u017cdego rodzaju stroju k\u0105pielowego. Wysokiej jako\u015bci, nieprzezroczysta bielizna pozwala w pe\u0142ni zakry\u0107 cia\u0142o.","breadcrumb":{"@id":"https:\/\/solie.eu\/pl\/produkt\/arabis-jungle-kimono\/#breadcrumb"},"inLanguage":"pl-PL","potentialAction":[{"@type":"ReadAction","target":["https:\/\/solie.eu\/pl\/produkt\/arabis-jungle-kimono\/"]}]},{"@type":"ImageObject","inLanguage":"pl-PL","@id":"https:\/\/solie.eu\/pl\/produkt\/arabis-jungle-kimono\/#primaryimage","url":"https:\/\/solie.eu\/wp-content\/uploads\/2023\/10\/eng_pl_Short-Beach-Kimono-Arabis-Jungle-32_8.png","contentUrl":"https:\/\/solie.eu\/wp-content\/uploads\/2023\/10\/eng_pl_Short-Beach-Kimono-Arabis-Jungle-32_8.png","width":1500,"height":2000},{"@type":"BreadcrumbList","@id":"https:\/\/solie.eu\/pl\/produkt\/arabis-jungle-kimono\/#breadcrumb","itemListElement":[{"@type":"ListItem","position":1,"name":"Home","item":"https:\/\/solie.eu\/pl\/"},{"@type":"ListItem","position":2,"name":"Sklep","item":"https:\/\/solie.eu\/pl\/sklep\/"},{"@type":"ListItem","position":3,"name":"Arabis Jungle Kimono"}]},{"@type":"WebSite","@id":"https:\/\/solie.eu\/pl\/#website","url":"https:\/\/solie.eu\/pl\/","name":"Solie - Official","description":"","publisher":{"@id":"https:\/\/solie.eu\/pl\/#organization"},"potentialAction":[{"@type":"SearchAction","target":{"@type":"EntryPoint","urlTemplate":"https:\/\/solie.eu\/pl\/?s={search_term_string}"},"query-input":{"@type":"PropertyValueSpecification","valueRequired":true,"valueName":"search_term_string"}}],"inLanguage":"pl-PL"},{"@type":"Organization","@id":"https:\/\/solie.eu\/pl\/#organization","name":"Solie - Official","url":"https:\/\/solie.eu\/pl\/","logo":{"@type":"ImageObject","inLanguage":"pl-PL","@id":"https:\/\/solie.eu\/pl\/#\/schema\/logo\/image\/","url":"https:\/\/solie.eu\/wp-content\/uploads\/2023\/10\/IMG_3484-scaled.jpg","contentUrl":"https:\/\/solie.eu\/wp-content\/uploads\/2023\/10\/IMG_3484-scaled.jpg","width":2560,"height":1707,"caption":"Solie - Official"},"image":{"@id":"https:\/\/solie.eu\/pl\/#\/schema\/logo\/image\/"},"sameAs":["https:\/\/www.facebook.com\/people\/Solie\/100076118386037\/","https:\/\/www.instagram.com\/solie_official\/"]}]}},"_links":{"self":[{"href":"https:\/\/solie.eu\/pl\/wp-json\/wp\/v2\/product\/1519","targetHints":{"allow":["GET"]}}],"collection":[{"href":"https:\/\/solie.eu\/pl\/wp-json\/wp\/v2\/product"}],"about":[{"href":"https:\/\/solie.eu\/pl\/wp-json\/wp\/v2\/types\/product"}],"wp:featuredmedia":[{"embeddable":true,"href":"https:\/\/solie.eu\/pl\/wp-json\/wp\/v2\/media\/1102"}],"wp:attachment":[{"href":"https:\/\/solie.eu\/pl\/wp-json\/wp\/v2\/media?parent=1519"}],"wp:term":[{"taxonomy":"product_cat","embeddable":true,"href":"https:\/\/solie.eu\/pl\/wp-json\/wp\/v2\/product_cat?post=1519"},{"taxonomy":"product_tag","embeddable":true,"href":"https:\/\/solie.eu\/pl\/wp-json\/wp\/v2\/product_tag?post=1519"}],"curies":[{"name":"wp","href":"https:\/\/api.w.org\/{rel}","templated":true}]}}