{"id":1525,"date":"2023-11-24T11:38:40","date_gmt":"2023-11-24T11:38:40","guid":{"rendered":"https:\/\/solie.eu\/product\/kea-koszula-z-cekinami-brazowo-zlota\/"},"modified":"2024-07-24T11:22:55","modified_gmt":"2024-07-24T11:22:55","slug":"kea-koszula-z-cekinami-brazowo-zlota","status":"publish","type":"product","link":"https:\/\/solie.eu\/pl\/produkt\/kea-koszula-z-cekinami-brazowo-zlota\/","title":{"rendered":"KEA Koszula z cekinami br\u0105zowo-z\u0142ota"},"content":{"rendered":"<p>&#8211; <span class=\"s1\">100% POLIESTER <\/span> &#8211; <span class=\"s1\">CZYSZCZENIE CHEMICZNE<\/span><\/p>\n","protected":false},"excerpt":{"rendered":"<p class=\"p1\"><span class=\"s1\">Charakterystyczna cekinowa koszula Soli\u00e8.<\/span><\/p>\n<div id=\"gtx-trans\" style=\"position: absolute; left: -13px; top: 35.5px;\">\n<div class=\"gtx-trans-icon\"><\/div>\n<\/div>\n","protected":false},"featured_media":1220,"template":"","meta":{"_acf_changed":false},"product_cat":[74],"product_tag":[],"class_list":{"0":"post-1525","1":"product","2":"type-product","3":"status-publish","4":"has-post-thumbnail","6":"product_cat-kurort","7":"pa_size-34-pl","8":"pa_size-36-pl","9":"pa_size-38-pl","10":"pa_size-40-pl","12":"first","13":"instock","14":"sale","15":"featured","16":"sold-individually","17":"taxable","18":"shipping-taxable","19":"purchasable","20":"product-type-variable"},"acf":[],"yoast_head":"<!-- This site is optimized with the Yoast SEO plugin v23.5 - https:\/\/yoast.com\/wordpress\/plugins\/seo\/ -->\n<title>KEA Koszula z cekinami br\u0105zowo-z\u0142ota - Solie - Official<\/title>\n<meta name=\"description\" content=\"Kea - Charakterystyczna cekinowa koszula Soli\u00e8.\" \/>\n<meta name=\"robots\" content=\"index, follow, max-snippet:-1, max-image-preview:large, max-video-preview:-1\" \/>\n<link rel=\"canonical\" href=\"https:\/\/solie.eu\/pl\/produkt\/kea-koszula-z-cekinami-brazowo-zlota\/\" \/>\n<meta property=\"og:locale\" content=\"pl_PL\" \/>\n<meta property=\"og:type\" content=\"article\" \/>\n<meta property=\"og:title\" content=\"KEA Koszula z cekinami br\u0105zowo-z\u0142ota - Solie - Official\" \/>\n<meta property=\"og:description\" content=\"Kea - Charakterystyczna cekinowa koszula Soli\u00e8.\" \/>\n<meta property=\"og:url\" content=\"https:\/\/solie.eu\/pl\/produkt\/kea-koszula-z-cekinami-brazowo-zlota\/\" \/>\n<meta property=\"og:site_name\" content=\"Solie - Official\" \/>\n<meta property=\"article:publisher\" content=\"https:\/\/www.facebook.com\/people\/Solie\/100076118386037\/\" \/>\n<meta property=\"article:modified_time\" content=\"2024-07-24T11:22:55+00:00\" \/>\n<meta property=\"og:image\" content=\"https:\/\/solie.eu\/wp-content\/uploads\/2023\/11\/IMG10073-1-1024x1024.jpg\" \/>\n\t<meta property=\"og:image:width\" content=\"1024\" \/>\n\t<meta property=\"og:image:height\" content=\"1024\" \/>\n\t<meta property=\"og:image:type\" content=\"image\/jpeg\" \/>\n<meta name=\"twitter:card\" content=\"summary_large_image\" \/>\n<script type=\"application\/ld+json\" class=\"yoast-schema-graph\">{\"@context\":\"https:\/\/schema.org\",\"@graph\":[{\"@type\":\"WebPage\",\"@id\":\"https:\/\/solie.eu\/pl\/produkt\/kea-koszula-z-cekinami-brazowo-zlota\/\",\"url\":\"https:\/\/solie.eu\/pl\/produkt\/kea-koszula-z-cekinami-brazowo-zlota\/\",\"name\":\"KEA Koszula z cekinami br\u0105zowo-z\u0142ota - Solie - Official\",\"isPartOf\":{\"@id\":\"https:\/\/solie.eu\/pl\/#website\"},\"primaryImageOfPage\":{\"@id\":\"https:\/\/solie.eu\/pl\/produkt\/kea-koszula-z-cekinami-brazowo-zlota\/#primaryimage\"},\"image\":{\"@id\":\"https:\/\/solie.eu\/pl\/produkt\/kea-koszula-z-cekinami-brazowo-zlota\/#primaryimage\"},\"thumbnailUrl\":\"https:\/\/solie.eu\/wp-content\/uploads\/2023\/11\/IMG10073-1.jpg\",\"datePublished\":\"2023-11-24T11:38:40+00:00\",\"dateModified\":\"2024-07-24T11:22:55+00:00\",\"description\":\"Kea - Charakterystyczna cekinowa koszula Soli\u00e8.\",\"breadcrumb\":{\"@id\":\"https:\/\/solie.eu\/pl\/produkt\/kea-koszula-z-cekinami-brazowo-zlota\/#breadcrumb\"},\"inLanguage\":\"pl-PL\",\"potentialAction\":[{\"@type\":\"ReadAction\",\"target\":[\"https:\/\/solie.eu\/pl\/produkt\/kea-koszula-z-cekinami-brazowo-zlota\/\"]}]},{\"@type\":\"ImageObject\",\"inLanguage\":\"pl-PL\",\"@id\":\"https:\/\/solie.eu\/pl\/produkt\/kea-koszula-z-cekinami-brazowo-zlota\/#primaryimage\",\"url\":\"https:\/\/solie.eu\/wp-content\/uploads\/2023\/11\/IMG10073-1.jpg\",\"contentUrl\":\"https:\/\/solie.eu\/wp-content\/uploads\/2023\/11\/IMG10073-1.jpg\",\"width\":2000,\"height\":2000},{\"@type\":\"BreadcrumbList\",\"@id\":\"https:\/\/solie.eu\/pl\/produkt\/kea-koszula-z-cekinami-brazowo-zlota\/#breadcrumb\",\"itemListElement\":[{\"@type\":\"ListItem\",\"position\":1,\"name\":\"Home\",\"item\":\"https:\/\/solie.eu\/pl\/\"},{\"@type\":\"ListItem\",\"position\":2,\"name\":\"Sklep\",\"item\":\"https:\/\/solie.eu\/pl\/sklep\/\"},{\"@type\":\"ListItem\",\"position\":3,\"name\":\"KEA Koszula z cekinami br\u0105zowo-z\u0142ota\"}]},{\"@type\":\"WebSite\",\"@id\":\"https:\/\/solie.eu\/pl\/#website\",\"url\":\"https:\/\/solie.eu\/pl\/\",\"name\":\"Solie - Official\",\"description\":\"\",\"publisher\":{\"@id\":\"https:\/\/solie.eu\/pl\/#organization\"},\"potentialAction\":[{\"@type\":\"SearchAction\",\"target\":{\"@type\":\"EntryPoint\",\"urlTemplate\":\"https:\/\/solie.eu\/pl\/?s={search_term_string}\"},\"query-input\":{\"@type\":\"PropertyValueSpecification\",\"valueRequired\":true,\"valueName\":\"search_term_string\"}}],\"inLanguage\":\"pl-PL\"},{\"@type\":\"Organization\",\"@id\":\"https:\/\/solie.eu\/pl\/#organization\",\"name\":\"Solie - Official\",\"url\":\"https:\/\/solie.eu\/pl\/\",\"logo\":{\"@type\":\"ImageObject\",\"inLanguage\":\"pl-PL\",\"@id\":\"https:\/\/solie.eu\/pl\/#\/schema\/logo\/image\/\",\"url\":\"https:\/\/solie.eu\/wp-content\/uploads\/2023\/10\/IMG_3484-scaled.jpg\",\"contentUrl\":\"https:\/\/solie.eu\/wp-content\/uploads\/2023\/10\/IMG_3484-scaled.jpg\",\"width\":2560,\"height\":1707,\"caption\":\"Solie - Official\"},\"image\":{\"@id\":\"https:\/\/solie.eu\/pl\/#\/schema\/logo\/image\/\"},\"sameAs\":[\"https:\/\/www.facebook.com\/people\/Solie\/100076118386037\/\",\"https:\/\/www.instagram.com\/solie_official\/\"]}]}<\/script>\n<!-- \/ Yoast SEO plugin. -->","yoast_head_json":{"title":"KEA Koszula z cekinami br\u0105zowo-z\u0142ota - Solie - Official","description":"Kea - Charakterystyczna cekinowa koszula Soli\u00e8.","robots":{"index":"index","follow":"follow","max-snippet":"max-snippet:-1","max-image-preview":"max-image-preview:large","max-video-preview":"max-video-preview:-1"},"canonical":"https:\/\/solie.eu\/pl\/produkt\/kea-koszula-z-cekinami-brazowo-zlota\/","og_locale":"pl_PL","og_type":"article","og_title":"KEA Koszula z cekinami br\u0105zowo-z\u0142ota - Solie - Official","og_description":"Kea - Charakterystyczna cekinowa koszula Soli\u00e8.","og_url":"https:\/\/solie.eu\/pl\/produkt\/kea-koszula-z-cekinami-brazowo-zlota\/","og_site_name":"Solie - Official","article_publisher":"https:\/\/www.facebook.com\/people\/Solie\/100076118386037\/","article_modified_time":"2024-07-24T11:22:55+00:00","og_image":[{"width":1024,"height":1024,"url":"https:\/\/solie.eu\/wp-content\/uploads\/2023\/11\/IMG10073-1-1024x1024.jpg","type":"image\/jpeg"}],"twitter_card":"summary_large_image","schema":{"@context":"https:\/\/schema.org","@graph":[{"@type":"WebPage","@id":"https:\/\/solie.eu\/pl\/produkt\/kea-koszula-z-cekinami-brazowo-zlota\/","url":"https:\/\/solie.eu\/pl\/produkt\/kea-koszula-z-cekinami-brazowo-zlota\/","name":"KEA Koszula z cekinami br\u0105zowo-z\u0142ota - Solie - Official","isPartOf":{"@id":"https:\/\/solie.eu\/pl\/#website"},"primaryImageOfPage":{"@id":"https:\/\/solie.eu\/pl\/produkt\/kea-koszula-z-cekinami-brazowo-zlota\/#primaryimage"},"image":{"@id":"https:\/\/solie.eu\/pl\/produkt\/kea-koszula-z-cekinami-brazowo-zlota\/#primaryimage"},"thumbnailUrl":"https:\/\/solie.eu\/wp-content\/uploads\/2023\/11\/IMG10073-1.jpg","datePublished":"2023-11-24T11:38:40+00:00","dateModified":"2024-07-24T11:22:55+00:00","description":"Kea - Charakterystyczna cekinowa koszula Soli\u00e8.","breadcrumb":{"@id":"https:\/\/solie.eu\/pl\/produkt\/kea-koszula-z-cekinami-brazowo-zlota\/#breadcrumb"},"inLanguage":"pl-PL","potentialAction":[{"@type":"ReadAction","target":["https:\/\/solie.eu\/pl\/produkt\/kea-koszula-z-cekinami-brazowo-zlota\/"]}]},{"@type":"ImageObject","inLanguage":"pl-PL","@id":"https:\/\/solie.eu\/pl\/produkt\/kea-koszula-z-cekinami-brazowo-zlota\/#primaryimage","url":"https:\/\/solie.eu\/wp-content\/uploads\/2023\/11\/IMG10073-1.jpg","contentUrl":"https:\/\/solie.eu\/wp-content\/uploads\/2023\/11\/IMG10073-1.jpg","width":2000,"height":2000},{"@type":"BreadcrumbList","@id":"https:\/\/solie.eu\/pl\/produkt\/kea-koszula-z-cekinami-brazowo-zlota\/#breadcrumb","itemListElement":[{"@type":"ListItem","position":1,"name":"Home","item":"https:\/\/solie.eu\/pl\/"},{"@type":"ListItem","position":2,"name":"Sklep","item":"https:\/\/solie.eu\/pl\/sklep\/"},{"@type":"ListItem","position":3,"name":"KEA Koszula z cekinami br\u0105zowo-z\u0142ota"}]},{"@type":"WebSite","@id":"https:\/\/solie.eu\/pl\/#website","url":"https:\/\/solie.eu\/pl\/","name":"Solie - Official","description":"","publisher":{"@id":"https:\/\/solie.eu\/pl\/#organization"},"potentialAction":[{"@type":"SearchAction","target":{"@type":"EntryPoint","urlTemplate":"https:\/\/solie.eu\/pl\/?s={search_term_string}"},"query-input":{"@type":"PropertyValueSpecification","valueRequired":true,"valueName":"search_term_string"}}],"inLanguage":"pl-PL"},{"@type":"Organization","@id":"https:\/\/solie.eu\/pl\/#organization","name":"Solie - Official","url":"https:\/\/solie.eu\/pl\/","logo":{"@type":"ImageObject","inLanguage":"pl-PL","@id":"https:\/\/solie.eu\/pl\/#\/schema\/logo\/image\/","url":"https:\/\/solie.eu\/wp-content\/uploads\/2023\/10\/IMG_3484-scaled.jpg","contentUrl":"https:\/\/solie.eu\/wp-content\/uploads\/2023\/10\/IMG_3484-scaled.jpg","width":2560,"height":1707,"caption":"Solie - Official"},"image":{"@id":"https:\/\/solie.eu\/pl\/#\/schema\/logo\/image\/"},"sameAs":["https:\/\/www.facebook.com\/people\/Solie\/100076118386037\/","https:\/\/www.instagram.com\/solie_official\/"]}]}},"_links":{"self":[{"href":"https:\/\/solie.eu\/pl\/wp-json\/wp\/v2\/product\/1525","targetHints":{"allow":["GET"]}}],"collection":[{"href":"https:\/\/solie.eu\/pl\/wp-json\/wp\/v2\/product"}],"about":[{"href":"https:\/\/solie.eu\/pl\/wp-json\/wp\/v2\/types\/product"}],"wp:featuredmedia":[{"embeddable":true,"href":"https:\/\/solie.eu\/pl\/wp-json\/wp\/v2\/media\/1220"}],"wp:attachment":[{"href":"https:\/\/solie.eu\/pl\/wp-json\/wp\/v2\/media?parent=1525"}],"wp:term":[{"taxonomy":"product_cat","embeddable":true,"href":"https:\/\/solie.eu\/pl\/wp-json\/wp\/v2\/product_cat?post=1525"},{"taxonomy":"product_tag","embeddable":true,"href":"https:\/\/solie.eu\/pl\/wp-json\/wp\/v2\/product_tag?post=1525"}],"curies":[{"name":"wp","href":"https:\/\/api.w.org\/{rel}","templated":true}]}}