{"id":2029,"date":"2024-07-24T13:43:13","date_gmt":"2024-07-24T13:43:13","guid":{"rendered":"https:\/\/solie.eu\/?post_type=product&#038;p=2029"},"modified":"2026-02-18T12:08:45","modified_gmt":"2026-02-18T12:08:45","slug":"milos-top-copy-copy-copy","status":"publish","type":"product","link":"https:\/\/solie.eu\/pl\/produkt\/milos-top-copy-copy-copy\/","title":{"rendered":"Iris Bottoms Azzure"},"content":{"rendered":"<p>&#8211; 80%PA, 10,6%MTLC, 9,4%EA<\/p>\n<p>&#8211; PRA\u0106 W TEMPERATURZE 30\u00b0C LUB NI\u017bSZEJ, PRANIE R\u0118CZNE<\/p>\n<div id=\"gtx-trans\" style=\"position: absolute; left: 18px; top: 36.5px;\">\n<div class=\"gtx-trans-icon\"><\/div>\n<\/div>\n","protected":false},"excerpt":{"rendered":"<p>D\u00f3\u0142 od bikini Iris wykonany z mieni\u0105cej si\u0119 tkaniny. Wyd\u0142u\u017caj\u0105cy nogi model ze \u015brednim stanem.<\/p>\n<p>Data wysy\u0142ki: 25\/09\/2024<\/p>\n","protected":false},"featured_media":1981,"template":"","meta":{"_acf_changed":false},"product_cat":[71],"product_tag":[],"class_list":{"0":"post-2029","1":"product","2":"type-product","3":"status-publish","4":"has-post-thumbnail","6":"product_cat-stroje-kapielowe-pl","7":"pa_size-34-pl","8":"pa_size-36-pl","9":"pa_size-38-pl","10":"pa_size-40-pl","12":"first","13":"instock","14":"sale","15":"featured","16":"taxable","17":"shipping-taxable","18":"purchasable","19":"product-type-variable"},"acf":[],"yoast_head":"<!-- This site is optimized with the Yoast SEO plugin v23.5 - https:\/\/yoast.com\/wordpress\/plugins\/seo\/ -->\n<title>Iris Bottoms Azzure - Solie - Official<\/title>\n<meta name=\"description\" content=\"Figi bikini Iris lam\u00e8. Minimalny zasi\u0119g. Wysoko wyci\u0119ta nogawka.\" \/>\n<meta name=\"robots\" content=\"index, follow, max-snippet:-1, max-image-preview:large, max-video-preview:-1\" \/>\n<link rel=\"canonical\" href=\"https:\/\/solie.eu\/pl\/produkt\/milos-top-copy-copy-copy\/\" \/>\n<meta property=\"og:locale\" content=\"pl_PL\" \/>\n<meta property=\"og:type\" content=\"article\" \/>\n<meta property=\"og:title\" content=\"Iris Bottoms Azzure - Solie - Official\" \/>\n<meta property=\"og:description\" content=\"Figi bikini Iris lam\u00e8. Minimalny zasi\u0119g. Wysoko wyci\u0119ta nogawka.\" \/>\n<meta property=\"og:url\" content=\"https:\/\/solie.eu\/pl\/produkt\/milos-top-copy-copy-copy\/\" \/>\n<meta property=\"og:site_name\" content=\"Solie - Official\" \/>\n<meta property=\"article:publisher\" content=\"https:\/\/www.facebook.com\/people\/Solie\/100076118386037\/\" \/>\n<meta property=\"article:modified_time\" content=\"2026-02-18T12:08:45+00:00\" \/>\n<meta property=\"og:image\" content=\"https:\/\/solie.eu\/wp-content\/uploads\/2024\/07\/240629_Solie_1785-round-5-scaled.jpg\" \/>\n\t<meta property=\"og:image:width\" content=\"2048\" \/>\n\t<meta property=\"og:image:height\" content=\"2560\" \/>\n\t<meta property=\"og:image:type\" content=\"image\/jpeg\" \/>\n<meta name=\"twitter:card\" content=\"summary_large_image\" \/>\n<meta name=\"twitter:label1\" content=\"Szacowany czas czytania\" \/>\n\t<meta name=\"twitter:data1\" content=\"1 minuta\" \/>\n<script type=\"application\/ld+json\" class=\"yoast-schema-graph\">{\"@context\":\"https:\/\/schema.org\",\"@graph\":[{\"@type\":\"WebPage\",\"@id\":\"https:\/\/solie.eu\/pl\/produkt\/milos-top-copy-copy-copy\/\",\"url\":\"https:\/\/solie.eu\/pl\/produkt\/milos-top-copy-copy-copy\/\",\"name\":\"Iris Bottoms Azzure - Solie - Official\",\"isPartOf\":{\"@id\":\"https:\/\/solie.eu\/pl\/#website\"},\"primaryImageOfPage\":{\"@id\":\"https:\/\/solie.eu\/pl\/produkt\/milos-top-copy-copy-copy\/#primaryimage\"},\"image\":{\"@id\":\"https:\/\/solie.eu\/pl\/produkt\/milos-top-copy-copy-copy\/#primaryimage\"},\"thumbnailUrl\":\"https:\/\/solie.eu\/wp-content\/uploads\/2024\/07\/240629_Solie_1785-round-5-scaled.jpg\",\"datePublished\":\"2024-07-24T13:43:13+00:00\",\"dateModified\":\"2026-02-18T12:08:45+00:00\",\"description\":\"Figi bikini Iris lam\u00e8. Minimalny zasi\u0119g. Wysoko wyci\u0119ta nogawka.\",\"breadcrumb\":{\"@id\":\"https:\/\/solie.eu\/pl\/produkt\/milos-top-copy-copy-copy\/#breadcrumb\"},\"inLanguage\":\"pl-PL\",\"potentialAction\":[{\"@type\":\"ReadAction\",\"target\":[\"https:\/\/solie.eu\/pl\/produkt\/milos-top-copy-copy-copy\/\"]}]},{\"@type\":\"ImageObject\",\"inLanguage\":\"pl-PL\",\"@id\":\"https:\/\/solie.eu\/pl\/produkt\/milos-top-copy-copy-copy\/#primaryimage\",\"url\":\"https:\/\/solie.eu\/wp-content\/uploads\/2024\/07\/240629_Solie_1785-round-5-scaled.jpg\",\"contentUrl\":\"https:\/\/solie.eu\/wp-content\/uploads\/2024\/07\/240629_Solie_1785-round-5-scaled.jpg\",\"width\":2048,\"height\":2560},{\"@type\":\"BreadcrumbList\",\"@id\":\"https:\/\/solie.eu\/pl\/produkt\/milos-top-copy-copy-copy\/#breadcrumb\",\"itemListElement\":[{\"@type\":\"ListItem\",\"position\":1,\"name\":\"Home\",\"item\":\"https:\/\/solie.eu\/pl\/\"},{\"@type\":\"ListItem\",\"position\":2,\"name\":\"Sklep\",\"item\":\"https:\/\/solie.eu\/pl\/sklep\/\"},{\"@type\":\"ListItem\",\"position\":3,\"name\":\"Iris Bottoms Azzure\"}]},{\"@type\":\"WebSite\",\"@id\":\"https:\/\/solie.eu\/pl\/#website\",\"url\":\"https:\/\/solie.eu\/pl\/\",\"name\":\"Solie - Official\",\"description\":\"\",\"publisher\":{\"@id\":\"https:\/\/solie.eu\/pl\/#organization\"},\"potentialAction\":[{\"@type\":\"SearchAction\",\"target\":{\"@type\":\"EntryPoint\",\"urlTemplate\":\"https:\/\/solie.eu\/pl\/?s={search_term_string}\"},\"query-input\":{\"@type\":\"PropertyValueSpecification\",\"valueRequired\":true,\"valueName\":\"search_term_string\"}}],\"inLanguage\":\"pl-PL\"},{\"@type\":\"Organization\",\"@id\":\"https:\/\/solie.eu\/pl\/#organization\",\"name\":\"Solie - Official\",\"url\":\"https:\/\/solie.eu\/pl\/\",\"logo\":{\"@type\":\"ImageObject\",\"inLanguage\":\"pl-PL\",\"@id\":\"https:\/\/solie.eu\/pl\/#\/schema\/logo\/image\/\",\"url\":\"https:\/\/solie.eu\/wp-content\/uploads\/2023\/10\/IMG_3484-scaled.jpg\",\"contentUrl\":\"https:\/\/solie.eu\/wp-content\/uploads\/2023\/10\/IMG_3484-scaled.jpg\",\"width\":2560,\"height\":1707,\"caption\":\"Solie - Official\"},\"image\":{\"@id\":\"https:\/\/solie.eu\/pl\/#\/schema\/logo\/image\/\"},\"sameAs\":[\"https:\/\/www.facebook.com\/people\/Solie\/100076118386037\/\",\"https:\/\/www.instagram.com\/solie_official\/\"]}]}<\/script>\n<!-- \/ Yoast SEO plugin. -->","yoast_head_json":{"title":"Iris Bottoms Azzure - Solie - Official","description":"Figi bikini Iris lam\u00e8. Minimalny zasi\u0119g. Wysoko wyci\u0119ta nogawka.","robots":{"index":"index","follow":"follow","max-snippet":"max-snippet:-1","max-image-preview":"max-image-preview:large","max-video-preview":"max-video-preview:-1"},"canonical":"https:\/\/solie.eu\/pl\/produkt\/milos-top-copy-copy-copy\/","og_locale":"pl_PL","og_type":"article","og_title":"Iris Bottoms Azzure - Solie - Official","og_description":"Figi bikini Iris lam\u00e8. Minimalny zasi\u0119g. Wysoko wyci\u0119ta nogawka.","og_url":"https:\/\/solie.eu\/pl\/produkt\/milos-top-copy-copy-copy\/","og_site_name":"Solie - Official","article_publisher":"https:\/\/www.facebook.com\/people\/Solie\/100076118386037\/","article_modified_time":"2026-02-18T12:08:45+00:00","og_image":[{"width":2048,"height":2560,"url":"https:\/\/solie.eu\/wp-content\/uploads\/2024\/07\/240629_Solie_1785-round-5-scaled.jpg","type":"image\/jpeg"}],"twitter_card":"summary_large_image","twitter_misc":{"Szacowany czas czytania":"1 minuta"},"schema":{"@context":"https:\/\/schema.org","@graph":[{"@type":"WebPage","@id":"https:\/\/solie.eu\/pl\/produkt\/milos-top-copy-copy-copy\/","url":"https:\/\/solie.eu\/pl\/produkt\/milos-top-copy-copy-copy\/","name":"Iris Bottoms Azzure - Solie - Official","isPartOf":{"@id":"https:\/\/solie.eu\/pl\/#website"},"primaryImageOfPage":{"@id":"https:\/\/solie.eu\/pl\/produkt\/milos-top-copy-copy-copy\/#primaryimage"},"image":{"@id":"https:\/\/solie.eu\/pl\/produkt\/milos-top-copy-copy-copy\/#primaryimage"},"thumbnailUrl":"https:\/\/solie.eu\/wp-content\/uploads\/2024\/07\/240629_Solie_1785-round-5-scaled.jpg","datePublished":"2024-07-24T13:43:13+00:00","dateModified":"2026-02-18T12:08:45+00:00","description":"Figi bikini Iris lam\u00e8. Minimalny zasi\u0119g. Wysoko wyci\u0119ta nogawka.","breadcrumb":{"@id":"https:\/\/solie.eu\/pl\/produkt\/milos-top-copy-copy-copy\/#breadcrumb"},"inLanguage":"pl-PL","potentialAction":[{"@type":"ReadAction","target":["https:\/\/solie.eu\/pl\/produkt\/milos-top-copy-copy-copy\/"]}]},{"@type":"ImageObject","inLanguage":"pl-PL","@id":"https:\/\/solie.eu\/pl\/produkt\/milos-top-copy-copy-copy\/#primaryimage","url":"https:\/\/solie.eu\/wp-content\/uploads\/2024\/07\/240629_Solie_1785-round-5-scaled.jpg","contentUrl":"https:\/\/solie.eu\/wp-content\/uploads\/2024\/07\/240629_Solie_1785-round-5-scaled.jpg","width":2048,"height":2560},{"@type":"BreadcrumbList","@id":"https:\/\/solie.eu\/pl\/produkt\/milos-top-copy-copy-copy\/#breadcrumb","itemListElement":[{"@type":"ListItem","position":1,"name":"Home","item":"https:\/\/solie.eu\/pl\/"},{"@type":"ListItem","position":2,"name":"Sklep","item":"https:\/\/solie.eu\/pl\/sklep\/"},{"@type":"ListItem","position":3,"name":"Iris Bottoms Azzure"}]},{"@type":"WebSite","@id":"https:\/\/solie.eu\/pl\/#website","url":"https:\/\/solie.eu\/pl\/","name":"Solie - Official","description":"","publisher":{"@id":"https:\/\/solie.eu\/pl\/#organization"},"potentialAction":[{"@type":"SearchAction","target":{"@type":"EntryPoint","urlTemplate":"https:\/\/solie.eu\/pl\/?s={search_term_string}"},"query-input":{"@type":"PropertyValueSpecification","valueRequired":true,"valueName":"search_term_string"}}],"inLanguage":"pl-PL"},{"@type":"Organization","@id":"https:\/\/solie.eu\/pl\/#organization","name":"Solie - Official","url":"https:\/\/solie.eu\/pl\/","logo":{"@type":"ImageObject","inLanguage":"pl-PL","@id":"https:\/\/solie.eu\/pl\/#\/schema\/logo\/image\/","url":"https:\/\/solie.eu\/wp-content\/uploads\/2023\/10\/IMG_3484-scaled.jpg","contentUrl":"https:\/\/solie.eu\/wp-content\/uploads\/2023\/10\/IMG_3484-scaled.jpg","width":2560,"height":1707,"caption":"Solie - Official"},"image":{"@id":"https:\/\/solie.eu\/pl\/#\/schema\/logo\/image\/"},"sameAs":["https:\/\/www.facebook.com\/people\/Solie\/100076118386037\/","https:\/\/www.instagram.com\/solie_official\/"]}]}},"_links":{"self":[{"href":"https:\/\/solie.eu\/pl\/wp-json\/wp\/v2\/product\/2029","targetHints":{"allow":["GET"]}}],"collection":[{"href":"https:\/\/solie.eu\/pl\/wp-json\/wp\/v2\/product"}],"about":[{"href":"https:\/\/solie.eu\/pl\/wp-json\/wp\/v2\/types\/product"}],"wp:featuredmedia":[{"embeddable":true,"href":"https:\/\/solie.eu\/pl\/wp-json\/wp\/v2\/media\/1981"}],"wp:attachment":[{"href":"https:\/\/solie.eu\/pl\/wp-json\/wp\/v2\/media?parent=2029"}],"wp:term":[{"taxonomy":"product_cat","embeddable":true,"href":"https:\/\/solie.eu\/pl\/wp-json\/wp\/v2\/product_cat?post=2029"},{"taxonomy":"product_tag","embeddable":true,"href":"https:\/\/solie.eu\/pl\/wp-json\/wp\/v2\/product_tag?post=2029"}],"curies":[{"name":"wp","href":"https:\/\/api.w.org\/{rel}","templated":true}]}}