{"id":6778,"date":"2025-03-13T09:36:28","date_gmt":"2025-03-13T09:36:28","guid":{"rendered":"https:\/\/solie.eu\/?post_type=product&#038;p=6778"},"modified":"2025-03-13T12:50:56","modified_gmt":"2025-03-13T12:50:56","slug":"bransoletka-na-kostke-z-perel","status":"publish","type":"product","link":"https:\/\/solie.eu\/pl\/produkt\/bransoletka-na-kostke-z-perel\/","title":{"rendered":"Bransoletka na kostk\u0119 z pere\u0142"},"content":{"rendered":"<p>Per\u0142a hodowlana (s\u0142odkowodna) w kszta\u0142cie oponki g\u0142adkiej.<\/p>\n<p>Kolor per\u0142owy<\/p>\n<p>Rozmiar 4,5-5 mm<\/p>\n<p>Akcesoria &#8211; mosi\u0105dz platerowany (poz\u0142acany) 14,16-karatowym z\u0142otem.<\/p>\n<div id=\"gtx-trans\" style=\"position: absolute; left: 20px; top: 29.5px;\">\n<div class=\"gtx-trans-icon\"><\/div>\n<\/div>\n","protected":false},"excerpt":{"rendered":"<p>R\u0119cznie wykonana bransoletka na kostk\u0119 z pere\u0142 od Soli\u00e8 \u2013 delikatna, elegancka i idealna do szykownej letniej stylizacji.<\/p>\n<p><span class=\"HwtZe\" lang=\"pl\"><span class=\"jCAhz ChMk0b\"><span class=\"ryNqvb\">Jeden rozmiar &#8211; d\u0142ugo\u015b\u0107 20 cm<\/span><\/span><\/span><\/p>\n<p>Mo\u017cliwo\u015b\u0107 regulacji obwodu \u0142a\u0144cuszkiem +\/- 4 cm<\/p>\n","protected":false},"featured_media":6868,"template":"","meta":{"_acf_changed":false},"product_cat":[88],"product_tag":[],"class_list":{"0":"post-6778","1":"product","2":"type-product","3":"status-publish","4":"has-post-thumbnail","6":"product_cat-akcesoria-pl","7":"pa_size-jeden-rozmiar","9":"first","10":"instock","11":"featured","12":"sold-individually","13":"taxable","14":"shipping-taxable","15":"purchasable","16":"product-type-variable"},"acf":[],"yoast_head":"<!-- This site is optimized with the Yoast SEO plugin v23.5 - https:\/\/yoast.com\/wordpress\/plugins\/seo\/ -->\n<title>Bransoletka na kostk\u0119 z pere\u0142 - Solie - Official<\/title>\n<meta name=\"description\" content=\"Lekkie i przewiewne pareo. Metaliczny materia\u0142. Jeden rozmiar\" \/>\n<meta name=\"robots\" content=\"index, follow, max-snippet:-1, max-image-preview:large, max-video-preview:-1\" \/>\n<link rel=\"canonical\" href=\"https:\/\/solie.eu\/pl\/produkt\/bransoletka-na-kostke-z-perel\/\" \/>\n<meta property=\"og:locale\" content=\"pl_PL\" \/>\n<meta property=\"og:type\" content=\"article\" \/>\n<meta property=\"og:title\" content=\"Bransoletka na kostk\u0119 z pere\u0142 - Solie - Official\" \/>\n<meta property=\"og:description\" content=\"Lekkie i przewiewne pareo. Metaliczny materia\u0142. Jeden rozmiar\" \/>\n<meta property=\"og:url\" content=\"https:\/\/solie.eu\/pl\/produkt\/bransoletka-na-kostke-z-perel\/\" \/>\n<meta property=\"og:site_name\" content=\"Solie - Official\" \/>\n<meta property=\"article:publisher\" content=\"https:\/\/www.facebook.com\/people\/Solie\/100076118386037\/\" \/>\n<meta property=\"article:modified_time\" content=\"2025-03-13T12:50:56+00:00\" \/>\n<meta property=\"og:image\" content=\"https:\/\/solie.eu\/wp-content\/uploads\/2025\/03\/image000011-scaled.jpeg\" \/>\n\t<meta property=\"og:image:width\" content=\"1707\" \/>\n\t<meta property=\"og:image:height\" content=\"2560\" \/>\n\t<meta property=\"og:image:type\" content=\"image\/jpeg\" \/>\n<meta name=\"twitter:card\" content=\"summary_large_image\" \/>\n<meta name=\"twitter:label1\" content=\"Szacowany czas czytania\" \/>\n\t<meta name=\"twitter:data1\" content=\"1 minuta\" \/>\n<script type=\"application\/ld+json\" class=\"yoast-schema-graph\">{\"@context\":\"https:\/\/schema.org\",\"@graph\":[{\"@type\":\"WebPage\",\"@id\":\"https:\/\/solie.eu\/pl\/produkt\/bransoletka-na-kostke-z-perel\/\",\"url\":\"https:\/\/solie.eu\/pl\/produkt\/bransoletka-na-kostke-z-perel\/\",\"name\":\"Bransoletka na kostk\u0119 z pere\u0142 - Solie - Official\",\"isPartOf\":{\"@id\":\"https:\/\/solie.eu\/pl\/#website\"},\"primaryImageOfPage\":{\"@id\":\"https:\/\/solie.eu\/pl\/produkt\/bransoletka-na-kostke-z-perel\/#primaryimage\"},\"image\":{\"@id\":\"https:\/\/solie.eu\/pl\/produkt\/bransoletka-na-kostke-z-perel\/#primaryimage\"},\"thumbnailUrl\":\"https:\/\/solie.eu\/wp-content\/uploads\/2025\/03\/image000011-scaled.jpeg\",\"datePublished\":\"2025-03-13T09:36:28+00:00\",\"dateModified\":\"2025-03-13T12:50:56+00:00\",\"description\":\"Lekkie i przewiewne pareo. Metaliczny materia\u0142. Jeden rozmiar\",\"breadcrumb\":{\"@id\":\"https:\/\/solie.eu\/pl\/produkt\/bransoletka-na-kostke-z-perel\/#breadcrumb\"},\"inLanguage\":\"pl-PL\",\"potentialAction\":[{\"@type\":\"ReadAction\",\"target\":[\"https:\/\/solie.eu\/pl\/produkt\/bransoletka-na-kostke-z-perel\/\"]}]},{\"@type\":\"ImageObject\",\"inLanguage\":\"pl-PL\",\"@id\":\"https:\/\/solie.eu\/pl\/produkt\/bransoletka-na-kostke-z-perel\/#primaryimage\",\"url\":\"https:\/\/solie.eu\/wp-content\/uploads\/2025\/03\/image000011-scaled.jpeg\",\"contentUrl\":\"https:\/\/solie.eu\/wp-content\/uploads\/2025\/03\/image000011-scaled.jpeg\",\"width\":1707,\"height\":2560},{\"@type\":\"BreadcrumbList\",\"@id\":\"https:\/\/solie.eu\/pl\/produkt\/bransoletka-na-kostke-z-perel\/#breadcrumb\",\"itemListElement\":[{\"@type\":\"ListItem\",\"position\":1,\"name\":\"Home\",\"item\":\"https:\/\/solie.eu\/pl\/\"},{\"@type\":\"ListItem\",\"position\":2,\"name\":\"Sklep\",\"item\":\"https:\/\/solie.eu\/pl\/sklep\/\"},{\"@type\":\"ListItem\",\"position\":3,\"name\":\"Bransoletka na kostk\u0119 z pere\u0142\"}]},{\"@type\":\"WebSite\",\"@id\":\"https:\/\/solie.eu\/pl\/#website\",\"url\":\"https:\/\/solie.eu\/pl\/\",\"name\":\"Solie - Official\",\"description\":\"\",\"publisher\":{\"@id\":\"https:\/\/solie.eu\/pl\/#organization\"},\"potentialAction\":[{\"@type\":\"SearchAction\",\"target\":{\"@type\":\"EntryPoint\",\"urlTemplate\":\"https:\/\/solie.eu\/pl\/?s={search_term_string}\"},\"query-input\":{\"@type\":\"PropertyValueSpecification\",\"valueRequired\":true,\"valueName\":\"search_term_string\"}}],\"inLanguage\":\"pl-PL\"},{\"@type\":\"Organization\",\"@id\":\"https:\/\/solie.eu\/pl\/#organization\",\"name\":\"Solie - Official\",\"url\":\"https:\/\/solie.eu\/pl\/\",\"logo\":{\"@type\":\"ImageObject\",\"inLanguage\":\"pl-PL\",\"@id\":\"https:\/\/solie.eu\/pl\/#\/schema\/logo\/image\/\",\"url\":\"https:\/\/solie.eu\/wp-content\/uploads\/2023\/10\/IMG_3484-scaled.jpg\",\"contentUrl\":\"https:\/\/solie.eu\/wp-content\/uploads\/2023\/10\/IMG_3484-scaled.jpg\",\"width\":2560,\"height\":1707,\"caption\":\"Solie - Official\"},\"image\":{\"@id\":\"https:\/\/solie.eu\/pl\/#\/schema\/logo\/image\/\"},\"sameAs\":[\"https:\/\/www.facebook.com\/people\/Solie\/100076118386037\/\",\"https:\/\/www.instagram.com\/solie_official\/\"]}]}<\/script>\n<!-- \/ Yoast SEO plugin. -->","yoast_head_json":{"title":"Bransoletka na kostk\u0119 z pere\u0142 - Solie - Official","description":"Lekkie i przewiewne pareo. Metaliczny materia\u0142. Jeden rozmiar","robots":{"index":"index","follow":"follow","max-snippet":"max-snippet:-1","max-image-preview":"max-image-preview:large","max-video-preview":"max-video-preview:-1"},"canonical":"https:\/\/solie.eu\/pl\/produkt\/bransoletka-na-kostke-z-perel\/","og_locale":"pl_PL","og_type":"article","og_title":"Bransoletka na kostk\u0119 z pere\u0142 - Solie - Official","og_description":"Lekkie i przewiewne pareo. Metaliczny materia\u0142. Jeden rozmiar","og_url":"https:\/\/solie.eu\/pl\/produkt\/bransoletka-na-kostke-z-perel\/","og_site_name":"Solie - Official","article_publisher":"https:\/\/www.facebook.com\/people\/Solie\/100076118386037\/","article_modified_time":"2025-03-13T12:50:56+00:00","og_image":[{"width":1707,"height":2560,"url":"https:\/\/solie.eu\/wp-content\/uploads\/2025\/03\/image000011-scaled.jpeg","type":"image\/jpeg"}],"twitter_card":"summary_large_image","twitter_misc":{"Szacowany czas czytania":"1 minuta"},"schema":{"@context":"https:\/\/schema.org","@graph":[{"@type":"WebPage","@id":"https:\/\/solie.eu\/pl\/produkt\/bransoletka-na-kostke-z-perel\/","url":"https:\/\/solie.eu\/pl\/produkt\/bransoletka-na-kostke-z-perel\/","name":"Bransoletka na kostk\u0119 z pere\u0142 - Solie - Official","isPartOf":{"@id":"https:\/\/solie.eu\/pl\/#website"},"primaryImageOfPage":{"@id":"https:\/\/solie.eu\/pl\/produkt\/bransoletka-na-kostke-z-perel\/#primaryimage"},"image":{"@id":"https:\/\/solie.eu\/pl\/produkt\/bransoletka-na-kostke-z-perel\/#primaryimage"},"thumbnailUrl":"https:\/\/solie.eu\/wp-content\/uploads\/2025\/03\/image000011-scaled.jpeg","datePublished":"2025-03-13T09:36:28+00:00","dateModified":"2025-03-13T12:50:56+00:00","description":"Lekkie i przewiewne pareo. Metaliczny materia\u0142. Jeden rozmiar","breadcrumb":{"@id":"https:\/\/solie.eu\/pl\/produkt\/bransoletka-na-kostke-z-perel\/#breadcrumb"},"inLanguage":"pl-PL","potentialAction":[{"@type":"ReadAction","target":["https:\/\/solie.eu\/pl\/produkt\/bransoletka-na-kostke-z-perel\/"]}]},{"@type":"ImageObject","inLanguage":"pl-PL","@id":"https:\/\/solie.eu\/pl\/produkt\/bransoletka-na-kostke-z-perel\/#primaryimage","url":"https:\/\/solie.eu\/wp-content\/uploads\/2025\/03\/image000011-scaled.jpeg","contentUrl":"https:\/\/solie.eu\/wp-content\/uploads\/2025\/03\/image000011-scaled.jpeg","width":1707,"height":2560},{"@type":"BreadcrumbList","@id":"https:\/\/solie.eu\/pl\/produkt\/bransoletka-na-kostke-z-perel\/#breadcrumb","itemListElement":[{"@type":"ListItem","position":1,"name":"Home","item":"https:\/\/solie.eu\/pl\/"},{"@type":"ListItem","position":2,"name":"Sklep","item":"https:\/\/solie.eu\/pl\/sklep\/"},{"@type":"ListItem","position":3,"name":"Bransoletka na kostk\u0119 z pere\u0142"}]},{"@type":"WebSite","@id":"https:\/\/solie.eu\/pl\/#website","url":"https:\/\/solie.eu\/pl\/","name":"Solie - Official","description":"","publisher":{"@id":"https:\/\/solie.eu\/pl\/#organization"},"potentialAction":[{"@type":"SearchAction","target":{"@type":"EntryPoint","urlTemplate":"https:\/\/solie.eu\/pl\/?s={search_term_string}"},"query-input":{"@type":"PropertyValueSpecification","valueRequired":true,"valueName":"search_term_string"}}],"inLanguage":"pl-PL"},{"@type":"Organization","@id":"https:\/\/solie.eu\/pl\/#organization","name":"Solie - Official","url":"https:\/\/solie.eu\/pl\/","logo":{"@type":"ImageObject","inLanguage":"pl-PL","@id":"https:\/\/solie.eu\/pl\/#\/schema\/logo\/image\/","url":"https:\/\/solie.eu\/wp-content\/uploads\/2023\/10\/IMG_3484-scaled.jpg","contentUrl":"https:\/\/solie.eu\/wp-content\/uploads\/2023\/10\/IMG_3484-scaled.jpg","width":2560,"height":1707,"caption":"Solie - Official"},"image":{"@id":"https:\/\/solie.eu\/pl\/#\/schema\/logo\/image\/"},"sameAs":["https:\/\/www.facebook.com\/people\/Solie\/100076118386037\/","https:\/\/www.instagram.com\/solie_official\/"]}]}},"_links":{"self":[{"href":"https:\/\/solie.eu\/pl\/wp-json\/wp\/v2\/product\/6778","targetHints":{"allow":["GET"]}}],"collection":[{"href":"https:\/\/solie.eu\/pl\/wp-json\/wp\/v2\/product"}],"about":[{"href":"https:\/\/solie.eu\/pl\/wp-json\/wp\/v2\/types\/product"}],"wp:featuredmedia":[{"embeddable":true,"href":"https:\/\/solie.eu\/pl\/wp-json\/wp\/v2\/media\/6868"}],"wp:attachment":[{"href":"https:\/\/solie.eu\/pl\/wp-json\/wp\/v2\/media?parent=6778"}],"wp:term":[{"taxonomy":"product_cat","embeddable":true,"href":"https:\/\/solie.eu\/pl\/wp-json\/wp\/v2\/product_cat?post=6778"},{"taxonomy":"product_tag","embeddable":true,"href":"https:\/\/solie.eu\/pl\/wp-json\/wp\/v2\/product_tag?post=6778"}],"curies":[{"name":"wp","href":"https:\/\/api.w.org\/{rel}","templated":true}]}}