{"id":6802,"date":"2025-03-13T10:39:44","date_gmt":"2025-03-13T10:39:44","guid":{"rendered":"https:\/\/solie.eu\/?post_type=product&#038;p=6802"},"modified":"2025-03-13T12:51:15","modified_gmt":"2025-03-13T12:51:15","slug":"kapelusz-z-rafii","status":"publish","type":"product","link":"https:\/\/solie.eu\/pl\/produkt\/kapelusz-z-rafii\/","title":{"rendered":"Kapelusz z rafii"},"content":{"rendered":"<p>&#8211; 100% Rafia<\/p>\n","protected":false},"excerpt":{"rendered":"<p>R\u0119cznie pleciony czarny kapelusz z rafii od Soli\u00e8, ozdobiony delikatnym sznurkiem drobnych pere\u0142. Stylowy, lekki i doskona\u0142y na letnie dni.<\/p>\n<p>Rozmiar XS\/S:\u00a0 55-56 cm<\/p>\n<p>Rozmiar M\/L:\u00a0 57-58 cm<\/p>\n<p>&nbsp;<\/p>\n","protected":false},"featured_media":6808,"template":"","meta":{"_acf_changed":false},"product_cat":[88],"product_tag":[],"class_list":{"0":"post-6802","1":"product","2":"type-product","3":"status-publish","4":"has-post-thumbnail","6":"product_cat-akcesoria-pl","7":"pa_size-xs-s-pl","8":"pa_size-m-l-pl","10":"first","11":"instock","12":"featured","13":"taxable","14":"shipping-taxable","15":"purchasable","16":"product-type-variable","17":"has-default-attributes"},"acf":[],"yoast_head":"<!-- This site is optimized with the Yoast SEO plugin v23.5 - https:\/\/yoast.com\/wordpress\/plugins\/seo\/ -->\n<title>Kapelusz z rafii - Solie - Official<\/title>\n<meta name=\"robots\" content=\"index, follow, max-snippet:-1, max-image-preview:large, max-video-preview:-1\" \/>\n<link rel=\"canonical\" href=\"https:\/\/solie.eu\/pl\/produkt\/kapelusz-z-rafii\/\" \/>\n<meta property=\"og:locale\" content=\"pl_PL\" \/>\n<meta property=\"og:type\" content=\"article\" \/>\n<meta property=\"og:title\" content=\"Kapelusz z rafii - Solie - Official\" \/>\n<meta property=\"og:description\" content=\"R\u0119cznie pleciony czarny kapelusz z rafii od Soli\u00e8, ozdobiony delikatnym sznurkiem drobnych pere\u0142. Stylowy, lekki i doskona\u0142y na letnie dni.  Rozmiar XS\/S:\u00a0 55-56 cm  Rozmiar M\/L:\u00a0 57-58 cm  &nbsp;\" \/>\n<meta property=\"og:url\" content=\"https:\/\/solie.eu\/pl\/produkt\/kapelusz-z-rafii\/\" \/>\n<meta property=\"og:site_name\" content=\"Solie - Official\" \/>\n<meta property=\"article:publisher\" content=\"https:\/\/www.facebook.com\/people\/Solie\/100076118386037\/\" \/>\n<meta property=\"article:modified_time\" content=\"2025-03-13T12:51:15+00:00\" \/>\n<meta property=\"og:image\" content=\"https:\/\/solie.eu\/wp-content\/uploads\/2025\/03\/Solie-0612-scaled.jpg\" \/>\n\t<meta property=\"og:image:width\" content=\"1707\" \/>\n\t<meta property=\"og:image:height\" content=\"2560\" \/>\n\t<meta property=\"og:image:type\" content=\"image\/jpeg\" \/>\n<meta name=\"twitter:card\" content=\"summary_large_image\" \/>\n<meta name=\"twitter:label1\" content=\"Szacowany czas czytania\" \/>\n\t<meta name=\"twitter:data1\" content=\"1 minuta\" \/>\n<script type=\"application\/ld+json\" class=\"yoast-schema-graph\">{\"@context\":\"https:\/\/schema.org\",\"@graph\":[{\"@type\":\"WebPage\",\"@id\":\"https:\/\/solie.eu\/pl\/produkt\/kapelusz-z-rafii\/\",\"url\":\"https:\/\/solie.eu\/pl\/produkt\/kapelusz-z-rafii\/\",\"name\":\"Kapelusz z rafii - Solie - Official\",\"isPartOf\":{\"@id\":\"https:\/\/solie.eu\/pl\/#website\"},\"primaryImageOfPage\":{\"@id\":\"https:\/\/solie.eu\/pl\/produkt\/kapelusz-z-rafii\/#primaryimage\"},\"image\":{\"@id\":\"https:\/\/solie.eu\/pl\/produkt\/kapelusz-z-rafii\/#primaryimage\"},\"thumbnailUrl\":\"https:\/\/solie.eu\/wp-content\/uploads\/2025\/03\/Solie-0612-scaled.jpg\",\"datePublished\":\"2025-03-13T10:39:44+00:00\",\"dateModified\":\"2025-03-13T12:51:15+00:00\",\"breadcrumb\":{\"@id\":\"https:\/\/solie.eu\/pl\/produkt\/kapelusz-z-rafii\/#breadcrumb\"},\"inLanguage\":\"pl-PL\",\"potentialAction\":[{\"@type\":\"ReadAction\",\"target\":[\"https:\/\/solie.eu\/pl\/produkt\/kapelusz-z-rafii\/\"]}]},{\"@type\":\"ImageObject\",\"inLanguage\":\"pl-PL\",\"@id\":\"https:\/\/solie.eu\/pl\/produkt\/kapelusz-z-rafii\/#primaryimage\",\"url\":\"https:\/\/solie.eu\/wp-content\/uploads\/2025\/03\/Solie-0612-scaled.jpg\",\"contentUrl\":\"https:\/\/solie.eu\/wp-content\/uploads\/2025\/03\/Solie-0612-scaled.jpg\",\"width\":1707,\"height\":2560},{\"@type\":\"BreadcrumbList\",\"@id\":\"https:\/\/solie.eu\/pl\/produkt\/kapelusz-z-rafii\/#breadcrumb\",\"itemListElement\":[{\"@type\":\"ListItem\",\"position\":1,\"name\":\"Home\",\"item\":\"https:\/\/solie.eu\/pl\/\"},{\"@type\":\"ListItem\",\"position\":2,\"name\":\"Sklep\",\"item\":\"https:\/\/solie.eu\/pl\/sklep\/\"},{\"@type\":\"ListItem\",\"position\":3,\"name\":\"Kapelusz z rafii\"}]},{\"@type\":\"WebSite\",\"@id\":\"https:\/\/solie.eu\/pl\/#website\",\"url\":\"https:\/\/solie.eu\/pl\/\",\"name\":\"Solie - Official\",\"description\":\"\",\"publisher\":{\"@id\":\"https:\/\/solie.eu\/pl\/#organization\"},\"potentialAction\":[{\"@type\":\"SearchAction\",\"target\":{\"@type\":\"EntryPoint\",\"urlTemplate\":\"https:\/\/solie.eu\/pl\/?s={search_term_string}\"},\"query-input\":{\"@type\":\"PropertyValueSpecification\",\"valueRequired\":true,\"valueName\":\"search_term_string\"}}],\"inLanguage\":\"pl-PL\"},{\"@type\":\"Organization\",\"@id\":\"https:\/\/solie.eu\/pl\/#organization\",\"name\":\"Solie - Official\",\"url\":\"https:\/\/solie.eu\/pl\/\",\"logo\":{\"@type\":\"ImageObject\",\"inLanguage\":\"pl-PL\",\"@id\":\"https:\/\/solie.eu\/pl\/#\/schema\/logo\/image\/\",\"url\":\"https:\/\/solie.eu\/wp-content\/uploads\/2023\/10\/IMG_3484-scaled.jpg\",\"contentUrl\":\"https:\/\/solie.eu\/wp-content\/uploads\/2023\/10\/IMG_3484-scaled.jpg\",\"width\":2560,\"height\":1707,\"caption\":\"Solie - Official\"},\"image\":{\"@id\":\"https:\/\/solie.eu\/pl\/#\/schema\/logo\/image\/\"},\"sameAs\":[\"https:\/\/www.facebook.com\/people\/Solie\/100076118386037\/\",\"https:\/\/www.instagram.com\/solie_official\/\"]}]}<\/script>\n<!-- \/ Yoast SEO plugin. -->","yoast_head_json":{"title":"Kapelusz z rafii - Solie - Official","robots":{"index":"index","follow":"follow","max-snippet":"max-snippet:-1","max-image-preview":"max-image-preview:large","max-video-preview":"max-video-preview:-1"},"canonical":"https:\/\/solie.eu\/pl\/produkt\/kapelusz-z-rafii\/","og_locale":"pl_PL","og_type":"article","og_title":"Kapelusz z rafii - Solie - Official","og_description":"R\u0119cznie pleciony czarny kapelusz z rafii od Soli\u00e8, ozdobiony delikatnym sznurkiem drobnych pere\u0142. Stylowy, lekki i doskona\u0142y na letnie dni.  Rozmiar XS\/S:\u00a0 55-56 cm  Rozmiar M\/L:\u00a0 57-58 cm  &nbsp;","og_url":"https:\/\/solie.eu\/pl\/produkt\/kapelusz-z-rafii\/","og_site_name":"Solie - Official","article_publisher":"https:\/\/www.facebook.com\/people\/Solie\/100076118386037\/","article_modified_time":"2025-03-13T12:51:15+00:00","og_image":[{"width":1707,"height":2560,"url":"https:\/\/solie.eu\/wp-content\/uploads\/2025\/03\/Solie-0612-scaled.jpg","type":"image\/jpeg"}],"twitter_card":"summary_large_image","twitter_misc":{"Szacowany czas czytania":"1 minuta"},"schema":{"@context":"https:\/\/schema.org","@graph":[{"@type":"WebPage","@id":"https:\/\/solie.eu\/pl\/produkt\/kapelusz-z-rafii\/","url":"https:\/\/solie.eu\/pl\/produkt\/kapelusz-z-rafii\/","name":"Kapelusz z rafii - Solie - Official","isPartOf":{"@id":"https:\/\/solie.eu\/pl\/#website"},"primaryImageOfPage":{"@id":"https:\/\/solie.eu\/pl\/produkt\/kapelusz-z-rafii\/#primaryimage"},"image":{"@id":"https:\/\/solie.eu\/pl\/produkt\/kapelusz-z-rafii\/#primaryimage"},"thumbnailUrl":"https:\/\/solie.eu\/wp-content\/uploads\/2025\/03\/Solie-0612-scaled.jpg","datePublished":"2025-03-13T10:39:44+00:00","dateModified":"2025-03-13T12:51:15+00:00","breadcrumb":{"@id":"https:\/\/solie.eu\/pl\/produkt\/kapelusz-z-rafii\/#breadcrumb"},"inLanguage":"pl-PL","potentialAction":[{"@type":"ReadAction","target":["https:\/\/solie.eu\/pl\/produkt\/kapelusz-z-rafii\/"]}]},{"@type":"ImageObject","inLanguage":"pl-PL","@id":"https:\/\/solie.eu\/pl\/produkt\/kapelusz-z-rafii\/#primaryimage","url":"https:\/\/solie.eu\/wp-content\/uploads\/2025\/03\/Solie-0612-scaled.jpg","contentUrl":"https:\/\/solie.eu\/wp-content\/uploads\/2025\/03\/Solie-0612-scaled.jpg","width":1707,"height":2560},{"@type":"BreadcrumbList","@id":"https:\/\/solie.eu\/pl\/produkt\/kapelusz-z-rafii\/#breadcrumb","itemListElement":[{"@type":"ListItem","position":1,"name":"Home","item":"https:\/\/solie.eu\/pl\/"},{"@type":"ListItem","position":2,"name":"Sklep","item":"https:\/\/solie.eu\/pl\/sklep\/"},{"@type":"ListItem","position":3,"name":"Kapelusz z rafii"}]},{"@type":"WebSite","@id":"https:\/\/solie.eu\/pl\/#website","url":"https:\/\/solie.eu\/pl\/","name":"Solie - Official","description":"","publisher":{"@id":"https:\/\/solie.eu\/pl\/#organization"},"potentialAction":[{"@type":"SearchAction","target":{"@type":"EntryPoint","urlTemplate":"https:\/\/solie.eu\/pl\/?s={search_term_string}"},"query-input":{"@type":"PropertyValueSpecification","valueRequired":true,"valueName":"search_term_string"}}],"inLanguage":"pl-PL"},{"@type":"Organization","@id":"https:\/\/solie.eu\/pl\/#organization","name":"Solie - Official","url":"https:\/\/solie.eu\/pl\/","logo":{"@type":"ImageObject","inLanguage":"pl-PL","@id":"https:\/\/solie.eu\/pl\/#\/schema\/logo\/image\/","url":"https:\/\/solie.eu\/wp-content\/uploads\/2023\/10\/IMG_3484-scaled.jpg","contentUrl":"https:\/\/solie.eu\/wp-content\/uploads\/2023\/10\/IMG_3484-scaled.jpg","width":2560,"height":1707,"caption":"Solie - Official"},"image":{"@id":"https:\/\/solie.eu\/pl\/#\/schema\/logo\/image\/"},"sameAs":["https:\/\/www.facebook.com\/people\/Solie\/100076118386037\/","https:\/\/www.instagram.com\/solie_official\/"]}]}},"_links":{"self":[{"href":"https:\/\/solie.eu\/pl\/wp-json\/wp\/v2\/product\/6802","targetHints":{"allow":["GET"]}}],"collection":[{"href":"https:\/\/solie.eu\/pl\/wp-json\/wp\/v2\/product"}],"about":[{"href":"https:\/\/solie.eu\/pl\/wp-json\/wp\/v2\/types\/product"}],"wp:featuredmedia":[{"embeddable":true,"href":"https:\/\/solie.eu\/pl\/wp-json\/wp\/v2\/media\/6808"}],"wp:attachment":[{"href":"https:\/\/solie.eu\/pl\/wp-json\/wp\/v2\/media?parent=6802"}],"wp:term":[{"taxonomy":"product_cat","embeddable":true,"href":"https:\/\/solie.eu\/pl\/wp-json\/wp\/v2\/product_cat?post=6802"},{"taxonomy":"product_tag","embeddable":true,"href":"https:\/\/solie.eu\/pl\/wp-json\/wp\/v2\/product_tag?post=6802"}],"curies":[{"name":"wp","href":"https:\/\/api.w.org\/{rel}","templated":true}]}}